{"id":269,"date":"2013-03-11T10:33:35","date_gmt":"2013-03-11T10:33:35","guid":{"rendered":"http:\/\/servicios.unileon.es\/escuela-de-formacion\/?page_id=269"},"modified":"2015-02-27T07:13:00","modified_gmt":"2015-02-27T07:13:00","slug":"proyectos-paid-2013","status":"publish","type":"page","link":"https:\/\/servicios.unileon.es\/formacion-pdi\/proyectos-paid-2013\/","title":{"rendered":"Proyectos PAID 2014. Presentaciones."},"content":{"rendered":"<p><a href=\"http:\/\/servicios.unileon.es\/formacion-pdi\/files\/2013\/03\/PAIDS-2014.pdf\">PAIDS -2014<\/a><\/p>\n<p style=\"text-align: center;\"><strong>Presentaci\u00f3n de los proyectos PAID 2014 en la II Jornada de Innovaci\u00f3n en Docencia Universitaria.<\/strong><\/p>\n<p><span style=\"text-decoration: underline;\"><strong><em>19 de Febrero de 2015<\/em><\/strong><\/span><\/p>\n<ul style=\"list-style-type: square;\">\n<li style=\"text-align: justify;\"><strong>Atenci\u00f3n a la diversidad en la Universidad: estrategias de identificaci\u00f3n, apoyo y seguimiento de colectivos con necesidades especiales, en particular, alumnos con discapacidad<\/strong>. Coordinadora: Esther Seijas Villadangos.<\/li>\n<\/ul>\n<p style=\"text-align: right;\"><a href=\"http:\/\/servicios.unileon.es\/formacion-pdi\/files\/2013\/03\/ATENCI\u00d3N-A-LA-DIVERSIDAD-EN-LA-UNIVERSIDAD.pdf\">ATENCI\u00d3N A LA DIVERSIDAD EN LA UNIVERSIDAD<\/a><\/p>\n<ul style=\"list-style-type: square;\">\n<li style=\"text-align: justify;\"><strong>Aprendizaje colaborativo en red basado en problemas para el desarrollo de competencias empresariales y transversales.<\/strong> Coordinador: Jos\u00e9 Luis V\u00e1zquez Burguete.<\/li>\n<\/ul>\n<p style=\"text-align: right;\">\u00a0<a href=\"http:\/\/servicios.unileon.es\/formacion-pdi\/files\/2013\/03\/APRENDIZAJE-COLABORATIVO-EN-RED-BASADO-EN-PROBLEMAS.pdf\">APRENDIZAJE COLABORATIVO EN RED BASADO EN PROBLEMAS<\/a><\/p>\n<ul style=\"list-style-type: square;\">\n<li style=\"text-align: justify;\"><strong>Curso en l\u00ednea de ortograf\u00eda.<\/strong> Coordinadora: Milka Villayandre Llamazares.<\/li>\n<\/ul>\n<p style=\"text-align: right;\"><a href=\"http:\/\/servicios.unileon.es\/formacion-pdi\/files\/2013\/03\/CURSO-EN-L\u00cdNEA-DE-ORTOGRAF\u00cdA.pdf\">CURSO EN L\u00cdNEA DE ORTOGRAF\u00cdA<\/a><\/p>\n<ul style=\"list-style-type: square;\">\n<li style=\"text-align: justify;\"><strong>La evaluaci\u00f3n formativa como un procedimiento de tutorizaci\u00f3n y seguimiento del proceso de aprendizaje del alumnado de Pr\u00e1cticum (II): la evaluaci\u00f3n por los tutores externos a la Universidad de Le\u00f3n.<\/strong> Coordinadora: M. de los \u00c1ngeles Diez Fern\u00e1ndez.<\/li>\n<\/ul>\n<p style=\"text-align: right;\">\u00a0<a href=\"http:\/\/servicios.unileon.es\/formacion-pdi\/files\/2013\/03\/LA-EVALUACI\u00d3N-FORMATIVA-COMO-UN-PROCEDIMIENTO-DE-TUTORIZACI\u00d3N-Y-SEGUIMIENTO.pdf\">LA EVALUACI\u00d3N FORMATIVA COMO UN PROCEDIMIENTO DE TUTORIZACI\u00d3N Y SEGUIMIENTO<\/a><\/p>\n<ul style=\"list-style-type: square;\">\n<li style=\"text-align: justify;\"><strong>Incorporaci\u00f3n de la metodolog\u00eda docente \u00abservice-lerning\u00bb (aprendizaje servicio) en las ense\u00f1anzas de la Facultad de Ciencias Biol\u00f3gicas y Ambientales.<\/strong> Coordinadora: Blanca Razquin Peralta.<\/li>\n<\/ul>\n<p style=\"text-align: right;\"><a href=\"http:\/\/servicios.unileon.es\/formacion-pdi\/files\/2013\/03\/INCORPORACI\u00d3N-DE-LA-METODOLOG\u00cdA-DOCENTE-SERVICE-LEARNING.pdf\">INCORPORACI\u00d3N DE LA METODOLOG\u00cdA DOCENTE SERVICE-LEARNING<\/a><\/p>\n<ul style=\"list-style-type: square;\">\n<li style=\"text-align: justify;\"><strong>Metodolog\u00edas activas e indicadores de evaluaci\u00f3n \u00bfMejoran la Autoeficacia y el Rendimiento del alumnado en Educaci\u00f3n Superior?<\/strong> Coordinadora: Olga Arias Gund\u00edn.<\/li>\n<\/ul>\n<p style=\"text-align: right;\"><a href=\"http:\/\/servicios.unileon.es\/formacion-pdi\/files\/2013\/03\/METODOLOG\u00cdAS-ACTIVAS-E-INDICADORES-DE-EVALUACI\u00d3N.pdf\">METODOLOG\u00cdAS ACTIVAS E INDICADORES DE EVALUACI\u00d3N<\/a><\/p>\n<ul style=\"list-style-type: square;\">\n<li style=\"text-align: justify;\"><strong>Propuesta de mejora del procedimiento de evaluaci\u00f3n de las competencias generales y transversales en los Grados de Biol\u00f3gia, Biotecnolog\u00eda y Ciencias Ambientales de la Universidad de Le\u00f3n<\/strong>. Coordinadora: Marta Eva Garc\u00eda Gonz\u00e1lez.<\/li>\n<\/ul>\n<p style=\"text-align: right;\"><a href=\"http:\/\/servicios.unileon.es\/formacion-pdi\/files\/2013\/03\/PROPUESTA-DE-MEJORA-DEL-PROCEDIMIENTO-DE-EVALUACI\u00d3N-DE-LAS-COMPETENCIAS.pdf\">PROPUESTA DE MEJORA DEL PROCEDIMIENTO DE EVALUACI\u00d3N DE LAS COMPETENCIAS<\/a><\/p>\n<ul style=\"list-style-type: square;\">\n<li style=\"text-align: justify;\"><strong>MIFI (M\u00e9todo de Intervenci\u00f3n en Fisioterapia): aprendizaje aut\u00f3nomo, integrado y colaborativo, de razonamiento cl\u00ednico, basado en la evidencia y sustentado por entornos web.<\/strong> Coordinadora: Arrate Pinto Carral.<\/li>\n<\/ul>\n<p style=\"text-align: right;\"><a href=\"http:\/\/servicios.unileon.es\/formacion-pdi\/files\/2013\/03\/MIFI-M\u00c9TODO-DE-INTERVENCI\u00d3N-EN-FISIOTERAPIA.pdf\">MIFI M\u00c9TODO DE INTERVENCI\u00d3N EN FISIOTERAPIA<\/a><\/p>\n<ul style=\"list-style-type: square;\">\n<li style=\"text-align: justify;\"><strong>Metodolog\u00eda aprendizaje-servicio en inteligencia emocional y competencia social.<\/strong> Coordinadora: Carmen Requena Hern\u00e1ndez.<\/li>\n<\/ul>\n<p style=\"text-align: right;\"><a href=\"http:\/\/servicios.unileon.es\/formacion-pdi\/files\/2013\/03\/METODOLOG\u00cdA-APRENDIZAJE-SERVICIO-EN-INTELIGENCIA-EMOCIONAL.pdf\">METODOLOG\u00cdA APRENDIZAJE-SERVICIO EN INTELIGENCIA EMOCIONAL<\/a><\/p>\n<ul style=\"list-style-type: square;\">\n<li style=\"text-align: justify;\"><strong>Dise\u00f1o de estrategias de \u00abevaluaci\u00f3n por pares\u00bb para valorar competencias transversales en estudiantes universitarios utilizando la plataforma Moodle.<\/strong> Coordinadora: Consuelo Mor\u00e1n Astorga.<\/li>\n<\/ul>\n<p style=\"text-align: right;\">\u00a0<a href=\"http:\/\/servicios.unileon.es\/formacion-pdi\/files\/2013\/03\/DISE\u00d1O-DE-ESTRATEGIAS-DE-EVALUACI\u00d3N-POR-PARES.pdf\">DISE\u00d1O DE ESTRATEGIAS DE EVALUACI\u00d3N POR PARES<\/a><\/p>\n<p><span style=\"text-decoration: underline;\"><strong><em>20 de Febrero de 2015<\/em><\/strong><\/span><\/p>\n<ul>\n<li style=\"text-align: justify;\"><strong>Aprendizaje activo y cooperativo de los estudiantes de la Universidad de Le\u00f3n y University of Washington para la gesti\u00f3n de espacios naturales protegidos.<\/strong> Coordinadora: Ana Bel\u00e9n Casares Marcos.<\/li>\n<\/ul>\n<p style=\"text-align: right;\"><a href=\"http:\/\/servicios.unileon.es\/formacion-pdi\/files\/2013\/03\/APRENDIZAJE-ACTIVO-Y-COOPERATIVO.pdf\">APRENDIZAJE ACTIVO Y COOPERATIVO<\/a><\/p>\n<ul>\n<li style=\"text-align: justify;\"><strong>Difusi\u00f3n y an\u00e1lisis de recursos desarrollados para el AICLE (Aprendizaje Integrado de Contenidos y Lengua Extranjera) en la Educaci\u00f3n Superior.<\/strong> Coordinadora: Flor \u00c1lvarez Taboada.<\/li>\n<\/ul>\n<p style=\"text-align: right;\"><a href=\"http:\/\/servicios.unileon.es\/formacion-pdi\/files\/2013\/03\/DIFUSI\u00d3N-Y-AN\u00c1LISIS-DE-RECURSOS-DESARROLLADOS-PARA-EL-AICLE.pdf\">DIFUSI\u00d3N Y AN\u00c1LISIS DE RECURSOS DESARROLLADOS PARA EL AICLE<\/a><\/p>\n<ul>\n<li style=\"text-align: justify;\"><strong>Evaluaci\u00f3n por competencias. Una propuesta de implantaci\u00f3n en las pr\u00e1cticas de la asignatura Farmacolog\u00eda veterinaria.<\/strong> Coordinadora: Ana M. Sahag\u00fan Prieto.<\/li>\n<\/ul>\n<p style=\"text-align: right;\">\u00a0<a href=\"http:\/\/servicios.unileon.es\/formacion-pdi\/files\/2013\/03\/EVALUACI\u00d3N-POR-COMPETENCIAS.pdf\">EVALUACI\u00d3N POR COMPETENCIAS<\/a><\/p>\n<ul>\n<li style=\"text-align: justify;\"><strong>Dise\u00f1o de una herramienta para la evaluaci\u00f3n por competencias y su aplicaci\u00f3n a trav\u00e9s de la plataforma Moodle, en el desarrollo de un megacode en la asignatura Bases para los cuidados se salud. Cuidados Especiales del Grado de Enfermer\u00eda.<\/strong> Coordinadora: Ana V\u00e1zquez Casares.<\/li>\n<\/ul>\n<p style=\"text-align: right;\">\u00a0<a href=\"http:\/\/servicios.unileon.es\/formacion-pdi\/files\/2013\/03\/DISE\u00d1O-DE-UNA-HERRAMIENTA-PARA-LA-EVALUACI\u00d3N-POR-COMPETENCIAS.pdf\">DISE\u00d1O DE UNA HERRAMIENTA PARA LA EVALUACI\u00d3N POR COMPETENCIAS<\/a><\/p>\n<ul>\n<li style=\"text-align: justify;\"><strong>Aplicaci\u00f3n de herramientas de anal\u00edtica del aprendizaje como soporte al seguimiento del alumno y a la toma de decisiones.<\/strong> Coordinador: Miguel \u00c1ngel Conde Gonz\u00e1lez.<\/li>\n<\/ul>\n<p style=\"text-align: right;\"><a href=\"http:\/\/servicios.unileon.es\/formacion-pdi\/files\/2013\/03\/APLICACI\u00d3N-DE-HERRAMIENTAS-DE-ANAL\u00cdTICA-DEL-APRENDIZAJE.pdf\">APLICACI\u00d3N DE HERRAMIENTAS DE ANAL\u00cdTICA DEL APRENDIZAJE<\/a><\/p>\n<ul>\n<li style=\"text-align: justify;\"><strong>Papel del becario de internado en la ense\u00f1anza del alumno de Grado en Veterinaria.<\/strong> Coordinador: Juan Rejas L\u00f3pez.<\/li>\n<\/ul>\n<p style=\"text-align: right;\">\u00a0<a href=\"http:\/\/servicios.unileon.es\/formacion-pdi\/files\/2013\/03\/PAPEL-DEL-BECARIO-DE-INTERNADOEN-LA-ENSE\u00d1ANZA.pdf\">PAPEL DEL BECARIO DE INTERNADO EN LA ENSE\u00d1ANZA<\/a><\/p>\n<ul>\n<li style=\"text-align: justify;\"><strong>Indicadores para la evaluaci\u00f3n de competencias: El trabajo en equipo.<\/strong> Coordinador: \u00d3scar Fern\u00e1ndez \u00c1lvarez.<\/li>\n<\/ul>\n<p style=\"text-align: right;\"><a href=\"http:\/\/servicios.unileon.es\/formacion-pdi\/files\/2013\/03\/INDICADORES-PARA-LA-EVALUACI\u00d3N-DE-COMPETENCIAS.pdf\">INDICADORES PARA LA EVALUACI\u00d3N DE COMPETENCIAS<\/a><\/p>\n<ul>\n<li style=\"text-align: justify;\"><strong>Aprendizaje Basado en Proyectos en Entornos Multidisciplinares para el Fortalecimiento de las Competencias Transversales en titulaciones de Grado de la Universidad de Le\u00f3n.<\/strong> Coordinador: Javier Alfonso Cend\u00f3n.<\/li>\n<\/ul>\n<p style=\"text-align: right;\">\u00a0<a href=\"http:\/\/servicios.unileon.es\/formacion-pdi\/files\/2013\/03\/APRENDIZAJE-BASADO-EN-PROYECTOS-EN-ENTORNOS-MULTIDISCIPLINARES.pdf\">APRENDIZAJE BASADO EN PROYECTOS EN ENTORNOS MULTIDISCIPLINARES<\/a><\/p>\n<ul>\n<li style=\"text-align: justify;\"><strong>Gamificando en el aprendizaje virtual: el uso de badgets.<\/strong> Coordinadora: Nuria Gonz\u00e1lez Rabanal.<\/li>\n<\/ul>\n<p style=\"text-align: right;\"><a href=\"http:\/\/servicios.unileon.es\/formacion-pdi\/files\/2013\/03\/GAMIFICANDO-EN-EL-APRENDIZAJE.pdf\">GAMIFICANDO EN EL APRENDIZAJE<\/a><\/p>\n<p>&nbsp;<\/p>\n","protected":false},"excerpt":{"rendered":"<p>PAIDS -2014 Presentaci\u00f3n de los proyectos PAID 2014 en la II Jornada de Innovaci\u00f3n en Docencia Universitaria. 19 de Febrero de 2015 Atenci\u00f3n a la diversidad en la Universidad: estrategias de identificaci\u00f3n, apoyo y seguimiento de colectivos con necesidades especiales, &hellip; <a href=\"https:\/\/servicios.unileon.es\/formacion-pdi\/proyectos-paid-2013\/\">Sigue leyendo <span class=\"meta-nav\">&rarr;<\/span><\/a><\/p>\n","protected":false},"author":432,"featured_media":0,"parent":0,"menu_order":0,"comment_status":"closed","ping_status":"closed","template":"","meta":{"footnotes":""},"class_list":["post-269","page","type-page","status-publish","hentry"],"_links":{"self":[{"href":"https:\/\/servicios.unileon.es\/formacion-pdi\/wp-json\/wp\/v2\/pages\/269","targetHints":{"allow":["GET"]}}],"collection":[{"href":"https:\/\/servicios.unileon.es\/formacion-pdi\/wp-json\/wp\/v2\/pages"}],"about":[{"href":"https:\/\/servicios.unileon.es\/formacion-pdi\/wp-json\/wp\/v2\/types\/page"}],"author":[{"embeddable":true,"href":"https:\/\/servicios.unileon.es\/formacion-pdi\/wp-json\/wp\/v2\/users\/432"}],"replies":[{"embeddable":true,"href":"https:\/\/servicios.unileon.es\/formacion-pdi\/wp-json\/wp\/v2\/comments?post=269"}],"version-history":[{"count":37,"href":"https:\/\/servicios.unileon.es\/formacion-pdi\/wp-json\/wp\/v2\/pages\/269\/revisions"}],"predecessor-version":[{"id":2098,"href":"https:\/\/servicios.unileon.es\/formacion-pdi\/wp-json\/wp\/v2\/pages\/269\/revisions\/2098"}],"wp:attachment":[{"href":"https:\/\/servicios.unileon.es\/formacion-pdi\/wp-json\/wp\/v2\/media?parent=269"}],"curies":[{"name":"wp","href":"https:\/\/api.w.org\/{rel}","templated":true}]}}