{"id":265,"date":"2013-03-11T10:25:54","date_gmt":"2013-03-11T10:25:54","guid":{"rendered":"http:\/\/servicios.unileon.es\/escuela-de-formacion\/?page_id=265"},"modified":"2022-06-15T07:26:17","modified_gmt":"2022-06-15T07:26:17","slug":"centros-de-formacion-adheridos-al-convenio-de-las-universidades-de-castilla-y-leon","status":"publish","type":"page","link":"https:\/\/servicios.unileon.es\/formacion-pdi\/centros-de-formacion-adheridos-al-convenio-de-las-universidades-de-castilla-y-leon\/","title":{"rendered":"Convenio de las Universidades de Castilla y Le\u00f3n"},"content":{"rendered":"<p style=\"text-align: justify;\"><b>Presentaci\u00f3n del Convenio de Colaboraci\u00f3n en Formaci\u00f3n e Innovaci\u00f3n Docente de las Cuatro Universidades P\u00fablicas de Castilla y Le\u00f3n en X FORO INTERNACIONAL SOBRE LA EVALUACI\u00d3N DE LA CALIDAD DE LA INVESTIGACI\u00d3N Y DE LA EDUCACI\u00d3N SUPERIOR (FECIES). Universidad de Granada, 25-28 de Junio, 2013.<\/b><\/p>\n<p style=\"text-align: justify;\">Los responsables\u00a0 de la Formaci\u00f3n Docente del Profesorado de las cuatro Universidades p\u00fablicas de Castilla y Le\u00f3n aportan a trav\u00e9s de la participaci\u00f3n en un Simposio titulado \u201cEvaluaci\u00f3n y Calidad de la formaci\u00f3n docente del profesorado universitario<b>\u201d, <\/b>\u00a0la perspectiva de la \u201c<i>colaboraci\u00f3n entre instituciones<\/i>\u201d con el objetivo de apoyar y hacer m\u00e1s eficientes los programas de formaci\u00f3n docente en sus respectivas instituciones. La fecha de presentaci\u00f3n ser\u00e1 el d\u00eda 25 de junio, de 12:30 a 14h, en la Universidad de Granada.<\/p>\n<p>M\u00e1s informaci\u00f3n sobre el X Foro \u00a0en <a href=\"http:\/\/www.ugr.es\/~aepc\/XFORO\/presentacion.html\">http:\/\/www.ugr.es\/~aepc\/XFORO\/presentacion.html<\/a><\/p>\n<p>&nbsp;<\/p>\n<p>&nbsp;<\/p>\n<p style=\"text-align: center;\"><a href=\"http:\/\/servicios.unileon.es\/formacion-pdi\/files\/2013\/03\/CONVENIO_FORMACION.pdf\">CONVENIO_FORMACION<\/a>\u00a0Convenio de las Universidades de Castilla y Le\u00f3n<\/p>\n<p style=\"text-align: center;\">CENTROS DE FORMACI\u00d3N ADHERIDOS AL CONVENIO DE LAS UNIVERSIDADES DE CASTILLA Y LE\u00d3N:<\/p>\n<ul>\n<li>UNIVERSIDAD DE BURGOS. <a href=\"https:\/\/www.ubu.es\/instituto-de-formacion-e-innovacion-educativa-ifie\">Instituto de Formaci\u00f3n e Innovaci\u00f3n Educativa (IFIE)<\/a><\/li>\n<li>UNIVERSIDAD DE LE\u00d3N. <a href=\"http:\/\/servicios.unileon.es\/escuela-de-formacion\/\">Escuela de Formaci\u00f3n<\/a><\/li>\n<li>UNIVERSIDAD DE SALAMANCA.<a href=\"http:\/\/iuce.usal.es\/\">\u00a0Instituto Universitario de Ciencias de la Educaci\u00f3n (IUCE)<\/a><\/li>\n<li>UNIVERSIDAD DE VALLADOLID. <a href=\"https:\/\/virtuva.uva.es\/\">Centro de Ense\u00f1anza Online, Formaci\u00f3n e Innocvaci\u00f3n Docente (VirtUVa)<\/a><\/li>\n<\/ul>\n","protected":false},"excerpt":{"rendered":"<p>Presentaci\u00f3n del Convenio de Colaboraci\u00f3n en Formaci\u00f3n e Innovaci\u00f3n Docente de las Cuatro Universidades P\u00fablicas de Castilla y Le\u00f3n en X FORO INTERNACIONAL SOBRE LA EVALUACI\u00d3N DE LA CALIDAD DE LA INVESTIGACI\u00d3N Y DE LA EDUCACI\u00d3N SUPERIOR (FECIES). Universidad de &hellip; <a href=\"https:\/\/servicios.unileon.es\/formacion-pdi\/centros-de-formacion-adheridos-al-convenio-de-las-universidades-de-castilla-y-leon\/\">Sigue leyendo <span class=\"meta-nav\">&rarr;<\/span><\/a><\/p>\n","protected":false},"author":432,"featured_media":0,"parent":0,"menu_order":0,"comment_status":"closed","ping_status":"closed","template":"","meta":{"footnotes":""},"class_list":["post-265","page","type-page","status-publish","hentry"],"_links":{"self":[{"href":"https:\/\/servicios.unileon.es\/formacion-pdi\/wp-json\/wp\/v2\/pages\/265","targetHints":{"allow":["GET"]}}],"collection":[{"href":"https:\/\/servicios.unileon.es\/formacion-pdi\/wp-json\/wp\/v2\/pages"}],"about":[{"href":"https:\/\/servicios.unileon.es\/formacion-pdi\/wp-json\/wp\/v2\/types\/page"}],"author":[{"embeddable":true,"href":"https:\/\/servicios.unileon.es\/formacion-pdi\/wp-json\/wp\/v2\/users\/432"}],"replies":[{"embeddable":true,"href":"https:\/\/servicios.unileon.es\/formacion-pdi\/wp-json\/wp\/v2\/comments?post=265"}],"version-history":[{"count":17,"href":"https:\/\/servicios.unileon.es\/formacion-pdi\/wp-json\/wp\/v2\/pages\/265\/revisions"}],"predecessor-version":[{"id":7326,"href":"https:\/\/servicios.unileon.es\/formacion-pdi\/wp-json\/wp\/v2\/pages\/265\/revisions\/7326"}],"wp:attachment":[{"href":"https:\/\/servicios.unileon.es\/formacion-pdi\/wp-json\/wp\/v2\/media?parent=265"}],"curies":[{"name":"wp","href":"https:\/\/api.w.org\/{rel}","templated":true}]}}