{"id":13,"date":"2013-02-20T07:09:23","date_gmt":"2013-02-20T07:09:23","guid":{"rendered":"http:\/\/servicios.unileon.es\/escuela-de-fromacion\/?page_id=13"},"modified":"2014-06-13T07:13:37","modified_gmt":"2014-06-13T07:13:37","slug":"recursos-formativos","status":"publish","type":"page","link":"https:\/\/servicios.unileon.es\/formacion-pdi\/recursos-formativos\/","title":{"rendered":"Recursos Formativos"},"content":{"rendered":"<p style=\"text-align: justify;\">Entre los objetivos de la Escuela de Formaci\u00f3n se encuentra el favorecer la divulgaci\u00f3n y el empleo de recursos que contribuyan al proceso de innovaci\u00f3n y calidad de la ense\u00f1anza.<\/p>\n<p style=\"text-align: justify;\">A trav\u00e9s de este apartado se pretende compartir informaci\u00f3n y recursos en materia de formaci\u00f3n e innovaci\u00f3n que puedan resultar de inter\u00e9s al PDI de la Universidad de Le\u00f3n.<\/p>\n<p style=\"text-align: justify;\">Si quieres facilitarnos alguna informaci\u00f3n o link que quieras compartir, puedes hacerlo a trav\u00e9s de nuestro buz\u00f3n de sugerencias o a trav\u00e9s de <a href=\"mailto:escuela.formacion@unileon.es\">escuela.formacion@unileon.es<\/a><\/p>\n<ul>\n<li>\n<div style=\"text-align: justify;\"><a href=\"http:\/\/servicios.unileon.es\/formacion-pdi\/recursos-formativos\/foros\/\">Foros.<\/a><\/div>\n<\/li>\n<li><a href=\"http:\/\/servicios.unileon.es\/formacion-pdi\/recursos-formativos\/revistas\/\">Revistas.<\/a><\/li>\n<li><a href=\"http:\/\/servicios.unileon.es\/formacion-pdi\/recursos-formativos\/recursos-en-la-red\/\">Recursos en la red.<\/a><\/li>\n<li><a href=\"http:\/\/servicios.unileon.es\/formacion-pdi\/formacion-abierta-online\/\">Formaci\u00f3n Abierta Online.<\/a><\/li>\n<li><a href=\"http:\/\/servicios.unileon.es\/formacion-pdi\/recursos-formativos\/materiales-de-los-cursos\/\">Material de los cursos.<\/a><\/li>\n<\/ul>\n<p>&nbsp;<\/p>\n","protected":false},"excerpt":{"rendered":"<p>Entre los objetivos de la Escuela de Formaci\u00f3n se encuentra el favorecer la divulgaci\u00f3n y el empleo de recursos que contribuyan al proceso de innovaci\u00f3n y calidad de la ense\u00f1anza. A trav\u00e9s de este apartado se pretende compartir informaci\u00f3n y &hellip; <a href=\"https:\/\/servicios.unileon.es\/formacion-pdi\/recursos-formativos\/\">Sigue leyendo <span class=\"meta-nav\">&rarr;<\/span><\/a><\/p>\n","protected":false},"author":1,"featured_media":0,"parent":0,"menu_order":0,"comment_status":"closed","ping_status":"closed","template":"","meta":{"footnotes":""},"class_list":["post-13","page","type-page","status-publish","hentry"],"_links":{"self":[{"href":"https:\/\/servicios.unileon.es\/formacion-pdi\/wp-json\/wp\/v2\/pages\/13","targetHints":{"allow":["GET"]}}],"collection":[{"href":"https:\/\/servicios.unileon.es\/formacion-pdi\/wp-json\/wp\/v2\/pages"}],"about":[{"href":"https:\/\/servicios.unileon.es\/formacion-pdi\/wp-json\/wp\/v2\/types\/page"}],"author":[{"embeddable":true,"href":"https:\/\/servicios.unileon.es\/formacion-pdi\/wp-json\/wp\/v2\/users\/1"}],"replies":[{"embeddable":true,"href":"https:\/\/servicios.unileon.es\/formacion-pdi\/wp-json\/wp\/v2\/comments?post=13"}],"version-history":[{"count":13,"href":"https:\/\/servicios.unileon.es\/formacion-pdi\/wp-json\/wp\/v2\/pages\/13\/revisions"}],"predecessor-version":[{"id":1577,"href":"https:\/\/servicios.unileon.es\/formacion-pdi\/wp-json\/wp\/v2\/pages\/13\/revisions\/1577"}],"wp:attachment":[{"href":"https:\/\/servicios.unileon.es\/formacion-pdi\/wp-json\/wp\/v2\/media?parent=13"}],"curies":[{"name":"wp","href":"https:\/\/api.w.org\/{rel}","templated":true}]}}