{"id":10,"date":"2013-02-20T07:08:29","date_gmt":"2013-02-20T07:08:29","guid":{"rendered":"http:\/\/servicios.unileon.es\/escuela-de-fromacion\/?page_id=10"},"modified":"2020-09-03T11:39:06","modified_gmt":"2020-09-03T11:39:06","slug":"plan-de-apoyo-a-la-innovacion-docente","status":"publish","type":"page","link":"https:\/\/servicios.unileon.es\/formacion-pdi\/plan-de-apoyo-a-la-innovacion-docente\/","title":{"rendered":"Plan de Apoyo a la Innovaci\u00f3n Docente (PAID)"},"content":{"rendered":"<p><b><span style=\"color: #555555; font-size: small;\">Convocatoria Plan de Apoyo a la Innovaci\u00f3n Docente de la Ule (PAID 2018).\u00a0<\/span><\/b><\/p>\n<p><b><span style=\"color: #555555; font-size: small;\"><a href=\"http:\/\/servicios.unileon.es\/formacion-pdi\/files\/2018\/05\/PAIDS-2018.pdf\">PAIDS 2018<\/a><\/span><\/b><\/p>\n<p>&nbsp;<\/p>\n<p style=\"text-align: justify;\"><span style=\"color: #000000;\">El\u00a0Plan de Apoyo a <span style=\"font-family: Trebuchet MS;\">la Innovaci\u00f3n Docente de <\/span><span style=\"font-family: Trebuchet MS;\">la Universidad de Le\u00f3n (PAID)\u00a0tiene como principal objetivo\u00a0fomentar la calidad y la innovaci\u00f3n en la docencia. Para ello se\u00a0financian proyectos innovadores que est\u00e9n orientados a\u00a0 la\u00a0mejora de los procesos de ense\u00f1anza-aprendizaje, de evaluaci\u00f3n y adecuaci\u00f3n de las ense\u00f1anzas al EEES.<\/span><\/span><\/p>\n<p>Presentaciones Workshop Innovaci\u00f3n en Docencia Universitaria. Febrero 2018. <a href=\"http:\/\/servicios.unileon.es\/formacion-pdi\/proyectos-paid-2017\/\">Proyectos PAID 2017<\/a><\/p>\n<p>Presentaciones Workshop Innovaci\u00f3n en Docencia Universitaria. Febrero 2017. <a href=\"http:\/\/servicios.unileon.es\/formacion-pdi\/proyectos-paid-2016\/\">Proyectos PAID 2016<\/a><\/p>\n<p>Presentaciones Workshop Innovaci\u00f3n de Docencia Universitaria. Marzo 2016. <a href=\"http:\/\/servicios.unileon.es\/formacion-pdi\/proyectos-paid-2015\/\">Proyectos PAID 2015<\/a>.<\/p>\n<p>Presentaciones II Jornada de Innovaci\u00f3n en Docencia Universitaria. Febrero 2015. <a href=\"http:\/\/servicios.unileon.es\/formacion-pdi\/proyectos-paid-2013\/\">Proyectos PAID 2014<\/a><\/p>\n<p>Presentaciones I Jornada de Innovaci\u00f3n en Docencia Universitaria. Febrero 2014. <a href=\"http:\/\/servicios.unileon.es\/formacion-pdi\/plan-de-apoyo-a-la-innovacion-docente\/ficha-proyectos-de-anos-anteriores\/\">Proyectos PAID 2013<\/a><\/p>\n","protected":false},"excerpt":{"rendered":"<p>Convocatoria Plan de Apoyo a la Innovaci\u00f3n Docente de la Ule (PAID 2018).\u00a0 PAIDS 2018 &nbsp; El\u00a0Plan de Apoyo a la Innovaci\u00f3n Docente de la Universidad de Le\u00f3n (PAID)\u00a0tiene como principal objetivo\u00a0fomentar la calidad y la innovaci\u00f3n en la docencia. &hellip; <a href=\"https:\/\/servicios.unileon.es\/formacion-pdi\/plan-de-apoyo-a-la-innovacion-docente\/\">Sigue leyendo <span class=\"meta-nav\">&rarr;<\/span><\/a><\/p>\n","protected":false},"author":432,"featured_media":0,"parent":0,"menu_order":0,"comment_status":"closed","ping_status":"closed","template":"","meta":{"footnotes":""},"class_list":["post-10","page","type-page","status-publish","hentry"],"_links":{"self":[{"href":"https:\/\/servicios.unileon.es\/formacion-pdi\/wp-json\/wp\/v2\/pages\/10","targetHints":{"allow":["GET"]}}],"collection":[{"href":"https:\/\/servicios.unileon.es\/formacion-pdi\/wp-json\/wp\/v2\/pages"}],"about":[{"href":"https:\/\/servicios.unileon.es\/formacion-pdi\/wp-json\/wp\/v2\/types\/page"}],"author":[{"embeddable":true,"href":"https:\/\/servicios.unileon.es\/formacion-pdi\/wp-json\/wp\/v2\/users\/432"}],"replies":[{"embeddable":true,"href":"https:\/\/servicios.unileon.es\/formacion-pdi\/wp-json\/wp\/v2\/comments?post=10"}],"version-history":[{"count":31,"href":"https:\/\/servicios.unileon.es\/formacion-pdi\/wp-json\/wp\/v2\/pages\/10\/revisions"}],"predecessor-version":[{"id":4271,"href":"https:\/\/servicios.unileon.es\/formacion-pdi\/wp-json\/wp\/v2\/pages\/10\/revisions\/4271"}],"wp:attachment":[{"href":"https:\/\/servicios.unileon.es\/formacion-pdi\/wp-json\/wp\/v2\/media?parent=10"}],"curies":[{"name":"wp","href":"https:\/\/api.w.org\/{rel}","templated":true}]}}