{"id":71,"date":"2014-02-05T13:48:04","date_gmt":"2014-02-05T13:48:04","guid":{"rendered":"http:\/\/servicios.unileon.es\/formacion-pas\/?page_id=71"},"modified":"2014-02-06T11:28:33","modified_gmt":"2014-02-06T11:28:33","slug":"curso-avanzado-en-cultivos-celulares","status":"publish","type":"page","link":"https:\/\/servicios.unileon.es\/formacion-pas\/curso-avanzado-en-cultivos-celulares\/","title":{"rendered":"Curso avanzado en Cultivos Celulares"},"content":{"rendered":"<p><strong>PROGRAMA DEL CURSO <\/strong><\/p>\n<p style=\"text-align: right;\"><a href=\"http:\/\/servicios.unileon.es\/formacion-pas\/files\/2014\/02\/CURSO-AVANZADO-EN-CULTIVOS-CELULARES.pdf\">CURSO AVANZADO EN CULTIVOS CELULARES<\/a><\/p>\n<p style=\"text-align: justify;\"><strong>PROFESORADO <\/strong><\/p>\n<ul>\n<li>\n<div style=\"text-align: justify;\">Dra. Rebeca Real Fern\u00e1ndez<\/div>\n<\/li>\n<li>\n<div style=\"text-align: justify;\">Dr. Borja Barrera Cuesta<\/div>\n<\/li>\n<li>\n<div style=\"text-align: justify;\">Jon Andoni Otero Calzada<\/div>\n<\/li>\n<\/ul>\n<p>&nbsp;<\/p>\n<p><strong>FECHAS DE REALIZACI\u00d3N<\/strong><\/p>\n<p>Entre el 3 y el 7 de febrero de 2014<\/p>\n<p>&nbsp;<\/p>\n<p><strong>DOCUMENTACI\u00d3N<\/strong><\/p>\n<p style=\"text-align: center;\"><a href=\"http:\/\/servicios.unileon.es\/formacion-pas\/files\/2014\/02\/Presentaci\u00f3n-del-Curso.pdf\">Presentaci\u00f3n del Curso<\/a><\/p>\n<p style=\"text-align: center;\"><a href=\"http:\/\/servicios.unileon.es\/formacion-pas\/files\/2014\/02\/Introducci\u00f3n.pdf\">Introducci\u00f3n<\/a><\/p>\n<p style=\"text-align: center;\"><a href=\"http:\/\/servicios.unileon.es\/formacion-pas\/files\/2014\/02\/Biolog\u00eda-de-las-c\u00e9lulas-MDCK.pdf\">Biolog\u00eda de las c\u00e9lulas MDCK<\/a><\/p>\n<p style=\"text-align: center;\"><a href=\"http:\/\/servicios.unileon.es\/formacion-pas\/files\/2014\/02\/Cit\u00f3metro-de-flujo-y-experimento-de-acumulaci\u00f3n-intracelular.pdf\">Cit\u00f3metro de flujo y experimento de acumulaci\u00f3n intracelular<\/a><\/p>\n<p style=\"text-align: center;\"><a href=\"http:\/\/servicios.unileon.es\/formacion-pas\/files\/2014\/02\/Contaminaciones-y-prevencion.pdf\">Contaminaciones y prevencion<\/a><\/p>\n<p style=\"text-align: center;\"><a href=\"http:\/\/servicios.unileon.es\/formacion-pas\/files\/2014\/02\/TINCI\u00d3N-INMUNOCITOQUIMICA.pdf\">TINCI\u00d3N INMUNOCITOQUIMICA<\/a><\/p>\n<p>&nbsp;<\/p>\n<p><a href=\"http:\/\/servicios.unileon.es\/formacion-pas\/files\/2014\/02\/PROTOCOLO-EXPERIMENTO-DE-ACUMULACI\u00d3N-INTRACELULAR-DE-F\u00c1RMACOS.pdf\">PROTOCOLO EXPERIMENTO DE ACUMULACI\u00d3N INTRACELULAR DE F\u00c1RMACOS<\/a><\/p>\n<p><a href=\"http:\/\/servicios.unileon.es\/formacion-pas\/files\/2014\/02\/PROTOCOLO-INMUNOCITOQU\u00cdMICA.pdf\">PROTOCOLO INMUNOCITOQU\u00cdMICA<\/a><\/p>\n<p><a href=\"http:\/\/servicios.unileon.es\/formacion-pas\/files\/2014\/02\/PROTOCOLOS-PASE-DE-C\u00c9LULAS-Y-CONTAJE.pdf\">PROTOCOLOS PASE DE C\u00c9LULAS Y CONTAJE<\/a><\/p>\n<p>&nbsp;<\/p>\n<p><a href=\"http:\/\/servicios.unileon.es\/formacion-pas\/files\/2014\/02\/Inmunocitoquimica-Fotos.rar\">Inmunocitoquimica Fotos<\/a><\/p>\n","protected":false},"excerpt":{"rendered":"<p>PROGRAMA DEL CURSO CURSO AVANZADO EN CULTIVOS CELULARES PROFESORADO Dra. Rebeca Real Fern\u00e1ndez Dr. Borja Barrera Cuesta Jon Andoni Otero Calzada &nbsp; FECHAS DE REALIZACI\u00d3N Entre el 3 y el 7 de febrero de 2014 &nbsp; DOCUMENTACI\u00d3N Presentaci\u00f3n del Curso &hellip; <a href=\"https:\/\/servicios.unileon.es\/formacion-pas\/curso-avanzado-en-cultivos-celulares\/\">Sigue leyendo <span class=\"meta-nav\">&rarr;<\/span><\/a><\/p>\n","protected":false},"author":432,"featured_media":0,"parent":0,"menu_order":0,"comment_status":"closed","ping_status":"open","template":"","meta":{"footnotes":""},"class_list":["post-71","page","type-page","status-publish","hentry"],"_links":{"self":[{"href":"https:\/\/servicios.unileon.es\/formacion-pas\/wp-json\/wp\/v2\/pages\/71","targetHints":{"allow":["GET"]}}],"collection":[{"href":"https:\/\/servicios.unileon.es\/formacion-pas\/wp-json\/wp\/v2\/pages"}],"about":[{"href":"https:\/\/servicios.unileon.es\/formacion-pas\/wp-json\/wp\/v2\/types\/page"}],"author":[{"embeddable":true,"href":"https:\/\/servicios.unileon.es\/formacion-pas\/wp-json\/wp\/v2\/users\/432"}],"replies":[{"embeddable":true,"href":"https:\/\/servicios.unileon.es\/formacion-pas\/wp-json\/wp\/v2\/comments?post=71"}],"version-history":[{"count":4,"href":"https:\/\/servicios.unileon.es\/formacion-pas\/wp-json\/wp\/v2\/pages\/71\/revisions"}],"predecessor-version":[{"id":101,"href":"https:\/\/servicios.unileon.es\/formacion-pas\/wp-json\/wp\/v2\/pages\/71\/revisions\/101"}],"wp:attachment":[{"href":"https:\/\/servicios.unileon.es\/formacion-pas\/wp-json\/wp\/v2\/media?parent=71"}],"curies":[{"name":"wp","href":"https:\/\/api.w.org\/{rel}","templated":true}]}}