{"id":677,"date":"2017-03-03T07:21:38","date_gmt":"2017-03-03T07:21:38","guid":{"rendered":"http:\/\/servicios.unileon.es\/formacion-pas\/?page_id=677"},"modified":"2017-03-03T07:25:25","modified_gmt":"2017-03-03T07:25:25","slug":"propiedad-intelectual-y-derechos-de-autor","status":"publish","type":"page","link":"https:\/\/servicios.unileon.es\/formacion-pas\/propiedad-intelectual-y-derechos-de-autor\/","title":{"rendered":"Propiedad intelectual y derechos de autor"},"content":{"rendered":"<p><strong>PROPIEDAD INTELECTUAL Y DERECHOS DE AUTOR<\/strong><\/p>\n<p><em>3 de marzo de 2017<\/em><\/p>\n<p><strong>PROFESORA: Silvia Losa.<\/strong> T\u00e9cnico en propiedad intelectual y protecci\u00f3n de datos. Universidad Pompeu Fabra.<\/p>\n<p><a href=\"http:\/\/servicios.unileon.es\/formacion-pas\/files\/2017\/03\/PUBLICACI\u00d3N-CIENT\u00cdFICA-Y-ACCESO-ABIERTO.pdf\">PUBLICACI\u00d3N CIENT\u00cdFICA Y ACCESO ABIERTO<\/a><\/p>\n","protected":false},"excerpt":{"rendered":"<p>PROPIEDAD INTELECTUAL Y DERECHOS DE AUTOR 3 de marzo de 2017 PROFESORA: Silvia Losa. T\u00e9cnico en propiedad intelectual y protecci\u00f3n de datos. Universidad Pompeu Fabra. PUBLICACI\u00d3N CIENT\u00cdFICA Y ACCESO ABIERTO<\/p>\n","protected":false},"author":432,"featured_media":0,"parent":0,"menu_order":0,"comment_status":"closed","ping_status":"closed","template":"","meta":{"footnotes":""},"class_list":["post-677","page","type-page","status-publish","hentry"],"_links":{"self":[{"href":"https:\/\/servicios.unileon.es\/formacion-pas\/wp-json\/wp\/v2\/pages\/677","targetHints":{"allow":["GET"]}}],"collection":[{"href":"https:\/\/servicios.unileon.es\/formacion-pas\/wp-json\/wp\/v2\/pages"}],"about":[{"href":"https:\/\/servicios.unileon.es\/formacion-pas\/wp-json\/wp\/v2\/types\/page"}],"author":[{"embeddable":true,"href":"https:\/\/servicios.unileon.es\/formacion-pas\/wp-json\/wp\/v2\/users\/432"}],"replies":[{"embeddable":true,"href":"https:\/\/servicios.unileon.es\/formacion-pas\/wp-json\/wp\/v2\/comments?post=677"}],"version-history":[{"count":2,"href":"https:\/\/servicios.unileon.es\/formacion-pas\/wp-json\/wp\/v2\/pages\/677\/revisions"}],"predecessor-version":[{"id":680,"href":"https:\/\/servicios.unileon.es\/formacion-pas\/wp-json\/wp\/v2\/pages\/677\/revisions\/680"}],"wp:attachment":[{"href":"https:\/\/servicios.unileon.es\/formacion-pas\/wp-json\/wp\/v2\/media?parent=677"}],"curies":[{"name":"wp","href":"https:\/\/api.w.org\/{rel}","templated":true}]}}