{"id":501,"date":"2016-04-06T06:56:59","date_gmt":"2016-04-06T06:56:59","guid":{"rendered":"http:\/\/servicios.unileon.es\/formacion-pas\/?page_id=501"},"modified":"2026-01-12T12:58:57","modified_gmt":"2026-01-12T12:58:57","slug":"cursos-aula-mentor","status":"publish","type":"page","link":"https:\/\/servicios.unileon.es\/formacion-pas\/cursos-aula-mentor\/","title":{"rendered":"Cursos Aula Mentor"},"content":{"rendered":"<p>El Aula Mentor es una iniciativa del Ministerio de Educaci\u00f3n, Cultura y Deporte que ofrece formaci\u00f3n abierta a trav\u00e9s de internet <a href=\"http:\/\/www.aulamentor.es\/\" target=\"_blank\" rel=\"noopener noreferrer\">Web Aula Mentor<\/a><\/p>\n<p>Los cursos subvencionados por la Universidad de Le\u00f3n para el Personal T\u00e9cnico, de Gesti\u00f3n y de Administraci\u00f3n y Servicios son:<\/p>\n<ul>\n<li>Access (90 horas) <a href=\"http:\/\/servicios.unileon.es\/formacion-pas\/files\/2016\/04\/CURSO-ACCESS.pdf\" rel=\"\">CURSO ACCESS<\/a><\/li>\n<li>Excel (90 horas) <a href=\"http:\/\/servicios.unileon.es\/formacion-pas\/files\/2016\/04\/CURSO-EXCEL.pdf\" rel=\"\">CURSO EXCEL<\/a><\/li>\n<li>Word (90 horas) <a href=\"http:\/\/servicios.unileon.es\/formacion-pas\/files\/2016\/04\/CURSO-WORD.pdf\" rel=\"\">CURSO WORD<\/a><\/li>\n<li>Multimedia y web 2.0 (120 horas) <a href=\"http:\/\/servicios.unileon.es\/formacion-pas\/files\/2018\/03\/CURSO-MULTIMEDIA-Y-WEB-2.0.pdf\">CURSO MULTIMEDIA Y WEB 2.0<\/a><\/li>\n<li>Ingl\u00e9s Nivel 1 (50 horas) <a href=\"http:\/\/servicios.unileon.es\/formacion-pas\/files\/2016\/04\/INGL\u00c9S-NIVEL-1.pdf\">INGL\u00c9S NIVEL 1<\/a><\/li>\n<li>Ingl\u00e9s Nivel\u00a02 (50 horas) <a href=\"http:\/\/servicios.unileon.es\/formacion-pas\/files\/2016\/04\/INGL\u00c9S-NIVEL-2.pdf\">INGL\u00c9S NIVEL 2<\/a><\/li>\n<li>Ingl\u00e9s Nivel\u00a03 (80 horas) <a href=\"http:\/\/servicios.unileon.es\/formacion-pas\/files\/2016\/04\/INGL\u00c9S-NIVEL-3.pdf\">INGL\u00c9S NIVEL 3<\/a><\/li>\n<li>Ingl\u00e9s Nivel\u00a04 (80 horas) <a href=\"http:\/\/servicios.unileon.es\/formacion-pas\/files\/2016\/04\/INGL\u00c9S-NIVEL-4.pdf\">INGL\u00c9S NIVEL 4<\/a><\/li>\n<li>Ingl\u00e9s Nivel\u00a05 (80 horas) <a href=\"http:\/\/servicios.unileon.es\/formacion-pas\/files\/2016\/04\/INGL\u00c9S-NIVEL-5.pdf\">INGL\u00c9S NIVEL 5<\/a><\/li>\n<li>Ingl\u00e9s Nivel\u00a06 (80 horas) <a href=\"http:\/\/servicios.unileon.es\/formacion-pas\/files\/2016\/04\/INGL\u00c9S-NIVEL-6.pdf\">INGL\u00c9S NIVEL 6<\/a><\/li>\n<li>Ingl\u00e9s Nivel\u00a07 (80 horas) <a href=\"http:\/\/servicios.unileon.es\/formacion-pas\/files\/2016\/04\/INGL\u00c9S-NIVEL-7.pdf\">INGL\u00c9S NIVEL 7<\/a><\/li>\n<li>Ingl\u00e9s Nivel\u00a08 (80 horas) <a href=\"http:\/\/servicios.unileon.es\/formacion-pas\/files\/2016\/04\/INGL\u00c9S-NIVEL-8.pdf\">INGL\u00c9S NIVEL 8<\/a><\/li>\n<\/ul>\n<p style=\"text-align: center;\"><span style=\"text-decoration: underline;\"><strong>Solo se subvencionar\u00e1 un nivel de ingl\u00e9s por a\u00f1o<\/strong><\/span><\/p>\n<p>Para ampliar la informaci\u00f3n de cada curso acceder a <a href=\"https:\/\/aulamentor.es\/cursos\/\">https:\/\/aulamentor.es\/cursos<\/a><a href=\"https:\/\/aulamentor.es\/cursos\/\">\/<\/a> <a href=\"https:\/\/aulamentor.es\/cursos\/\"><strong>\u00a0<\/strong><\/a><\/p>\n<p>Plazo de matr\u00edcula: abierta durante todo el a\u00f1o.<\/p>\n<p><span style=\"color: #008000;\"><strong>CENTROS AULA-MENTOR EN LE\u00d3N: <\/strong><\/span><\/p>\n<p><strong>CEPA FAUSTINA \u00c1LVAREZ GARC\u00cdA (LE\u00d3N)<\/strong><\/p>\n<p>Tel\u00e9fono del centro (centralita): 987206675.\u00a0e-mail:\u00a0<a href=\"mailto:aulamentordeleon@gmail.com\">aulamentordeleon@gmail.com<\/a><\/p>\n<p style=\"text-align: right;\"><a href=\"http:\/\/cepafaustinaalvarez.centros.educa.jcyl.es\/sitio\/index.cgi?wid_seccion=9&amp;wid_item=104\">M\u00e1s informaci\u00f3n<\/a><\/p>\n<p>&nbsp;<\/p>\n<p><strong>ILDEFE (INSTITUTO LEON\u00c9S DE DESARROLLO ECON\u00d3MICO, FORMACI\u00d3N Y EMPLEO)<\/strong><\/p>\n<p>Tel\u00e9fono de contacto: 987 87 58 75. e-mail:\u00a0 <u>ayto_leon@aulamentor.es<\/u><\/p>\n<p style=\"text-align: right;\"><a href=\"https:\/\/ildefe.es\/aula-mentor\/\">M\u00e1s informaci\u00f3n<\/a><\/p>\n<p><span style=\"color: #008000;\"><strong>REEMBOLSO DE MATR\u00cdCULA <\/strong><\/span><\/p>\n<p><span style=\"color: #ff0000;\"><strong>Condiciones de reembolso aplicables a las nuevas matriculaciones a partir del 1 de enero de 2026:<\/strong><\/span><\/p>\n<p><strong><em>Para cursos de menos de 60 horas: <\/em><\/strong>Se pagar\u00e1 la matr\u00edcula inicial (48 euros). En el caso de que se haya tenido que ampliar un mes la matr\u00edcula, se abonar\u00e1n otros 24 euros.<\/p>\n<p><strong><em>Para cursos de 60 o m\u00e1s horas: <\/em><\/strong>Se pagar\u00e1 la matr\u00edcula inicial (48 euros). En el caso de que se haya tenido que ampliar un mes la matr\u00edcula, se abonar\u00e1n otros 24 euros. Si se ha necesitado efectuar una recarga de matr\u00edcula de dos meses, se abonar\u00e1n otros 48 euros.<\/p>\n<p><em>En el caso de que el curso se realice en m\u00e1s meses, la diferencia correr\u00e1 a cargo del alumno.\u00a0 <\/em><\/p>\n<p><span style=\"color: #008000;\"><strong><u>IMPORTANTE:<\/u><\/strong><\/span> A la hora de solicitar el reembolso del precio del curso se tendr\u00e1 que remitir a la Escuela de Formaci\u00f3n:<\/p>\n<ul>\n<li>Una copia del certificado del curso, conforme est\u00e1 aprobado.<\/li>\n<li>En el caso de que se haya producido una recarga de matr\u00edcula, el justificante de dicho pago (por uno o dos meses, seg\u00fan proceda).<\/li>\n<\/ul>\n<p>&nbsp;<\/p>\n<p style=\"text-align: right;\"><a href=\"http:\/\/servicios.unileon.es\/formacion-pas\/files\/2025\/12\/INFORMACION-AULA-MENTOR.pdf\">INFORMACI\u00d3N AULA MENTOR<\/a><\/p>\n<p>&nbsp;<\/p>\n<p>&nbsp;<\/p>\n<p>&nbsp;<\/p>\n<p>&nbsp;<\/p>\n","protected":false},"excerpt":{"rendered":"<p>El Aula Mentor es una iniciativa del Ministerio de Educaci\u00f3n, Cultura y Deporte que ofrece formaci\u00f3n abierta a trav\u00e9s de internet Web Aula Mentor Los cursos subvencionados por la Universidad de Le\u00f3n para el Personal T\u00e9cnico, de Gesti\u00f3n y de &hellip; <a href=\"https:\/\/servicios.unileon.es\/formacion-pas\/cursos-aula-mentor\/\">Sigue leyendo <span class=\"meta-nav\">&rarr;<\/span><\/a><\/p>\n","protected":false},"author":432,"featured_media":0,"parent":0,"menu_order":0,"comment_status":"closed","ping_status":"closed","template":"","meta":{"footnotes":""},"class_list":["post-501","page","type-page","status-publish","hentry"],"_links":{"self":[{"href":"https:\/\/servicios.unileon.es\/formacion-pas\/wp-json\/wp\/v2\/pages\/501","targetHints":{"allow":["GET"]}}],"collection":[{"href":"https:\/\/servicios.unileon.es\/formacion-pas\/wp-json\/wp\/v2\/pages"}],"about":[{"href":"https:\/\/servicios.unileon.es\/formacion-pas\/wp-json\/wp\/v2\/types\/page"}],"author":[{"embeddable":true,"href":"https:\/\/servicios.unileon.es\/formacion-pas\/wp-json\/wp\/v2\/users\/432"}],"replies":[{"embeddable":true,"href":"https:\/\/servicios.unileon.es\/formacion-pas\/wp-json\/wp\/v2\/comments?post=501"}],"version-history":[{"count":37,"href":"https:\/\/servicios.unileon.es\/formacion-pas\/wp-json\/wp\/v2\/pages\/501\/revisions"}],"predecessor-version":[{"id":1975,"href":"https:\/\/servicios.unileon.es\/formacion-pas\/wp-json\/wp\/v2\/pages\/501\/revisions\/1975"}],"wp:attachment":[{"href":"https:\/\/servicios.unileon.es\/formacion-pas\/wp-json\/wp\/v2\/media?parent=501"}],"curies":[{"name":"wp","href":"https:\/\/api.w.org\/{rel}","templated":true}]}}