{"id":402,"date":"2014-11-18T12:44:38","date_gmt":"2014-11-18T12:44:38","guid":{"rendered":"http:\/\/servicios.unileon.es\/formacion-pas\/?page_id=402"},"modified":"2016-04-06T07:51:49","modified_gmt":"2016-04-06T07:51:49","slug":"curso-google-ule","status":"publish","type":"page","link":"https:\/\/servicios.unileon.es\/formacion-pas\/curso-google-ule\/","title":{"rendered":"Curso Correo electr\u00f3nico Google-ULE"},"content":{"rendered":"<p style=\"text-align: center;\"><strong>CORREO ELECTR\u00d3NICO GOOGLE-ULE: APLICACIONES COLABORATIVAS DE GOOGLE<\/strong><\/p>\n<p>&nbsp;<\/p>\n<p style=\"text-align: left;\"><em><span style=\"color: #000000;\"><strong>PROFESORADO: <\/strong><\/span>M\u00aa Teresa Bur\u00f3n \u00c1lvarez<\/em><\/p>\n<p style=\"text-align: left;\"><span style=\"color: #000000;\"><strong><span style=\"text-decoration: underline;\">DOCUMENTACI\u00d3N<\/span><\/strong><\/span><\/p>\n<p style=\"text-align: left;\"><a href=\"http:\/\/servicios.unileon.es\/formacion-pas\/files\/2014\/11\/google-ule.pdf\">google-ule<\/a><\/p>\n<p>&nbsp;<\/p>\n<p><strong>\u00a0<\/strong><\/p>\n<p>&nbsp;<\/p>\n<p>&nbsp;<\/p>\n","protected":false},"excerpt":{"rendered":"<p>CORREO ELECTR\u00d3NICO GOOGLE-ULE: APLICACIONES COLABORATIVAS DE GOOGLE &nbsp; PROFESORADO: M\u00aa Teresa Bur\u00f3n \u00c1lvarez DOCUMENTACI\u00d3N google-ule &nbsp; \u00a0 &nbsp; &nbsp;<\/p>\n","protected":false},"author":432,"featured_media":0,"parent":0,"menu_order":0,"comment_status":"closed","ping_status":"open","template":"","meta":{"footnotes":""},"class_list":["post-402","page","type-page","status-publish","hentry"],"_links":{"self":[{"href":"https:\/\/servicios.unileon.es\/formacion-pas\/wp-json\/wp\/v2\/pages\/402","targetHints":{"allow":["GET"]}}],"collection":[{"href":"https:\/\/servicios.unileon.es\/formacion-pas\/wp-json\/wp\/v2\/pages"}],"about":[{"href":"https:\/\/servicios.unileon.es\/formacion-pas\/wp-json\/wp\/v2\/types\/page"}],"author":[{"embeddable":true,"href":"https:\/\/servicios.unileon.es\/formacion-pas\/wp-json\/wp\/v2\/users\/432"}],"replies":[{"embeddable":true,"href":"https:\/\/servicios.unileon.es\/formacion-pas\/wp-json\/wp\/v2\/comments?post=402"}],"version-history":[{"count":12,"href":"https:\/\/servicios.unileon.es\/formacion-pas\/wp-json\/wp\/v2\/pages\/402\/revisions"}],"predecessor-version":[{"id":405,"href":"https:\/\/servicios.unileon.es\/formacion-pas\/wp-json\/wp\/v2\/pages\/402\/revisions\/405"}],"wp:attachment":[{"href":"https:\/\/servicios.unileon.es\/formacion-pas\/wp-json\/wp\/v2\/media?parent=402"}],"curies":[{"name":"wp","href":"https:\/\/api.w.org\/{rel}","templated":true}]}}