{"id":243,"date":"2014-04-08T11:39:59","date_gmt":"2014-04-08T11:39:59","guid":{"rendered":"http:\/\/servicios.unileon.es\/formacion-pas\/?page_id=243"},"modified":"2014-04-24T07:13:15","modified_gmt":"2014-04-24T07:13:15","slug":"curso-ahorro-energetico-eficiencia-y-sostenibilidad","status":"publish","type":"page","link":"https:\/\/servicios.unileon.es\/formacion-pas\/curso-ahorro-energetico-eficiencia-y-sostenibilidad\/","title":{"rendered":"Curso Ahorro Energ\u00e9tico, Eficiencia y Sostenibilidad"},"content":{"rendered":"<p><a href=\"http:\/\/servicios.unileon.es\/formacion-pas\/files\/2014\/04\/PRESENTACI\u00d3N-ENERG\u00cdA-Y-MOVILIDAD.-PARTE1.pdf\">PRESENTACI\u00d3N ENERG\u00cdA Y MOVILIDAD. PARTE1<\/a><\/p>\n<p><a href=\"http:\/\/servicios.unileon.es\/formacion-pas\/files\/2014\/04\/PRESENTACI\u00d3N-ENERG\u00cdA-Y-MOVILIDAD.-PARTE2.pdf\">PRESENTACI\u00d3N ENERG\u00cdA Y MOVILIDAD. PARTE2<\/a><\/p>\n<p><a href=\"http:\/\/servicios.unileon.es\/formacion-pas\/files\/2014\/04\/PRESENTACI\u00d3N-RESIDUOS-Y-RECICLAJE.pdf\">PRESENTACI\u00d3N RESIDUOS Y RECICLAJE<\/a><\/p>\n<p><a href=\"http:\/\/servicios.unileon.es\/formacion-pas\/files\/2014\/04\/SOSTENIBILIDAD-GERENCIA-2014-1\u00aa-PARTE.pdf\">SOSTENIBILIDAD GERENCIA 2014 &#8211; 1\u00aa PARTE<\/a><\/p>\n<p><a href=\"http:\/\/servicios.unileon.es\/formacion-pas\/files\/2014\/04\/SOSTENIBILIDAD-GERENCIA-2014-2\u00aa-PARTE.pdf\">SOSTENIBILIDAD GERENCIA 2014 &#8211; 2\u00aa PARTE<\/a><\/p>\n<p>&nbsp;<\/p>\n","protected":false},"excerpt":{"rendered":"<p>PRESENTACI\u00d3N ENERG\u00cdA Y MOVILIDAD. PARTE1 PRESENTACI\u00d3N ENERG\u00cdA Y MOVILIDAD. PARTE2 PRESENTACI\u00d3N RESIDUOS Y RECICLAJE SOSTENIBILIDAD GERENCIA 2014 &#8211; 1\u00aa PARTE SOSTENIBILIDAD GERENCIA 2014 &#8211; 2\u00aa PARTE &nbsp;<\/p>\n","protected":false},"author":432,"featured_media":0,"parent":0,"menu_order":0,"comment_status":"closed","ping_status":"open","template":"","meta":{"footnotes":""},"class_list":["post-243","page","type-page","status-publish","hentry"],"_links":{"self":[{"href":"https:\/\/servicios.unileon.es\/formacion-pas\/wp-json\/wp\/v2\/pages\/243","targetHints":{"allow":["GET"]}}],"collection":[{"href":"https:\/\/servicios.unileon.es\/formacion-pas\/wp-json\/wp\/v2\/pages"}],"about":[{"href":"https:\/\/servicios.unileon.es\/formacion-pas\/wp-json\/wp\/v2\/types\/page"}],"author":[{"embeddable":true,"href":"https:\/\/servicios.unileon.es\/formacion-pas\/wp-json\/wp\/v2\/users\/432"}],"replies":[{"embeddable":true,"href":"https:\/\/servicios.unileon.es\/formacion-pas\/wp-json\/wp\/v2\/comments?post=243"}],"version-history":[{"count":5,"href":"https:\/\/servicios.unileon.es\/formacion-pas\/wp-json\/wp\/v2\/pages\/243\/revisions"}],"predecessor-version":[{"id":253,"href":"https:\/\/servicios.unileon.es\/formacion-pas\/wp-json\/wp\/v2\/pages\/243\/revisions\/253"}],"wp:attachment":[{"href":"https:\/\/servicios.unileon.es\/formacion-pas\/wp-json\/wp\/v2\/media?parent=243"}],"curies":[{"name":"wp","href":"https:\/\/api.w.org\/{rel}","templated":true}]}}