{"id":20,"date":"2014-02-03T08:59:20","date_gmt":"2014-02-03T08:59:20","guid":{"rendered":"http:\/\/servicios.unileon.es\/formacion-pas\/?page_id=20"},"modified":"2024-12-16T08:09:44","modified_gmt":"2024-12-16T08:09:44","slug":"material-de-los-cursos","status":"publish","type":"page","link":"https:\/\/servicios.unileon.es\/formacion-pas\/material-de-los-cursos\/","title":{"rendered":"Material de los cursos"},"content":{"rendered":"<p><span style=\"color: #000000;\"><strong>La importancia de nombrar: usos y recursos de lenguaje no sexista<\/strong><\/span><\/p>\n<ul>\n<li><a href=\"http:\/\/servicios.unileon.es\/formacion-pas\/files\/2024\/11\/Guiaslenguajenosexista_inmujer.pdf\">Guiaslenguajenosexista_inmujer<\/a> <a href=\"http:\/\/servicios.unileon.es\/formacion-pas\/files\/2024\/11\/ebook_Lenguaje_no_sexista-OXFAM2017.pdf\">ebook_<\/a><\/li>\n<li><a href=\"http:\/\/servicios.unileon.es\/formacion-pas\/files\/2024\/11\/ebook_Lenguaje_no_sexista-OXFAM2017.pdf\">Lenguaje_no_sexista OXFAM2017<\/a><\/li>\n<li><a href=\"http:\/\/servicios.unileon.es\/formacion-pas\/files\/2024\/11\/Recomendaciones-.-UNESCO-1999.pdf\">Recomendaciones &#8230;. UNESCO 1999<\/a><\/li>\n<\/ul>\n<p style=\"text-align: justify;\"><span style=\"color: #000000;\"><strong>I Curso de formaci\u00f3n en Transparencia y Buen Gobierno\u00bb<\/strong><\/span><\/p>\n<ul>\n<li style=\"text-align: left;\"><a href=\"https:\/\/servicios.unileon.es\/formacion-pas\/files\/2024\/03\/2024-02-15_derecho-acceso_anabel_beltran.pdf\">2024-02-15_derecho acceso_anabel_beltran<\/a><\/li>\n<li style=\"text-align: left;\"><a href=\"https:\/\/servicios.unileon.es\/formacion-pas\/files\/2024\/03\/2024-02-15_joaquin_meseguer_presentacion.pdf\">2024-02-15_joaquin_meseguer_presentacion<\/a><\/li>\n<li style=\"text-align: left;\"><a href=\"https:\/\/servicios.unileon.es\/formacion-pas\/files\/2024\/03\/2024-02-22-ULeon_eduardo_garcia_ochoa.pdf\">2024-02-22 ULeon_eduardo_garcia_ochoa<\/a><\/li>\n<li style=\"text-align: left;\"><a href=\"https:\/\/servicios.unileon.es\/formacion-pas\/files\/2024\/03\/2024-02-22_retos_transparencia_rafa_camacho.pdf\">2024-02-22_retos_transparencia_rafa_camacho<\/a><\/li>\n<li style=\"text-align: left;\"><a href=\"https:\/\/servicios.unileon.es\/formacion-pas\/files\/2024\/03\/2024-02-27_participacion_ciudadan_antxon_gallego.pdf\">2024-02-27_participacion_ciudadan_antxon_gallego<\/a><\/li>\n<li style=\"text-align: left;\"><a href=\"https:\/\/servicios.unileon.es\/formacion-pas\/files\/2024\/03\/2024-02-27_rendicion_de_cuentas_raya_ayala.pdf\">2024-02-27_rendicion_de_cuentas_raya_ayala<\/a><\/li>\n<li style=\"text-align: left;\"><a href=\"https:\/\/servicios.unileon.es\/formacion-pas\/files\/2024\/03\/2024-02-29_responsabilidad_social_universitaria_anabelen_casares.pdf\">2024-02-29_responsabilidad_social_universitaria_anabelen_casares<\/a><\/li>\n<\/ul>\n<p style=\"text-align: justify;\"><span style=\"color: #000000;\"><strong>El protocolo para la prevenci\u00f3n y actuaci\u00f3n frente al acoso sexual y el acoso por raz\u00f3n de sexo en el contexto universitario<\/strong><\/span><\/p>\n<ul>\n<li><a href=\"https:\/\/servicios.unileon.es\/formacion-pdi\/files\/2023\/12\/Presentacion-Acoso-Sexual-UniLeon.pdf\">Presentaci\u00f3n Acoso Sexual UniLe\u00f3n<\/a><\/li>\n<\/ul>\n<p style=\"text-align: justify;\"><span style=\"color: #000000;\"><strong>La salud mental con perspectiva de g\u00e9nero<\/strong><\/span><\/p>\n<ul style=\"list-style-type: square;\">\n<li style=\"text-align: justify;\"><a href=\"https:\/\/servicios.unileon.es\/formacion-pas\/files\/2023\/07\/DOCUMENTACION-Y-BIBLIOGRAFIA-SALUD-MENTAL.pdf\">DOCUMENTACI\u00d3N Y BIBLIOGRAFIA SALUD MENTAL<\/a><\/li>\n<li><a href=\"https:\/\/servicios.unileon.es\/formacion-pas\/files\/2023\/07\/PRESENTACION-ULE-CURSO-SALUD-MENTAL.pdf\">PRESENTACION ULE CURSO SALUD MENTAL<\/a><\/li>\n<\/ul>\n<p style=\"text-align: justify;\"><span style=\"color: #000000;\"><strong>Seguridad de la Informaci\u00f3n<\/strong><\/span><\/p>\n<ul>\n<li style=\"text-align: left;\"><a href=\"https:\/\/drive.google.com\/file\/d\/1IxptqlHayvMyDJPQXHlRlpO3qMK0ABus\/view?usp=sharing\">Grabaci\u00f3n<\/a><\/li>\n<li style=\"text-align: left;\"><a href=\"https:\/\/servicios.unileon.es\/formacion-pas\/files\/2023\/04\/Seguridad-en-la-informacion.pdf\">Documentaci\u00f3n<\/a><\/li>\n<\/ul>\n<p><a href=\"https:\/\/sites.google.com\/unileon.es\/cursoadobe\/\">Adobe Acrobat<\/a><\/p>\n<p><a href=\"http:\/\/servicios.unileon.es\/formacion-pas\/propiedad-intelectual-y-derechos-de-autor\/\">Propiedad intelectual y derechos de autor<\/a><\/p>\n<p><a href=\"http:\/\/servicios.unileon.es\/formacion-pas\/curso-google-ule\/\">Curso Correo electr\u00f3nico Google-ULE: Aplicaciones colaborativas de Google<\/a><\/p>\n<p><a href=\"http:\/\/servicios.unileon.es\/formacion-pas\/taller-de-adaptacion-al-nuevo-entorno-de-windows-7-y-office-2013\/\">Taller de adaptaci\u00f3n al nuevo entorno de Windows 7 y Office 2013<\/a><\/p>\n<p><a href=\"http:\/\/servicios.unileon.es\/formacion-pas\/curso-avanzado-en-cultivos-celulares\/\">Curso Avanzado en Cultivos Celulares<\/a><\/p>\n<p><a href=\"http:\/\/servicios.unileon.es\/formacion-pas\/curso-ahorro-energetico-eficiencia-y-sostenibilidad\/\">Curso Ahorro Energ\u00e9tico, Eficiencia y Sostenibilidad<\/a><\/p>\n<p>&nbsp;<\/p>\n","protected":false},"excerpt":{"rendered":"<p>La importancia de nombrar: usos y recursos de lenguaje no sexista Guiaslenguajenosexista_inmujer ebook_ Lenguaje_no_sexista OXFAM2017 Recomendaciones &#8230;. UNESCO 1999 I Curso de formaci\u00f3n en Transparencia y Buen Gobierno\u00bb 2024-02-15_derecho acceso_anabel_beltran 2024-02-15_joaquin_meseguer_presentacion 2024-02-22 ULeon_eduardo_garcia_ochoa 2024-02-22_retos_transparencia_rafa_camacho 2024-02-27_participacion_ciudadan_antxon_gallego 2024-02-27_rendicion_de_cuentas_raya_ayala 2024-02-29_responsabilidad_social_universitaria_anabelen_casares El protocolo para &hellip; <a href=\"https:\/\/servicios.unileon.es\/formacion-pas\/material-de-los-cursos\/\">Sigue leyendo <span class=\"meta-nav\">&rarr;<\/span><\/a><\/p>\n","protected":false},"author":1,"featured_media":0,"parent":0,"menu_order":0,"comment_status":"closed","ping_status":"open","template":"","meta":{"footnotes":""},"class_list":["post-20","page","type-page","status-publish","hentry"],"_links":{"self":[{"href":"https:\/\/servicios.unileon.es\/formacion-pas\/wp-json\/wp\/v2\/pages\/20","targetHints":{"allow":["GET"]}}],"collection":[{"href":"https:\/\/servicios.unileon.es\/formacion-pas\/wp-json\/wp\/v2\/pages"}],"about":[{"href":"https:\/\/servicios.unileon.es\/formacion-pas\/wp-json\/wp\/v2\/types\/page"}],"author":[{"embeddable":true,"href":"https:\/\/servicios.unileon.es\/formacion-pas\/wp-json\/wp\/v2\/users\/1"}],"replies":[{"embeddable":true,"href":"https:\/\/servicios.unileon.es\/formacion-pas\/wp-json\/wp\/v2\/comments?post=20"}],"version-history":[{"count":18,"href":"https:\/\/servicios.unileon.es\/formacion-pas\/wp-json\/wp\/v2\/pages\/20\/revisions"}],"predecessor-version":[{"id":1816,"href":"https:\/\/servicios.unileon.es\/formacion-pas\/wp-json\/wp\/v2\/pages\/20\/revisions\/1816"}],"wp:attachment":[{"href":"https:\/\/servicios.unileon.es\/formacion-pas\/wp-json\/wp\/v2\/media?parent=20"}],"curies":[{"name":"wp","href":"https:\/\/api.w.org\/{rel}","templated":true}]}}