{"id":18,"date":"2014-02-03T08:59:07","date_gmt":"2014-02-03T08:59:07","guid":{"rendered":"http:\/\/servicios.unileon.es\/formacion-pas\/?page_id=18"},"modified":"2021-04-30T07:56:43","modified_gmt":"2021-04-30T07:56:43","slug":"formacion-abierta-on-line","status":"publish","type":"page","link":"https:\/\/servicios.unileon.es\/formacion-pas\/formacion-abierta-on-line\/","title":{"rendered":"Formaci\u00f3n abierta on-line"},"content":{"rendered":"<p><span style=\"color: #000080;\"><strong>CURSOS MOOC<\/strong><\/span><\/p>\n<p style=\"text-align: justify;\"><em>Los MOOC son una nueva\u00a0v\u00eda de formaci\u00f3n que da la posibilidad a todo aquel que quiera, de aprender realizando cursos masivos, abiertos y gratuitos a trav\u00e9s de Internet, ofrecidos principalmente por las universidades, pero tambi\u00e9n por otras organizaciones.<\/em><\/p>\n<p style=\"text-align: justify;\"><em>Aunque los cursos son gratuitos y todo el mundo puede acceder a ellos, cada Universidad\/Organismo establece sus criterios y\/o TASAS de certificaci\u00f3n. Es importante que te informes antes de iniciar un MOOC.<\/em><\/p>\n<p style=\"text-align: justify;\"><a href=\"https:\/\/www.coursera.org\/\">COURSERA.<\/a> Cursos en diferentes idiomas. En Espa\u00f1ol incluye los cursos que oferta la Universitat Autonoma de Barcelona, entre otros.<\/p>\n<p style=\"text-align: justify;\"><a href=\"https:\/\/www.miriadax.net\/\">MIR\u00cdADA X<\/a> ofrece una plataforma\u00a0de acceso a\u00a0diferentes Cursos Online Masivos en Abierto (MOOC\u00b4s), accesibles para todo el mundo de manera gratuita.<\/p>\n<p style=\"text-align: justify;\"><a href=\"http:\/\/www.mooc.es\/\">MOOC: <\/a>Cursos Masivos Online Abiertos. Cursos ofertados por diferentes universidades.<\/p>\n<p style=\"text-align: justify;\"><a href=\"http:\/\/www.iaeu.net\/\">INSTITUTO DE ALTOS ESTUDIOS UNIVERSITARIOS EN ABIERTO<\/a>\u00a0ofrece el acceso gratuito, libre y abierto a conocimientos generados en el \u00e1mbito universitario. Las Universidades que participan en el programa san: Universidad de Alcal\u00e1, Universidad de Granada, Universidad de Le\u00f3n y Universidad Europea Miguel de Cervantes.<\/p>\n<p style=\"text-align: justify;\"><a href=\"http:\/\/citep.rec.uba.ar\/escenarios-educativos-con-tecnologia-entre-lo-real-y-lo-posible\/\">ESCENARIOS EDUCATIVOS CON TECNOLOG\u00cdA: ENTRE LO REAL Y LO POSIBLE <\/a>(CITEP, Universidad de Buenos Aires, Argentina). Pensado para personas relacionadas con el mundo de la formaci\u00f3n y con inter\u00e9s en la tecnolog\u00eda aplicada a la ense\u00f1anza. Aborda, entre otros aspectos, los entornos web dise\u00f1ados para la ense\u00f1anza y el aprendizaje, las redes sociales y el movimiento abierto en educaci\u00f3n.<\/p>\n<p style=\"text-align: justify;\"><span style=\"color: #000080;\"><em><strong>UNIVERSIDADES QUE OFERTAN CURSOS MOOC<\/strong><\/em><\/span><\/p>\n<p style=\"text-align: justify;\"><a href=\"https:\/\/unedcoma.es\/\">UNEDCOMA:<\/a> entorno de formaci\u00f3n abierta de la UNED donde se puede acceder a cursos online masivos y abiertos.<\/p>\n<p style=\"text-align: justify;\"><a href=\"http:\/\/www.unav.edu\/web\/estudios\/mooc\/\">CURSOS MOOC UNIVERSIDAD DE NAVARRA:<\/a> cursos online de la Universidad de Navarra divididos en unidades docentes que exigen entre 8 y 12 horas de dedicaci\u00f3n al alumno, distribuidas entre 2 y 4 semanas.<\/p>\n<p style=\"text-align: justify;\"><a href=\"http:\/\/www.upvx.es\/\">UPV (X) FORMACI\u00d3N ONLINE.<\/a> Universidad Polit\u00e9cnica de Valencia.<\/p>\n<p style=\"text-align: justify;\"><span style=\"color: #000080;\"><strong>OPENCOURSEWARE Y OCW SITE<\/strong><\/span><\/p>\n<p style=\"text-align: justify;\"><em>OpenCourseWare (OCW) es una iniciativa que proporciona un acceso libre, sencillo y coherente a los materiales docentes para educadores, estudiantes y autodidactas de todo el mundo. El \u00e9xito alcanzado ha posibilitado crear un movimiento flexible para la colaboraci\u00f3n y las sinergias entre universidades.<\/em><\/p>\n<p style=\"text-align: justify;\"><em>Un OCW NO es un servicio de formaci\u00f3n a distancia, por lo que no hay interacci\u00f3n profesor\/alumno ni ning\u00fan tipo de acreditaci\u00f3n o reconocimiento por parte de la instituci\u00f3n. S\u00cd supone un espacio para el autoaprendizaje y la adquisici\u00f3n de conocimientos.<\/em><\/p>\n<p style=\"text-align: justify;\"><a href=\"https:\/\/ocw.unican.es\/course\/index2.php#:~:text=OpenCourseWare%20es%20una%20iniciativa%20editorial,de%20ense%C3%B1anza%20universitaria%20en%20abierto.&amp;text=Por%20ello%2C%20y%20por%20no,de%20pertenecer%20a%20una%20universidad.\">INICIATIVA OCW UNIVERSIA<\/a>\u00a0Es un espacio con amplia informaci\u00f3n sobre los OCW donde puedes encontrar un acceso directo a todas las instituciones integrantes y\/o un acceso a los contenidos clasificados por \u00e1reas de conocimiento.<\/p>\n","protected":false},"excerpt":{"rendered":"<p>CURSOS MOOC Los MOOC son una nueva\u00a0v\u00eda de formaci\u00f3n que da la posibilidad a todo aquel que quiera, de aprender realizando cursos masivos, abiertos y gratuitos a trav\u00e9s de Internet, ofrecidos principalmente por las universidades, pero tambi\u00e9n por otras organizaciones. &hellip; <a href=\"https:\/\/servicios.unileon.es\/formacion-pas\/formacion-abierta-on-line\/\">Sigue leyendo <span class=\"meta-nav\">&rarr;<\/span><\/a><\/p>\n","protected":false},"author":1,"featured_media":0,"parent":0,"menu_order":0,"comment_status":"closed","ping_status":"open","template":"","meta":{"footnotes":""},"class_list":["post-18","page","type-page","status-publish","hentry"],"_links":{"self":[{"href":"https:\/\/servicios.unileon.es\/formacion-pas\/wp-json\/wp\/v2\/pages\/18","targetHints":{"allow":["GET"]}}],"collection":[{"href":"https:\/\/servicios.unileon.es\/formacion-pas\/wp-json\/wp\/v2\/pages"}],"about":[{"href":"https:\/\/servicios.unileon.es\/formacion-pas\/wp-json\/wp\/v2\/types\/page"}],"author":[{"embeddable":true,"href":"https:\/\/servicios.unileon.es\/formacion-pas\/wp-json\/wp\/v2\/users\/1"}],"replies":[{"embeddable":true,"href":"https:\/\/servicios.unileon.es\/formacion-pas\/wp-json\/wp\/v2\/comments?post=18"}],"version-history":[{"count":16,"href":"https:\/\/servicios.unileon.es\/formacion-pas\/wp-json\/wp\/v2\/pages\/18\/revisions"}],"predecessor-version":[{"id":96,"href":"https:\/\/servicios.unileon.es\/formacion-pas\/wp-json\/wp\/v2\/pages\/18\/revisions\/96"}],"wp:attachment":[{"href":"https:\/\/servicios.unileon.es\/formacion-pas\/wp-json\/wp\/v2\/media?parent=18"}],"curies":[{"name":"wp","href":"https:\/\/api.w.org\/{rel}","templated":true}]}}