{"id":10,"date":"2014-02-03T08:58:19","date_gmt":"2014-02-03T08:58:19","guid":{"rendered":"http:\/\/servicios.unileon.es\/formacion-pas\/?page_id=10"},"modified":"2025-04-02T12:33:26","modified_gmt":"2025-04-02T12:33:26","slug":"matricularme-en-un-curso","status":"publish","type":"page","link":"https:\/\/servicios.unileon.es\/formacion-pas\/matricularme-en-un-curso\/","title":{"rendered":"Matricularme en un curso"},"content":{"rendered":"<p style=\"text-align: justify;\">La matr\u00edcula de los cursos se realizar\u00e1 a trav\u00e9s del enlace: <a href=\"https:\/\/fgulem.unileon.es\/eformacion\/oferta.aspx?m=3\">solicitar curso<\/a><\/p>\n<p>&nbsp;<\/p>\n","protected":false},"excerpt":{"rendered":"<p>La matr\u00edcula de los cursos se realizar\u00e1 a trav\u00e9s del enlace: solicitar curso &nbsp;<\/p>\n","protected":false},"author":1,"featured_media":0,"parent":0,"menu_order":0,"comment_status":"closed","ping_status":"open","template":"","meta":{"footnotes":""},"class_list":["post-10","page","type-page","status-publish","hentry"],"_links":{"self":[{"href":"https:\/\/servicios.unileon.es\/formacion-pas\/wp-json\/wp\/v2\/pages\/10","targetHints":{"allow":["GET"]}}],"collection":[{"href":"https:\/\/servicios.unileon.es\/formacion-pas\/wp-json\/wp\/v2\/pages"}],"about":[{"href":"https:\/\/servicios.unileon.es\/formacion-pas\/wp-json\/wp\/v2\/types\/page"}],"author":[{"embeddable":true,"href":"https:\/\/servicios.unileon.es\/formacion-pas\/wp-json\/wp\/v2\/users\/1"}],"replies":[{"embeddable":true,"href":"https:\/\/servicios.unileon.es\/formacion-pas\/wp-json\/wp\/v2\/comments?post=10"}],"version-history":[{"count":8,"href":"https:\/\/servicios.unileon.es\/formacion-pas\/wp-json\/wp\/v2\/pages\/10\/revisions"}],"predecessor-version":[{"id":1840,"href":"https:\/\/servicios.unileon.es\/formacion-pas\/wp-json\/wp\/v2\/pages\/10\/revisions\/1840"}],"wp:attachment":[{"href":"https:\/\/servicios.unileon.es\/formacion-pas\/wp-json\/wp\/v2\/media?parent=10"}],"curies":[{"name":"wp","href":"https:\/\/api.w.org\/{rel}","templated":true}]}}