{"id":11,"date":"2014-02-03T08:45:25","date_gmt":"2014-02-03T08:45:25","guid":{"rendered":"http:\/\/servicios.unileon.es\/escuela-de-formacion-ule\/?page_id=11"},"modified":"2025-11-13T06:52:32","modified_gmt":"2025-11-13T06:52:32","slug":"escuela-de-formacion","status":"publish","type":"page","link":"https:\/\/servicios.unileon.es\/escuela-de-formacion\/","title":{"rendered":"Escuela de Formaci\u00f3n"},"content":{"rendered":"<p>&nbsp;<\/p>\n<p style=\"font-size: 15px;\"><span style=\"float: left; text-align: center; margin-left: 50px;\"><a href=\"https:\/\/servicios.unileon.es\/formacion-pas\/\"><img decoding=\"async\" src=\"https:\/\/servicios.unileon.es\/escuela-de-formacion-ule\/wp-content\/blogs.dir\/38\/files\/2014\/02\/formacion-pas.png\" alt=\"Formaci\u00f3n P.A.S.\" \/><br \/>\n<strong>Formaci\u00f3n P.T.G.A.S.<\/strong><\/a><\/span><span style=\"float: right; text-align: center; margin-right: 50px;\"><a href=\"https:\/\/servicios.unileon.es\/formacion-pdi\/\"><img decoding=\"async\" src=\"https:\/\/servicios.unileon.es\/escuela-de-formacion-ule\/wp-content\/blogs.dir\/38\/files\/2014\/02\/formacion-pdi.png\" alt=\"Formaci\u00f3n P.D.I.\" \/><br \/>\n<strong>Formaci\u00f3n P.D.I.<\/strong><\/a><\/span><\/p>\n<p style=\"font-size: 15px;\"><span style=\"float: left; text-align: center; margin-left: 50px;\"><a href=\"https:\/\/servicios.unileon.es\/formacion-transversal-alumnos-de-doctorado\/\"><img decoding=\"async\" src=\"https:\/\/servicios.unileon.es\/escuela-de-formacion-ule\/wp-content\/blogs.dir\/38\/files\/2020\/03\/formacion_doctorado.png\" alt=\"Formaci\u00f3n transversal alumnos de doctorado\" \/><br \/>\n<strong>Formaci\u00f3n transversal<br \/>\nalumnos de doctorado<\/strong><\/a><\/span><span style=\"float: right; text-align: center; margin-right: 50px;\"><a href=\"https:\/\/servicios.unileon.es\/innovacion-docente\/\"><img decoding=\"async\" src=\"https:\/\/servicios.unileon.es\/escuela-de-formacion-ule\/wp-content\/blogs.dir\/38\/files\/2020\/03\/innovacion_docente.png\" alt=\"Innovaci\u00f3n Docente\" \/><br \/>\n<strong>Innovaci\u00f3n Docente<\/strong><\/a><\/span><\/p>\n<p>&nbsp;<\/p>\n","protected":false},"excerpt":{"rendered":"<p>&nbsp; Formaci\u00f3n P.T.G.A.S. Formaci\u00f3n P.D.I. Formaci\u00f3n transversal alumnos de doctorado Innovaci\u00f3n Docente &nbsp;<\/p>\n","protected":false},"author":1,"featured_media":0,"parent":0,"menu_order":0,"comment_status":"closed","ping_status":"open","template":"","meta":{"footnotes":""},"class_list":["post-11","page","type-page","status-publish","hentry"],"_links":{"self":[{"href":"https:\/\/servicios.unileon.es\/escuela-de-formacion\/wp-json\/wp\/v2\/pages\/11","targetHints":{"allow":["GET"]}}],"collection":[{"href":"https:\/\/servicios.unileon.es\/escuela-de-formacion\/wp-json\/wp\/v2\/pages"}],"about":[{"href":"https:\/\/servicios.unileon.es\/escuela-de-formacion\/wp-json\/wp\/v2\/types\/page"}],"author":[{"embeddable":true,"href":"https:\/\/servicios.unileon.es\/escuela-de-formacion\/wp-json\/wp\/v2\/users\/1"}],"replies":[{"embeddable":true,"href":"https:\/\/servicios.unileon.es\/escuela-de-formacion\/wp-json\/wp\/v2\/comments?post=11"}],"version-history":[{"count":11,"href":"https:\/\/servicios.unileon.es\/escuela-de-formacion\/wp-json\/wp\/v2\/pages\/11\/revisions"}],"predecessor-version":[{"id":145,"href":"https:\/\/servicios.unileon.es\/escuela-de-formacion\/wp-json\/wp\/v2\/pages\/11\/revisions\/145"}],"wp:attachment":[{"href":"https:\/\/servicios.unileon.es\/escuela-de-formacion\/wp-json\/wp\/v2\/media?parent=11"}],"curies":[{"name":"wp","href":"https:\/\/api.w.org\/{rel}","templated":true}]}}