{"id":522,"date":"2024-07-03T11:44:27","date_gmt":"2024-07-03T11:44:27","guid":{"rendered":"https:\/\/servicios.unileon.es\/defensor\/?page_id=522"},"modified":"2024-07-08T08:32:21","modified_gmt":"2024-07-08T08:32:21","slug":"vi-ciclo-de-jornadas-abiertas","status":"publish","type":"page","link":"https:\/\/servicios.unileon.es\/defensor\/vi-ciclo-de-jornadas-abiertas\/","title":{"rendered":"VI Ciclo de Jornadas Abiertas"},"content":{"rendered":"Los d\u00edas 20 de marzo, 22, 29 y 30 de mayo de 2024 tendr\u00e1 lugar el VI Ciclo de Jornadas Abiertas sobre \u00abG\u00e9nero, Diversidad Sexual y Derecho\u00bb, organizadas por la Defensor\u00eda de la Comunidad Universitaria de la Universidad de Le\u00f3n.\r\n\r\nLa matr\u00edcula es gratuita, y la inscripci\u00f3n ha de realizarse a trav\u00e9s de un formulario.\r\n\r\nLas jornadas han sido financiadas por el Pacto de Estado contra la Violencia de G\u00e9nero y la Universidad de Le\u00f3n.\r\n\r\nSe entregar\u00e1 certificado de asistencia de cada jornada, y quienes asistan al 80% de las 4 jornadas y superen la prueba podr\u00e1n optar al reconocimiento de 1 cr\u00e9dito ECTS.\r\n\r\n<strong><u>\u00a0<\/u><\/strong>\r\n\r\n<strong><u>PROGRAMA<\/u><\/strong>\r\n\r\n<strong>PRIMERA JORNADA \u2013 D\u00cdA 20 DE MARZO DE 2024 \u2013 \u201cSEXO G\u00c9NERO Y DEPORTE\u201d<\/strong>\r\n\r\nDirige: D\u00aa Mar\u00eda Perrino Pe\u00f1a\r\n\r\n16:00 Presentaci\u00f3n institucional\r\n\r\n16:15 Mesa Redonda \u201cG\u00e9nero, Educaci\u00f3n F\u00edsica y Deporte\u201d\r\n\r\nD\u00aa Mar\u00eda Jos\u00e9 Rienda, D. Joaqu\u00edn Piedra, D\u00aa Mar\u00eda Jos\u00e9 Girela\r\n\r\n17:45 Pausa caf\u00e9\r\n\r\n18:00 Taller 1: \u00abDeconstruyendo el g\u00e9nero en la cultura corporal\u00bb: Taller de alfabetizaci\u00f3n visual. D\u00aa Alba Gonz\u00e1lez\r\n\r\n19:00 Taller 2: \u201cLa tarjeta morada\u201d, La importancia de los medios de comunicaci\u00f3n y las redes sociales para lograr la igualdad de g\u00e9nero. D\u00aa Carmen Zaragoza\r\n\r\n<a href=\"https:\/\/servicios.unileon.es\/defensor\/files\/2024\/07\/CARTEL-1-jornada-deporte-y-genero.pdf\">CARTEL 1 jornada deporte y g\u00e9nero<\/a>\r\n\r\n<strong>SEGUNDA JORNADA \u2013 D\u00cdA 22 DE MAYO DE 2024 \u2013 \u201cG\u00c9NERO, DIVERSIDAD, MEDIOS AUDIOVISUALES\u201d<\/strong>\r\n\r\nDirige: D. Paulino C\u00e9sar Pardo Prieto\r\n\r\n16:00 Presentaci\u00f3n Institucional\r\n\r\n16:15 Mesa redonda \u201cG\u00e9nero, Diversidad y Medios Audiovisuales\u201d &#8211; D. Ra\u00fal Tej\u00f3n, D. Paco Tom\u00e1s, D\u00aa. Marta Pastor y D. David Guerrero\r\n\r\n<a href=\"https:\/\/servicios.unileon.es\/defensor\/files\/2024\/07\/CARTEL-2-JORNADA-Genero-Diversidad-Medios-Audiovisuales\">CARTEL 2 JORNADA G\u00e9nero, Diversidad, Medios Audiovisuales<\/a>\r\n\r\n<a href=\"https:\/\/drive.google.com\/file\/d\/1bhukAJNOQY101yvI9rbEdT1byXsPkbDB\/view?usp=drive_link\">Video 2 jornada<\/a>\r\n\r\n<strong>TERCERA JORNADA \u2013 D\u00cdA 29 DE MAYO DE 2024 \u2013 \u201cPornograf\u00eda, Prostituci\u00f3n Y Violencia\u201d<\/strong>\r\n\r\nDirige: D\u00aa Jessica Mart\u00ednez S\u00e1nchez\r\n\r\n16:00 Presentaci\u00f3n de la Jornada\r\n\r\n16:10 \u201cPornograf\u00eda. El placer del poder\u201d D\u00aa Rosa Cobo Bed\u00eda\r\n\r\n17:15 Pausa caf\u00e9\r\n\r\n17:45 \u201cImpunidad de la violencia sexual\u201d D\u00aa Altamira Gonzalo\r\n\r\n18:45 \u201cProstituci\u00f3n y pornograf\u00eda. El enfoque desde el derecho penal\u201d D\u00aa Mar\u00eda Anunciaci\u00f3n Trapero Barreales\r\n\r\n<a href=\"https:\/\/servicios.unileon.es\/defensor\/files\/2024\/07\/CARTEL-3-JORNADA-Programa-Pornografia-Prostitucion-y-Violencia\">CARTEL 3 JORNADA Programa Pornograf\u00eda, Prostituci\u00f3n y Violencia<\/a>\r\n\r\n<strong>CUARTA JORNADA \u2013 D\u00cdA 30 DE MAYO DE 2024 \u2013 \u201cINVISIBILIDAD DE LA MUJER\u201d<\/strong>\r\n\r\nDirige: D\u00aa Mar\u00eda Concepci\u00f3n Unanue Cuesta\r\n\r\n17:00 Presentaci\u00f3n de la Jornada\r\n\r\n17:10 La invisibilizaci\u00f3n de las mujeres en la academia y en la investigaci\u00f3n &#8211; D\u00aa Capitolina D\u00edez Mart\u00ednez\r\n\r\n17:55 La invisibilizaci\u00f3n de las mujeres en el arte, la literatura y el periodismo &#8211; D\u00aa \u00c1ngeles Caso Machicado\r\n\r\n18:40 Conversatorio de las ponentes con el p\u00fablico asistente\r\n\r\n<a href=\"https:\/\/servicios.unileon.es\/defensor\/files\/2024\/07\/CARTEL-4-JORNADA-Invisibilidad-de-la-mujer\">CARTEL 4 JORNADA Invisibilidad de la mujer<\/a>","protected":false},"excerpt":{"rendered":"<p>Los d\u00edas 20 de marzo, 22, 29 y 30 de mayo de 2024 tendr\u00e1 lugar el VI Ciclo de Jornadas Abiertas sobre \u00abG\u00e9nero, Diversidad Sexual y Derecho\u00bb, organizadas por la Defensor\u00eda de la Comunidad Universitaria de la Universidad de Le\u00f3n. La matr\u00edcula es gratuita, y la inscripci\u00f3n ha de realizarse a trav\u00e9s de un formulario. [&hellip;]<\/p>\n","protected":false},"author":815,"featured_media":0,"parent":0,"menu_order":0,"comment_status":"closed","ping_status":"closed","template":"","meta":{"footnotes":""},"class_list":["post-522","page","type-page","status-publish","hentry"],"_links":{"self":[{"href":"https:\/\/servicios.unileon.es\/defensor\/wp-json\/wp\/v2\/pages\/522","targetHints":{"allow":["GET"]}}],"collection":[{"href":"https:\/\/servicios.unileon.es\/defensor\/wp-json\/wp\/v2\/pages"}],"about":[{"href":"https:\/\/servicios.unileon.es\/defensor\/wp-json\/wp\/v2\/types\/page"}],"author":[{"embeddable":true,"href":"https:\/\/servicios.unileon.es\/defensor\/wp-json\/wp\/v2\/users\/815"}],"replies":[{"embeddable":true,"href":"https:\/\/servicios.unileon.es\/defensor\/wp-json\/wp\/v2\/comments?post=522"}],"version-history":[{"count":5,"href":"https:\/\/servicios.unileon.es\/defensor\/wp-json\/wp\/v2\/pages\/522\/revisions"}],"predecessor-version":[{"id":544,"href":"https:\/\/servicios.unileon.es\/defensor\/wp-json\/wp\/v2\/pages\/522\/revisions\/544"}],"wp:attachment":[{"href":"https:\/\/servicios.unileon.es\/defensor\/wp-json\/wp\/v2\/media?parent=522"}],"curies":[{"name":"wp","href":"https:\/\/api.w.org\/{rel}","templated":true}]}}