{"id":509,"date":"2024-07-03T09:46:47","date_gmt":"2024-07-03T09:46:47","guid":{"rendered":"https:\/\/servicios.unileon.es\/defensor\/?page_id=509"},"modified":"2024-07-03T11:31:39","modified_gmt":"2024-07-03T11:31:39","slug":"v-ciclo-de-jornadas-abiertas","status":"publish","type":"page","link":"https:\/\/servicios.unileon.es\/defensor\/v-ciclo-de-jornadas-abiertas\/","title":{"rendered":"V Ciclo de Jornadas Abiertas"},"content":{"rendered":"<a href=\"https:\/\/servicios.unileon.es\/defensor\/files\/2024\/07\/Programa-V-ciclo-de-jornadas-Genero-diversidad-sexual-y-derechos-3.pdf\">Programa V ciclo de jornadas G\u00e9nero, diversidad sexual y derechos-3<\/a>\r\n\r\nLos d\u00edas 23 de marzo, 4 y 25 de mayo y 26 de junio de 2023 tendr\u00e1 lugar el V Ciclo de Jornadas Abiertas sobre \u00abG\u00e9nero, Diversidad Sexual y Derecho\u00bb, organizadas por la Defensor\u00eda de la Comunidad Universitaria de la Universidad de Le\u00f3n.\r\n\r\nLa matr\u00edcula es gratuita, y la inscripci\u00f3n ha de realizarse a trav\u00e9s de un formulario.\r\n\r\nSe entregar\u00e1 certificado de asistencia, y quienes realicen la inscripci\u00f3n y superen la prueba podr\u00e1n optar al reconocimiento de 1 cr\u00e9dito ECTS.\r\n\r\n<strong><u>\u00a0<\/u><\/strong>\r\n\r\n<strong><u>PROGRAMA<\/u><\/strong>\r\n\r\n<strong>PRIMERA JORNADA \u2013 D\u00cdA 23 DE MARZO DE 2023 &#8211; MUJERES CON ARTE, ARTE CON MUJERES<\/strong>\r\n\r\n17:00 horas. &#8211; Inauguraci\u00f3n del V Ciclo de Jornadas sobre g\u00e9nero, diversidad sexual y derechos. Excmo. Sr. D. Juan Francisco Garc\u00eda Mar\u00edn, Magn\u00edfico Rector de la Universidad de Le\u00f3n.\r\n\r\nDirige: D\u00aa. Adelina Rodr\u00edguez Pacios y modera: D\u00aa. Ana Mar\u00eda Rodr\u00edguez Otero. Bibliotecaria de la biblioteca de San Isidoro de la Universidad de Le\u00f3n Unidad de Adquisici\u00f3n y Gesti\u00f3n de la Colecci\u00f3n.\r\n\r\nD\u00aa. \u00c1ngeles Caso. Escritora y periodista. \u201cMujeres en la pintura\u201d\r\n\r\nD\u00aa. Mar\u00eda Novas Ferrad\u00e1s. Arquitecta. \u201cMujeres en la arquitectura\u201d\r\n\r\nD\u00aa. Sara Herr\u00e1nz. Ilustradora y escritora. \u201cMujeres en la edici\u00f3n\u201d\r\n\r\nD\u00aa. Beatriz Nieto. Productora creativa. \u201cLa producci\u00f3n\u201d\r\n\r\nD\u00aa. Noelia Rueda. Actriz. \u201cMujer en el teatro y el cine\u201d\r\n\r\n&nbsp;\r\n\r\n<strong>SEGUNDA JORNADA \u2013 D\u00cdA 4 DE MAYO DE 2023 &#8211; DIVERSAS EN LA DIVERSIDAD<\/strong>\r\n\r\n16:30 horas. Dirige: D\u00aa. Concepci\u00f3n Unanue Cuesta\r\n\r\nPresentaci\u00f3n de la jornada a cargo de D. Antonio Jos\u00e9 Laborda Navia, Decano de la Facultad de Ciencias Biol\u00f3gicas y Ambientales.\r\n\r\n16:40. D\u00aa. Mar\u00eda Dolores \u2013Boti- Garc\u00eda Rodrigo. Directora General de diversidad sexual y derechos LGTBI del Ministerio de Igualdad. \u201cSer lesbiana en Espa\u00f1a. Vivencia de las mujeres lesbianas en el contexto espa\u00f1ol\u201d.\r\n\r\n17:15. D\u00aa. Mercedes S\u00e1nchez S\u00e1inz. Profesora de la Facultad de Educaci\u00f3n &#8211; Centro de formaci\u00f3n del profesorado de la Universidad Complutense de Madrid. \u201cLa LGBTIQ+fobia y sus consecuencias \u00bfQu\u00e9 est\u00e1 pasando en la educaci\u00f3n?\u201d\r\n\r\n18:00. D\u00aa. Camino Bar\u00f3 San Frutos. Psic\u00f3loga general sanitaria. Experta en terapia familiar sist\u00e9mica. \u00abIntersexualidades: una aproximaci\u00f3n a la diversidad corporal en primera persona\u00bb\r\n\r\n&nbsp;\r\n\r\n<strong>TERCERA JORNADA &#8211; D\u00cdA 25 DE MAYO DE 2023 &#8211; \u00abENVEJECIMIENTO, INVISIBILIDAD Y G\u00c9NERO\u00bb<\/strong>\r\n\r\n16:30 horas. Dirige: D\u00aa. Adelina Rodr\u00edguez Pacios\r\n\r\nPresentaci\u00f3n de la Jornada a cargo de la Sra. Vicerrectora del Campus de Ponferrada de la Universidad de Le\u00f3n, D\u00aa. M\u00aa Pilar Marqu\u00e9s S\u00e1nchez.\r\n\r\nMesa 1. El envejecimiento con perspectiva de g\u00e9nero: invisibilidad y salud sexual. Coordina: D\u00aa. Enedina Quiroga S\u00e1nchez. PAYUD Departamento de Enfermer\u00eda y Fisioterapia (Ponferrada).\r\n\r\n&#8211; D. Abel Renuncio Roba. M\u00e9dico especialista en ginecolog\u00eda. Unidad de Atenci\u00f3n a la Mujer. Hospital Universitario de Burgos. \u00abLa vida de las mujeres: entre la invisibilidad y la cuenta atr\u00e1s\u00bb\r\n\r\n&#8211; D\u00aa. Mirella Guzm\u00e1n Cebri\u00e1n. M\u00e9dica especialista en obstetricia y ginecolog\u00eda. Complejo asistencial Universitario de Le\u00f3n. \u00abSexualidad femenina saludable en la menopausia\u00bb\r\n\r\n&#8211; D\u00aa. Selene de la Fuente Garc\u00eda. Profesora Asociada del \u00c1rea de Derecho eclesi\u00e1stico del Estado de la Universidad de Le\u00f3n. \u201cLa salud de la mujer perteneciente a minor\u00edas\u201d.\r\n\r\nMesa 2. \u00bfAcompa\u00f1adas en una soledad no deseada? La soledad no deseada en las mujeres. Coordina: Adelina Rodr\u00edguez Pacios. Directora del \u00e1rea social del Vicerrectorado de responsabilidad social, cultura y deporte.\r\n\r\n&#8211; D\u00aa. Isabel Trinidad Enrique. Agente de igualdad de oportunidades. Ayuntamiento de Ponferrada.\r\n\r\n&#8211; D\u00aa. Raquel Pereira Hern\u00e1ndez. Trabajadora social. Programa de lucha contra la soledad no deseada. Ayuntamiento de Ponferrada.\r\n\r\n&nbsp;\r\n\r\n<strong>CUARTA JORNADA &#8211; D\u00cdA 1 DE JUNIO DE 2023 VIOLENCIAS NO VISIBLES CONTRA LAS MUJERES: LA VIOLENCIA ECON\u00d3MICA<\/strong>\r\n\r\n16:00 horas. Dirige: D\u00aa. Jessica Mart\u00ednez S\u00e1nchez\r\n\r\nPresentaci\u00f3n de la jornada a cargo del Sr. Subdelegado del Gobierno en Le\u00f3n, D. Faustino S\u00e1nchez Samartino, y del Sr.Vicerrector de responsabilidad social, cultura y deporte de la Universidad de Le\u00f3n, D. Isidoro Mart\u00ednez Mart\u00edn.\r\n\r\n16:10. D\u00aa. Inmaculada Dom\u00ednguez Fabi\u00e1n. Universidad de Extremadura. Investigadora principal del proyecto ECOVIO. \u201cViolencia econ\u00f3mica, un aspecto inexplorado de la violencia de g\u00e9nero\u201d.\r\n\r\n16:40. D\u00aa. Tania Yugueros Guti\u00e9rrez. Responsable del programa \u201cPrevenci\u00f3n violencia\u201d de la Fundaci\u00f3n Familias Monoparentales Isadora Duncan. \u201cAhora nos vais a escuchar\u201d.\r\n\r\n17:20. D\u00aa. Ana Mar\u00eda Garc\u00eda Fern\u00e1ndez. Abogada y Mediadora de la Asociaci\u00f3n de Mujeres Separadas y Divorciadas \u201cCarmen Garc\u00eda Castell\u00f3n\u201d. \u201cLa mujer v\u00edctima de violencia econ\u00f3mica y su experiencia con los procesos judiciales\u201d.\r\n\r\n18:00. D\u00aa. Luc\u00eda Avil\u00e9s Palacios. Magistrada del Juzgado de lo Penal n\u00ba 2 de Matar\u00f3 y Reconocimiento Menina 2022. \u00abIniciativa legislativa judicial sobre violencia econ\u00f3mica de g\u00e9nero\u00bb.\r\n\r\n18:45. Clausura del V Ciclo de jornadas sobre g\u00e9nero, diversidad sexual y derechos. Sr. Defensor de la Comunidad Universitaria de la Ule, D. Paulino C. Pardo Prieto.","protected":false},"excerpt":{"rendered":"<p>Programa V ciclo de jornadas G\u00e9nero, diversidad sexual y derechos-3 Los d\u00edas 23 de marzo, 4 y 25 de mayo y 26 de junio de 2023 tendr\u00e1 lugar el V Ciclo de Jornadas Abiertas sobre \u00abG\u00e9nero, Diversidad Sexual y Derecho\u00bb, organizadas por la Defensor\u00eda de la Comunidad Universitaria de la Universidad de Le\u00f3n. La matr\u00edcula [&hellip;]<\/p>\n","protected":false},"author":815,"featured_media":0,"parent":0,"menu_order":0,"comment_status":"closed","ping_status":"closed","template":"","meta":{"footnotes":""},"class_list":["post-509","page","type-page","status-publish","hentry"],"_links":{"self":[{"href":"https:\/\/servicios.unileon.es\/defensor\/wp-json\/wp\/v2\/pages\/509","targetHints":{"allow":["GET"]}}],"collection":[{"href":"https:\/\/servicios.unileon.es\/defensor\/wp-json\/wp\/v2\/pages"}],"about":[{"href":"https:\/\/servicios.unileon.es\/defensor\/wp-json\/wp\/v2\/types\/page"}],"author":[{"embeddable":true,"href":"https:\/\/servicios.unileon.es\/defensor\/wp-json\/wp\/v2\/users\/815"}],"replies":[{"embeddable":true,"href":"https:\/\/servicios.unileon.es\/defensor\/wp-json\/wp\/v2\/comments?post=509"}],"version-history":[{"count":5,"href":"https:\/\/servicios.unileon.es\/defensor\/wp-json\/wp\/v2\/pages\/509\/revisions"}],"predecessor-version":[{"id":521,"href":"https:\/\/servicios.unileon.es\/defensor\/wp-json\/wp\/v2\/pages\/509\/revisions\/521"}],"wp:attachment":[{"href":"https:\/\/servicios.unileon.es\/defensor\/wp-json\/wp\/v2\/media?parent=509"}],"curies":[{"name":"wp","href":"https:\/\/api.w.org\/{rel}","templated":true}]}}