{"id":477,"date":"2022-07-29T09:42:32","date_gmt":"2022-07-29T09:42:32","guid":{"rendered":"https:\/\/servicios.unileon.es\/defensor\/?page_id=477"},"modified":"2022-07-29T09:44:11","modified_gmt":"2022-07-29T09:44:11","slug":"european-network-of-ombuds-in-higher-education-17a-conferencia-enohe","status":"publish","type":"page","link":"https:\/\/servicios.unileon.es\/defensor\/european-network-of-ombuds-in-higher-education-17a-conferencia-enohe\/","title":{"rendered":"European Network of Ombuds in Higher Education &#8211; 17\u00aa Conferencia ENOHE"},"content":{"rendered":"<p style=\"text-align: justify;\">Del 7 al 10 de junio de 2022, en Atenas, Grecia, ha tenido lugar la 17.\u00aa conferencia anual ENOHE bajo el t\u00edtulo:\r\n<strong>Derechos de los estudiantes y valores de los defensores del pueblo: garantizar la inclusi\u00f3n en la educaci\u00f3n superior<\/strong><\/p>\r\n<p style=\"text-align: justify;\">Ha sido la primera conferencia en persona desde 2019 y ha estado organizada por la Universidad T\u00e9cnica Nacional de Atenas (NTUA) en Atenas, Grecia. El programa es el siguiente:<\/p>\r\n<p style=\"text-align: justify;\"><strong>Martes 7 de junio de 2022,<\/strong><\/p>\r\n<p style=\"text-align: justify;\">Taller previo a la conferencia:<strong><em>\r\nHabilidades de investigaci\u00f3n para tramitadores de quejas y defensores del pueblo<\/em><\/strong><\/p>\r\n<p style=\"text-align: justify;\">Este taller interactivo llevar\u00e1 a los participantes a trav\u00e9s de una queja estudiantil &#8216;t\u00edpica&#8217; (\u00a1y ficticia!), desde su presentaci\u00f3n inicial hasta su resoluci\u00f3n.\u00a0\u00bfC\u00f3mo nos ponemos a investigarlo?\u00a0\u00bfQu\u00e9 tomamos en consideraci\u00f3n?\u00a0Incluso si no defendemos la denuncia, \u00bfqu\u00e9 podemos aprender de ella para el futuro?<\/p>\r\n<p style=\"text-align: justify;\"><strong>Mi\u00e9rcoles 8 de junio, jueves 9 de junio y viernes 10 de junio\u00a0<\/strong><\/p>\r\n<p style=\"text-align: justify;\">Conferencia:<strong><em>\r\nDerechos de los Estudiantes y Valores del Defensor del Pueblo: Asegurando la Inclusi\u00f3n en la Educaci\u00f3n Superior<\/em><\/strong><\/p>\r\n<p style=\"text-align: justify;\">La conferencia ENOHE 2022 incluir\u00e1 una combinaci\u00f3n de sesiones plenarias y sesiones de trabajo en una variedad de formatos. Habr\u00e1 conferencias magistrales sobre temas relevantes en el mundo de la educaci\u00f3n superior.<\/p>\r\n<p style=\"text-align: justify;\">Tambi\u00e9n habr\u00e1 discursos de apertura de representantes de alto rango del Ministerio griego de Educaci\u00f3n y Asuntos Religiosos y de la Comisi\u00f3n Europea.<\/p>\r\n<p style=\"text-align: justify;\">Las sesiones de trabajo cubren una amplia gama de temas muy relevantes para nuestros variados roles, con oradores de todo el mundo;\u00a0algunos t\u00edtulos de las sesiones se incluyen a continuaci\u00f3n.<\/p>\r\n<p style=\"text-align: justify;\"><strong>Sesi\u00f3n Informativa de ENOHE y Asamblea General de ENOHE<\/strong><\/p>\r\n<p style=\"text-align: justify;\">Para todos los participantes de la conferencia habr\u00e1 una breve sesi\u00f3n informativa con una actualizaci\u00f3n de noticias sobre lo que est\u00e1 sucediendo dentro de ENOHE, incluido el plan estrat\u00e9gico de cinco a\u00f1os ENOHE 2021-2025 y el plan de trabajo ENOHE 2022 incluido.<\/p>\r\n<p style=\"text-align: justify;\">Para los miembros de ENOHE se realizar\u00e1 una Asamblea General el primer d\u00eda de la conferencia (mi\u00e9rcoles) inmediatamente despu\u00e9s del final de las sesiones de trabajo.\u00a0La agenda y documentos m\u00e1s detallados estar\u00e1n disponibles a su debido tiempo antes de la reuni\u00f3n.<\/p>","protected":false},"excerpt":{"rendered":"<p>Del 7 al 10 de junio de 2022, en Atenas, Grecia, ha tenido lugar la 17.\u00aa conferencia anual ENOHE bajo el t\u00edtulo: Derechos de los estudiantes y valores de los defensores del pueblo: garantizar la inclusi\u00f3n en la educaci\u00f3n superior Ha sido la primera conferencia en persona desde 2019 y ha estado organizada por la [&hellip;]<\/p>\n","protected":false},"author":757,"featured_media":0,"parent":0,"menu_order":0,"comment_status":"closed","ping_status":"closed","template":"","meta":{"footnotes":""},"class_list":["post-477","page","type-page","status-publish","hentry"],"_links":{"self":[{"href":"https:\/\/servicios.unileon.es\/defensor\/wp-json\/wp\/v2\/pages\/477","targetHints":{"allow":["GET"]}}],"collection":[{"href":"https:\/\/servicios.unileon.es\/defensor\/wp-json\/wp\/v2\/pages"}],"about":[{"href":"https:\/\/servicios.unileon.es\/defensor\/wp-json\/wp\/v2\/types\/page"}],"author":[{"embeddable":true,"href":"https:\/\/servicios.unileon.es\/defensor\/wp-json\/wp\/v2\/users\/757"}],"replies":[{"embeddable":true,"href":"https:\/\/servicios.unileon.es\/defensor\/wp-json\/wp\/v2\/comments?post=477"}],"version-history":[{"count":3,"href":"https:\/\/servicios.unileon.es\/defensor\/wp-json\/wp\/v2\/pages\/477\/revisions"}],"predecessor-version":[{"id":480,"href":"https:\/\/servicios.unileon.es\/defensor\/wp-json\/wp\/v2\/pages\/477\/revisions\/480"}],"wp:attachment":[{"href":"https:\/\/servicios.unileon.es\/defensor\/wp-json\/wp\/v2\/media?parent=477"}],"curies":[{"name":"wp","href":"https:\/\/api.w.org\/{rel}","templated":true}]}}