{"id":404,"date":"2021-11-15T12:42:08","date_gmt":"2021-11-15T12:42:08","guid":{"rendered":"https:\/\/servicios.unileon.es\/defensor\/?page_id=404"},"modified":"2022-01-12T10:51:18","modified_gmt":"2022-01-12T10:51:18","slug":"iv-ciclo-de-jornadas-abiertas","status":"publish","type":"page","link":"https:\/\/servicios.unileon.es\/defensor\/iv-ciclo-de-jornadas-abiertas\/","title":{"rendered":"IV Ciclo de Jornadas Abiertas"},"content":{"rendered":"<p style=\"text-align: justify;\">Los d\u00edas 11, 22, 23, 30 de noviembre y 1 de diciembre de 2021, se celebrar\u00e1 el IV Ciclo de Jornadas Abiertas \u00ab<em>G\u00e9nero, diversidad sexual y derechos<\/em>\u00bb (1 cr\u00e9dito ECTS). Se realizar\u00e1 ON LINE.<\/p>\r\n<p style=\"font-weight: 400; text-align: justify;\">El ciclo ha sido organizado por la Defensor\u00eda de la Comunidad Universitaria y la Unidad de Igualdad, en colaboraci\u00f3n estrecha con los Vicerrectorados de Responsabilidad Social, Cultura y Deporte y de Relaciones Institucionales y con la Sociedad, as\u00ed como varias instituciones privadas y p\u00fablicas, entre ellas, muy significadamente, la Subdelegaci\u00f3n del Gobierno en Le\u00f3n y el Pacto de Estado contra la Violencia de G\u00e9nero.<\/p>\r\n<p style=\"text-align: justify;\">La matr\u00edcula es gratuita. La inscripci\u00f3n se realizar\u00e1 a trav\u00e9s del formulario que se encuentra en el siguiente enlace: <a href=\"https:\/\/forms.gle\/3zX83xfTyTKXojEe6\">https:\/\/forms.gle\/3zX83xfTyTKXojEe6<\/a><\/p>\r\n<p style=\"text-align: center;\"><a href=\"https:\/\/servicios.unileon.es\/defensor\/files\/2021\/12\/Programa-IV-Ciclo-Jornadas-Pagina-Web.pdf\"><strong>Programa IV Ciclo Jornadas<\/strong><\/a><\/p>\r\n\r\n<table style=\"border-collapse: collapse; width: 100%;\">\r\n<tbody>\r\n<tr>\r\n<td style=\"width: 100%;\">\r\n<p style=\"text-align: center;\"><strong>JORNADA PRIMERA &#8211;\u00a0<\/strong><strong>D\u00cdA 11 DE NOVIEMBRE DE 2021<\/strong><\/p>\r\n<p style=\"text-align: center;\"><strong><em>ACTIVISMO Y LUCHAS CONTEXTUALIZADAS. PRODUCCI\u00d3N, ENCARNACIONES Y CICATRICES DEL ACTIVISMO<\/em><\/strong><\/p>\r\n<\/td>\r\n<\/tr>\r\n<tr>\r\n<td style=\"width: 100%;\"><strong>17:00 horas. Inauguraci\u00f3n de la Jornada y del Ciclo de Jornadas:<\/strong>\r\n\r\n<strong>Rector de la Universidad de Le\u00f3n, <\/strong>D. Juan Francisco Garc\u00eda Mar\u00edn\r\n\r\n<strong>17:10 Horas. <\/strong>\r\n<p style=\"text-align: justify;\">Presenta y modera la mesa <strong>D\u00f1a. Concepci\u00f3n Unanue Cuesta<\/strong>, Doctora en antropolog\u00eda. PDI Universidad de Valladolid. Fundadora Colectivo Arcu Iris \u2013 Le\u00f3n.<\/p>\r\n<p style=\"text-align: justify;\"><strong>D\u00f1a. Ana Pinto y D\u00f1a. Najat Bassit<\/strong>. Jornaleras de Huelva en Lucha: \u201cRealidades, condiciones y organizaci\u00f3n de las Jornaleras de Huelva en Lucha\u201d.<\/p>\r\n<p style=\"text-align: justify;\"><strong>D\u00f1a. Houda Akrikez.<\/strong> Asociaci\u00f3n de Mujeres Tabadol de Ca\u00f1ada Real: \u201cLos nombres del miedo\u201d<\/p>\r\n<p style=\"text-align: justify;\"><strong>D\u00f1a. Mar\u00eda<\/strong> <strong>Teodacia Juncay Morocho.<\/strong> Emakume Migratu Feministak Sociosanitarias: \u201cDiferenciaci\u00f3n del trabajo de los cuidados Vs empleo de hogar interno\u201d<\/p>\r\n<p style=\"text-align: justify;\"><strong>D\u00f1a. Angeles Schjaer<\/strong>. Open Arms: \u201cMediterr\u00e1neo Central: la ruta m\u00e1s mort\u00edfera del planeta\u201d<\/p>\r\n<p style=\"text-align: justify;\"><strong>D\u00f1a. Beatriz Su\u00e1rez Briones<\/strong>. Profesora Doctora. \u201cActivismo LGTBIQ+ en la Academia\u201d.<\/p>\r\n<\/td>\r\n<\/tr>\r\n<tr>\r\n<td style=\"width: 100%;\">\r\n<p style=\"text-align: center;\"><strong>JORNADA SEGUNDA &#8211;\u00a0<\/strong><strong>D\u00cdA 22 DE NOVIEMBRE DE 2021<\/strong><\/p>\r\n<p style=\"text-align: center;\"><strong><em>G\u00c9NERO, DERECHO, MUJERES Y PRISI\u00d3N<\/em><\/strong><\/p>\r\n<\/td>\r\n<\/tr>\r\n<tr>\r\n<td style=\"width: 100%;\"><strong>17:00 horas. Apertura de la Jornada<\/strong>\r\n\r\n<strong>Sr. Subdelegado del Gobierno en Le\u00f3n, <\/strong>D. Faustino S\u00e1nchez Samartino.\r\n\r\n<strong>17:15 horas.<\/strong>\r\n\r\n<strong>Mesa 1: Mujeres en prisi\u00f3n. <\/strong>Presenta y modera la mesa <strong>D\u00f1a. Jessica Mart\u00ednez S\u00e1nchez.<\/strong> Coordinadora Accidental Unidades de Violencia sobre la Mujer, DGCyL.\r\n\r\n<strong>D\u00f1a. Concepci\u00f3n Yag\u00fce Olmos.<\/strong> \u2018Ejerciendo la maternidad en prisi\u00f3n\u2019\r\n\r\nDirectora de Programas. Ex subdirectora General de tratamiento y Gesti\u00f3n, Instituciones Penitenciarias. 17 a\u00f1os directora prisi\u00f3n de mujeres. Experta en Igualdad, Delincuencia y Criminolog\u00eda.\r\n\r\n<strong>D\u00f1a. Henar Garc\u00eda Casado. <\/strong>\u2018Mujeres Directivas en la Instituci\u00f3n Penitenciaria\u2019\r\n\r\nDirectora del Centro Penitenciario de Mansilla de las Mulas (Le\u00f3n).\r\n\r\n<strong>D\u00f1a. Cecilia Pollos Calvo. <\/strong>\u2018Mujeres profesionales en la Administraci\u00f3n Penitenciaria\u2019\r\n\r\nJurista del Cuerpo Superior de T\u00e9cnicos de Instituciones Penitenciarias y Consejera T\u00e9cnica en la Secretar\u00eda de Estado de Igualdad y contra la Violencia de G\u00e9nero.\r\n\r\n<strong>D\u00f1a. Esther Montero P\u00e9rez de Tudela. <\/strong>\u2018La mujer reclusa en la Instituci\u00f3n Penitenciaria\u2019.\r\n\r\nJurista Cuerpo Superior de T\u00e9cnicos de II.PP. Subdirectora de Tratamiento del Centro Penitenciario de Huelva. Doctora en criminolog\u00eda, profesora &#8211; colaboradora de la Universidad Loyola de Andaluc\u00eda\r\n\r\n<strong>18:30 horas.<\/strong>\r\n\r\n<strong>Mesa 2.- G\u00e9nero y Derecho: Una aproximaci\u00f3n hist\u00f3rica y actual. <\/strong>Presenta y modera la mesa <strong>D\u00f1a. Aurelia \u00c1lvarez Rodr\u00edguez<\/strong>. Catedr\u00e1tica de Derecho Internacional Privado de la Universidad de Le\u00f3n.\r\n\r\nD<strong>\u00f1a. Concepci\u00f3n Gimeno Presa. <\/strong>Profesora Titular de Filosof\u00eda del Derecho Universidad de Le\u00f3n: \u201cG\u00e9nero y poder judicial\u201d.\r\n\r\n<strong>D\u00f1a. Andrea Fern\u00e1ndez Ben\u00e9itez. <\/strong>Diputada por Le\u00f3n. Secretaria de Igualdad CEF PSOE. \u201cG\u00e9nero y derecho. Una aproximaci\u00f3n hist\u00f3rica\u201d.\r\n\r\n<strong>D\u00f1a. Stephan\u00eda Serrano Ju\u00e1rez<\/strong>. Doctoranda del Programa \u201cResponsabilidad jur\u00eddica. Estudio multidisciplinar\u201d de la Universidad de Le\u00f3n. \u201cMadres que delinquen: delitos de omisi\u00f3n en contextos de violencia\u201d.<\/td>\r\n<\/tr>\r\n<tr>\r\n<td style=\"width: 100%;\">\r\n<p style=\"text-align: center;\"><strong>JORNADA TERCERA &#8211; <\/strong><strong>D\u00cdA 23 DE NOVIEMBRE DE 2021 <\/strong><\/p>\r\n<p style=\"text-align: center;\"><strong><em>G\u00c9NERO Y SALUD<\/em><\/strong><\/p>\r\n<\/td>\r\n<\/tr>\r\n<tr>\r\n<td style=\"width: 100%;\"><strong>17:00 horas. Apertura de la Jornada. Adelina Rodr\u00edguez Pacios. <\/strong>Directora de la Unidad de Igualdad de la Universidad de Le\u00f3n.\r\n\r\n<strong>17:15 horas.<\/strong>\r\n\r\n<strong>Mesa 1.- Salud con perspectiva de g\u00e9nero. <\/strong>Presenta y modera la mesa <strong>D\u00f1a. M\u00aa del Rosario Marcos Santiago.<\/strong> Dra. en Sociolog\u00eda. Profesora del Dpto. de Psicolog\u00eda, Sociolog\u00eda y Filosof\u00eda. Universidad de Le\u00f3n\r\n\r\nD\u00f1a.\u00a0<strong>Tasia Ar\u00e1nguez S\u00e1nchez.<\/strong> Profa. Ayudante Doctora Filosof\u00eda del Derecho. Universidad de Granada. \u00abLa salud de las mujeres en perspectiva feminista\u00bb.\r\n\r\n<strong>D\u00f1a. Soledad Muruaga L\u00f3pez de Guere\u00f1u<\/strong>. Experta en salud de las mujeres. Presidenta y cofundadora en 1987 de la Asociaci\u00f3n de Mujeres para la Salud (AMS). \u00abLos factores bio psicosociales de g\u00e9nero en la salud integral de las mujeres\u00bb.\r\n\r\n<strong>D\u00f1a. Nuria Rodr\u00edguez Derecho<\/strong>. \u2013 Coordinadora de los Programas de Salud de la Fundaci\u00f3n Secretariado Gitano.\r\n\r\n<strong>D\u00f1a. Selene de la Fuente Garc\u00eda<\/strong>. T\u00e9cnica de igualdad de trato y lucha contra la discriminaci\u00f3n de la Fundaci\u00f3n Secretariado Gitano. \u00abSalud con perspectiva de g\u00e9nero: La mujer gitana\u00bb.\r\n\r\n<strong>\u00a0<\/strong><strong>18:30 horas.<\/strong>\r\n\r\n<strong>Mesa 2.- Las mujeres sanadoras: parteras, enfermeras, m\u00e9dicas. <\/strong>Presenta y modera la mesa<strong> D. Rub\u00e9n Garc\u00eda Fern\u00e1ndez<\/strong>, Departamento de Enfermer\u00eda y Fisioterapia de la Universidad de Le\u00f3n, Campus de Ponferrada.\r\n\r\n<strong>D\u00f1a. Elena Andina D\u00edaz. <\/strong>Profa. Dra. del Departamento de Enfermer\u00eda y Fisioterapia de la Universidad de Le\u00f3n. \u201cMujeres sanadoras\u201d\r\n\r\n<strong>D\u00f1a. Beatriz Garc\u00eda Prieto. <\/strong>Profesora Ayudante de la Universidad de Le\u00f3n: \u201cPioneras leonesas en ciencias de la salud\u201d.\r\n\r\n<strong>D\u00f1a. Teresa Rosa Calvo Mart\u00ednez. <\/strong>M\u00e9dica de Familia OSI E-E-Cruces Bizkaia. Referente de Igualdad de Cruces. Experta y M\u00e1ster en malos tratos. Especialista en Salud P\u00fablica y G\u00e9nero. Formadora de formadores en Violencia de G\u00e9nero. \u201cAsistencia sanitaria en atenci\u00f3n primaria con perspectiva de g\u00e9nero\u201d.<\/td>\r\n<\/tr>\r\n<tr>\r\n<td style=\"width: 100%;\">\r\n<p style=\"text-align: center;\"><strong>JORNADA CUARTA &#8211; <\/strong><strong>D\u00cdA 30 DE NOVIEMBRE DE 2021 <\/strong><\/p>\r\n<p style=\"text-align: center;\"><strong><em>PERIODISMO Y G\u00c9NERO<\/em><\/strong><\/p>\r\n<\/td>\r\n<\/tr>\r\n<tr>\r\n<td style=\"width: 100%;\"><strong>17:00 horas. Apertura de la Jornada. Paulino C\u00e9sar Pardo Prieto. <\/strong>Defensor de la Comunidad Universitaria de la Universidad de Le\u00f3n.\r\n\r\n<strong>17:15 horas.<\/strong>\r\n\r\n<strong>Mesa 1.- La implicaci\u00f3n del periodismo en los enfoques de g\u00e9nero. <\/strong>Presenta y modera la mesa <strong>D\u00f1a. Elena Rodr\u00edguez Costilla<\/strong>, Representante de Periodistas Feministas de Castilla y Le\u00f3n. Ponencia \u00abAsociacionismo de las periodistas feministas de Castilla y Le\u00f3n\u00bb.\r\n\r\n<strong>D\u00aa. Ana Gaitero Alonso. <\/strong>Redactora Especializada en G\u00e9nero del Diario de Le\u00f3n. Presidenta de la Asociaci\u00f3n de Periodistas Feministas de Castilla y Le\u00f3n. \u201cEvoluci\u00f3n del tratamiento con enfoque de g\u00e9nero en la prensa local\u201d\r\n\r\n<strong>D\u00f1a. Laura del Rio. <\/strong>\u00abDesinformaci\u00f3n y trols antifeministas: c\u00f3mo los identificamos y combatimos desde Maldito Feminismo\u00bb. Coordinadora de alfabetizaci\u00f3n medi\u00e1tica de la Fundaci\u00f3n Maldita.es\r\n\r\n<strong>18:30 horas.<\/strong>\r\n\r\n<strong>Mesa 2.- G\u00e9nero, vigilancia de lo p\u00fablico y salud reproductiva<\/strong>. Presenta y modera\u00a0<strong>D\u00f1a. Carmen Yolanda Garc\u00eda Ru\u00edz.<\/strong>\u00a0Profesora Titular Derecho Eclesi\u00e1stico del Estado. Universidad de Valencia.\r\n\r\nPonencia. \u201cLa salud reproductiva como derecho constitucional\u201d\r\n\r\n<strong>D\u00f1a. \u00c1ngela Bernardo \u00c1lvarez<\/strong>. Redactora de ciencia en Fundaci\u00f3n Ciudadana Civio. \u201cNegro sobre blanco: Acoso sexual en los \u00e1mbitos cient\u00edfico y acad\u00e9mico\u201d.\r\n\r\n<strong>D\u00f1a. Mar\u00eda \u00c1lvarez del Vayo Gonz\u00e1lez<\/strong>. Periodista especializada en acceso a la salud, Fundaci\u00f3n Ciudadana Civio. \u201cTemas con perspectiva de g\u00e9nero. Informes CIVIO sobre acceso a la anticoncepci\u00f3n y la reproducci\u00f3n asistida\u201d<\/td>\r\n<\/tr>\r\n<tr>\r\n<td style=\"width: 100%;\">\r\n<p style=\"text-align: center;\"><strong>JORNADA QUINTA &#8211;\u00a0<\/strong><strong>D\u00cdA 1 DE DICIEMBRE DE 2021<\/strong><\/p>\r\n<p style=\"text-align: center;\"><strong><em>MERCADO, TRABAJO y G\u00c9NERO<\/em><\/strong><\/p>\r\n<\/td>\r\n<\/tr>\r\n<tr>\r\n<td style=\"width: 100%;\">\r\n<p style=\"text-align: justify;\"><strong>17:00 horas. Apertura de la Jornada. Isidoro Mart\u00ednez Mart\u00edn. <\/strong>Vicerrector de Responsabilidad Social, Cultura y Deporte de la Universidad de Le\u00f3n.<strong>\u00a0<\/strong><\/p>\r\n<strong>17:00 horas.<\/strong>\r\n\r\n<strong>Mesa 1.- <\/strong>Presenta y modera la mesa<strong> D\u00f1a. Laura Valdunciel Bustos. <\/strong>Profesora del \u00c1rea de Econom\u00eda Financiera y Contabilidad de la Universidad de Le\u00f3n.\r\n<p style=\"text-align: justify;\"><strong>D\u00f1a. Ana I. Marrades Puig. <\/strong>Profesora Contratada Doctora de Derecho Constitucional en la Universidad de Valencia. Directora de la C\u00e1tedra de Econom\u00eda Feminista de la Universidad de Valencia. \u201cLos cuidados como derecho constitucional\u201d<\/p>\r\n<p style=\"text-align: justify;\"><strong>D\u00f1a. M\u00f3nica Dom\u00ednguez Serrano. <\/strong>Profesora Titular de Universidad Departamento de Econom\u00eda, M\u00e9todos Cuantitativos e Historia Econ\u00f3mica. Universidad Pablo Olavide. \u201cLa econom\u00eda de los cuidados en cifras\u201d<\/p>\r\n<p style=\"text-align: justify;\"><strong>\u00a0<\/strong><strong>18:30 horas.<\/strong><\/p>\r\n<strong>Mesa 2.- <\/strong>Presenta y modera la mesa<strong> D. Jorge Garc\u00eda Arias.<\/strong> Profesor Titular de Econom\u00eda de la Universidad de Le\u00f3n\r\n<p style=\"text-align: justify;\"><strong>D\u00f1a. Coral del R\u00edo Otero.<\/strong> \u201cPoblaci\u00f3n LGTBIQ+ y mercado laboral: algunas ense\u00f1anzas a nivel internacional\u201d. Catedr\u00e1tica Departamento de Econom\u00eda Aplicada \u2013 Fac. de Econ\u00f3micas y Empresariales Universidad de Vigo.<\/p>\r\n<p style=\"text-align: justify;\"><strong>D\u00f1a. Mar\u00eda Pazos Mor\u00e1n. <\/strong>\u00abCondiciones para la igualdad de g\u00e9nero en el empleo\u00bb. Investigadora y escritora sobre econom\u00eda feminista, docente en distintos m\u00f3dulos sobre \u2018Econom\u00eda, Pol\u00edticas P\u00fablicas e Igualdad de G\u00e9nero\u2019 en diferentes postgrados de universidades y organismos p\u00fablicos.<\/p>\r\n<\/td>\r\n<\/tr>\r\n<\/tbody>\r\n<\/table>\r\n&nbsp;\r\n\r\n<strong>\u00a0<\/strong>\r\n\r\n&nbsp;","protected":false},"excerpt":{"rendered":"<p>Los d\u00edas 11, 22, 23, 30 de noviembre y 1 de diciembre de 2021, se celebrar\u00e1 el IV Ciclo de Jornadas Abiertas \u00abG\u00e9nero, diversidad sexual y derechos\u00bb (1 cr\u00e9dito ECTS). Se realizar\u00e1 ON LINE. El ciclo ha sido organizado por la Defensor\u00eda de la Comunidad Universitaria y la Unidad de Igualdad, en colaboraci\u00f3n estrecha con [&hellip;]<\/p>\n","protected":false},"author":757,"featured_media":0,"parent":0,"menu_order":0,"comment_status":"closed","ping_status":"closed","template":"","meta":{"footnotes":""},"class_list":["post-404","page","type-page","status-publish","hentry"],"_links":{"self":[{"href":"https:\/\/servicios.unileon.es\/defensor\/wp-json\/wp\/v2\/pages\/404","targetHints":{"allow":["GET"]}}],"collection":[{"href":"https:\/\/servicios.unileon.es\/defensor\/wp-json\/wp\/v2\/pages"}],"about":[{"href":"https:\/\/servicios.unileon.es\/defensor\/wp-json\/wp\/v2\/types\/page"}],"author":[{"embeddable":true,"href":"https:\/\/servicios.unileon.es\/defensor\/wp-json\/wp\/v2\/users\/757"}],"replies":[{"embeddable":true,"href":"https:\/\/servicios.unileon.es\/defensor\/wp-json\/wp\/v2\/comments?post=404"}],"version-history":[{"count":18,"href":"https:\/\/servicios.unileon.es\/defensor\/wp-json\/wp\/v2\/pages\/404\/revisions"}],"predecessor-version":[{"id":446,"href":"https:\/\/servicios.unileon.es\/defensor\/wp-json\/wp\/v2\/pages\/404\/revisions\/446"}],"wp:attachment":[{"href":"https:\/\/servicios.unileon.es\/defensor\/wp-json\/wp\/v2\/media?parent=404"}],"curies":[{"name":"wp","href":"https:\/\/api.w.org\/{rel}","templated":true}]}}