{"id":393,"date":"2021-05-10T10:08:37","date_gmt":"2021-05-10T10:08:37","guid":{"rendered":"https:\/\/servicios.unileon.es\/defensor\/?page_id=393"},"modified":"2021-05-10T10:08:37","modified_gmt":"2021-05-10T10:08:37","slug":"iv-encuentro-reunion-de-las-defensorias-de-cyl","status":"publish","type":"page","link":"https:\/\/servicios.unileon.es\/defensor\/iv-encuentro-reunion-de-las-defensorias-de-cyl\/","title":{"rendered":"IV Encuentro-Reuni\u00f3n de las Defensor\u00edas de CyL"},"content":{"rendered":"<p style=\"text-align: center;\">IV ENCUENTRO &#8211; REUNI\u00d3N\r\nDE LAS DEFENSORIAS UNIVERSITARIAS DE CASTILLA Y LE\u00d3N<\/p>\r\n<p style=\"text-align: center;\">\r\nUNIVERSIDAD DE SALAMANCA, CAMPUS DE ZAMORA,\r\n16 DE NOVIEMBRE DE 2018<\/p>\r\n<p style=\"text-align: justify;\">\r\nEl d\u00eda 16 de noviembre de 2018, a las 10:30 de la ma\u00f1ana, se reunieron en la \u00abSala de Retratos\u00bb (Seminario 220) del Edificio de la Escuela Polit\u00e9cnica Superior de Zamora, en el\r\n\u00abCampus Viriato\u00bb de la Universidad de Salamanca en Zamora, los defensores\/as de las Universidades de Castilla y Le\u00f3n, convocados por el Defensor de esta Universidad, con la asistencia de los defensores\/as de la Universidad de Le\u00f3n, Universidad de Salamanca, Universidad de Valladolid, Universidad Isabel I y Universidad Pontificia de Salamanca, habiendo excusado su asistencia los defensores\/as de la IE University, Universidad Cat\u00f3lica de Avila, Universidad de Burgos y Universidad Europea Miguel de Cervantes, ante la imposibilidad de asistir. En representaci\u00f3n de la Defensora de la Universidad de Valladolid asisti\u00f3 su Adjunto Enrique Delgado.<\/p>\r\n<p style=\"text-align: justify;\">El Delegado del Rector de la Universidad de Salamanca en el Campus de Zamora, Francisco Jos\u00e9 Cuadrado Santos, dio la bienvenida a los Defensores Universitarios, agradeciendo que se hubiera elegido dicho Campus para celebrar este encuentro, tras lo cual comenz\u00f3 la reuni\u00f3n.<\/p>\r\n<p style=\"text-align: justify;\">El Defensor de la Usal agradeci\u00f3 primeramente la asistencia de los Defensores y Defensora presentes, d\u00e1ndoles tambi\u00e9n la bienvenida, en especial a los de la Pontificia de Salamanca e Isabel I por su reciente nombramiento, y recordando que \u00e9ste era el cuarto Encuentro de Defensores Universitarios de Castilla y Le\u00f3n despu\u00e9s de los celebrados en Salamanca en 2014, en Le\u00f3n en 2015 y en Valladolid en junio de ese mismo a\u00f1o 2018, habi\u00e9ndose acordado en este \u00faltimo encuentro dotar de cierta estabilidad a los mismos, celebrando cada a\u00f1o al menos una reuni\u00f3n-encuentro.<\/p>\r\n<p style=\"text-align: justify;\">Con ocasi\u00f3n de la asistencia de los nuevos defensores, record\u00f3 tambi\u00e9n el Defensor de la Usal que la finalidad de estas reuniones o encuentros ha sido siempre intercambiar experiencias, compartir las inquietudes y poner en com\u00fan algunos de los problemas y asuntos de todo tipo con los que nos encontramos a diario en las Defensor\u00edas universitarias, prestando igualmente atenci\u00f3n a los aspectos institucionales de las relaciones de las Defensor\u00edas con diversos \u00f3rganos auton\u00f3micos como Procurador del Com\u00fan, Consejer\u00eda de Educaci\u00f3n, Consejo de Universidades de Castilla y Le\u00f3n, Consejo Consultivo de Castilla y Le\u00f3n, etc, llevando a cabo, incluso, acciones conjuntas y\/o coordinadas ante estos \u00f3rganos.<\/p>\r\n<p style=\"text-align: justify;\">Se pusieron en com\u00fan y se debatieron una serie de temas, comenzando por el referente a\r\nlas \u00abnovatadas\u00bb.\r\nEn relaci\u00f3n con el tema de las \u00abnovatadas\u00bb se comenz\u00f3 haciendo referencia al hecho de que a pesar de los esfuerzos por parte de las autoridades acad\u00e9micas de nuestras universidades por poner fin a las mismas, una vez m\u00e1s, en las primeras semanas de este curso 2018\/2019 hemos conocido actos degradantes y vejatorios, cuando no agresivos f\u00edsicamente, que no son admisibles en ning\u00fan entorno, y menos a\u00fan en el universitario, por mucho que quieran revestirse como actos o actividades de \u00abbienvenida\u00bb o para \u00abromper el hielo\u00bb entre estudiantes nuevos\/as y veteranos\/as con ocasi\u00f3n del inicio de un nuevo curso. Se debati\u00f3 sobre la importancia tanto de la respuesta &#8211; que ha de ser tajante en todo caso, sobre todo ante determinadas situaciones m\u00e1s graves-, como de adoptar medidas en el \u00e1mbito de la prevenci\u00f3n y de la concienciaci\u00f3n.\r\n\r\nEn este sentido, se acord\u00f3 por todos los presentes la emisi\u00f3n de una Declaraci\u00f3n conjunta\r\nen contra de las \u00abnovatadas\u00bb que recogiera las reflexiones expuestas en la reuni\u00f3n, haciendo llegar el Defensor de la Usal un borrador a todas las Defensor\u00edas al efecto de ser suscrita en un plazo breve. Tal Declaraci\u00f3n habr\u00eda de manifestar que los Defensores universitarios, como defensores de los derechos y de las libertades de los miembros de la comunidad universitaria mostramos nuestro total rechazo ante esos actos de violencia f\u00edsica y\/o moral, y muchas veces contrarios al orden p\u00fablico.<\/p>\r\n<p style=\"text-align: justify;\">OTROS TEMAS:\r\n* Suspenso\/No Presentado en la calificaci\u00f3n de las asignaturas\r\n* Exenci\u00f3n de tasas acad\u00e9micas para las vfctlmas de violencia de g\u00e9nero en general. Para hacer m\u00e1s fuerza, se plante\u00f3 realizar una acci\u00f3n conjunta.\r\n* Trabajos de Fin de Grado.\r\n* Se habl\u00f3 de casos de suplantaci\u00f3n de personalidad, cometidos en ordenadores de uso p\u00fablico de la universidad. Tambi\u00e9n de suplantaci\u00f3n por medio de Moodle.\r\n* En el plano institucional, se acord\u00f3 en primer lugar trasladar al Procurador del Com\u00fan de Castilla y Le\u00f3n la enhorabuena por su nombramiento y expresarle nuestra mejor disposici\u00f3n de colaboraci\u00f3n\r\n\r\n<\/p>","protected":false},"excerpt":{"rendered":"<p>IV ENCUENTRO &#8211; REUNI\u00d3N DE LAS DEFENSORIAS UNIVERSITARIAS DE CASTILLA Y LE\u00d3N UNIVERSIDAD DE SALAMANCA, CAMPUS DE ZAMORA, 16 DE NOVIEMBRE DE 2018 El d\u00eda 16 de noviembre de 2018, a las 10:30 de la ma\u00f1ana, se reunieron en la \u00abSala de Retratos\u00bb (Seminario 220) del Edificio de la Escuela Polit\u00e9cnica Superior de Zamora, en [&hellip;]<\/p>\n","protected":false},"author":757,"featured_media":0,"parent":0,"menu_order":0,"comment_status":"closed","ping_status":"closed","template":"","meta":{"footnotes":""},"class_list":["post-393","page","type-page","status-publish","hentry"],"_links":{"self":[{"href":"https:\/\/servicios.unileon.es\/defensor\/wp-json\/wp\/v2\/pages\/393","targetHints":{"allow":["GET"]}}],"collection":[{"href":"https:\/\/servicios.unileon.es\/defensor\/wp-json\/wp\/v2\/pages"}],"about":[{"href":"https:\/\/servicios.unileon.es\/defensor\/wp-json\/wp\/v2\/types\/page"}],"author":[{"embeddable":true,"href":"https:\/\/servicios.unileon.es\/defensor\/wp-json\/wp\/v2\/users\/757"}],"replies":[{"embeddable":true,"href":"https:\/\/servicios.unileon.es\/defensor\/wp-json\/wp\/v2\/comments?post=393"}],"version-history":[{"count":1,"href":"https:\/\/servicios.unileon.es\/defensor\/wp-json\/wp\/v2\/pages\/393\/revisions"}],"predecessor-version":[{"id":394,"href":"https:\/\/servicios.unileon.es\/defensor\/wp-json\/wp\/v2\/pages\/393\/revisions\/394"}],"wp:attachment":[{"href":"https:\/\/servicios.unileon.es\/defensor\/wp-json\/wp\/v2\/media?parent=393"}],"curies":[{"name":"wp","href":"https:\/\/api.w.org\/{rel}","templated":true}]}}