{"id":354,"date":"2021-04-21T10:56:54","date_gmt":"2021-04-21T10:56:54","guid":{"rendered":"https:\/\/servicios.unileon.es\/defensor\/?page_id=354"},"modified":"2021-04-21T10:59:10","modified_gmt":"2021-04-21T10:59:10","slug":"i-congreso-sobre-interculturalidad-e-innovacion-docente","status":"publish","type":"page","link":"https:\/\/servicios.unileon.es\/defensor\/i-congreso-sobre-interculturalidad-e-innovacion-docente\/","title":{"rendered":"I Congreso sobre Interculturalidad e Innovaci\u00f3n Docente"},"content":{"rendered":"El Profesor D. Paulino C. Pardo Prieto ha participado en la Coordinaci\u00f3n del <a href=\"https:\/\/servicios.unileon.es\/defensor\/files\/2021\/04\/Programa-Congreso-Interculturalidad-GID.pdf\">I Congreso sobre Interculturalidad e Innovaci\u00f3n<\/a> Docente en la Universidad de Le\u00f3n, celebrado el d\u00eda 13 de abril de 2018.","protected":false},"excerpt":{"rendered":"<p>El Profesor D. Paulino C. Pardo Prieto ha participado en la Coordinaci\u00f3n del I Congreso sobre Interculturalidad e Innovaci\u00f3n Docente en la Universidad de Le\u00f3n, celebrado el d\u00eda 13 de abril de 2018.<\/p>\n","protected":false},"author":757,"featured_media":0,"parent":0,"menu_order":0,"comment_status":"closed","ping_status":"closed","template":"","meta":{"footnotes":""},"class_list":["post-354","page","type-page","status-publish","hentry"],"_links":{"self":[{"href":"https:\/\/servicios.unileon.es\/defensor\/wp-json\/wp\/v2\/pages\/354","targetHints":{"allow":["GET"]}}],"collection":[{"href":"https:\/\/servicios.unileon.es\/defensor\/wp-json\/wp\/v2\/pages"}],"about":[{"href":"https:\/\/servicios.unileon.es\/defensor\/wp-json\/wp\/v2\/types\/page"}],"author":[{"embeddable":true,"href":"https:\/\/servicios.unileon.es\/defensor\/wp-json\/wp\/v2\/users\/757"}],"replies":[{"embeddable":true,"href":"https:\/\/servicios.unileon.es\/defensor\/wp-json\/wp\/v2\/comments?post=354"}],"version-history":[{"count":2,"href":"https:\/\/servicios.unileon.es\/defensor\/wp-json\/wp\/v2\/pages\/354\/revisions"}],"predecessor-version":[{"id":358,"href":"https:\/\/servicios.unileon.es\/defensor\/wp-json\/wp\/v2\/pages\/354\/revisions\/358"}],"wp:attachment":[{"href":"https:\/\/servicios.unileon.es\/defensor\/wp-json\/wp\/v2\/media?parent=354"}],"curies":[{"name":"wp","href":"https:\/\/api.w.org\/{rel}","templated":true}]}}