{"id":341,"date":"2021-04-19T12:50:31","date_gmt":"2021-04-19T12:50:31","guid":{"rendered":"https:\/\/servicios.unileon.es\/defensor\/?page_id=341"},"modified":"2021-04-20T09:56:47","modified_gmt":"2021-04-20T09:56:47","slug":"premio-diversa-e-igual","status":"publish","type":"page","link":"https:\/\/servicios.unileon.es\/defensor\/premio-diversa-e-igual\/","title":{"rendered":"Premio Diversa e Igual"},"content":{"rendered":"<p style=\"text-align: justify;\">El Premio diversa e igual de la Universidad de Le\u00f3n, se otorgar\u00e1 a aquellas personas o instituciones que destaquen por su compromiso radical con los m\u00e1s significados valores democr\u00e1ticos: libertad, justicia, igualdad y pluralismo.<\/p>\r\n<p style=\"text-align: justify;\">Especialmente, a aquellas que contribuyen sustantivamente con su trabajo y sus m\u00e9ritos a:<\/p>\r\n\r\n<ul style=\"list-style-type: circle;\">\r\n \t<li style=\"text-align: justify;\">Impulsar la participaci\u00f3n en la vida pol\u00edtica, econ\u00f3mica, cultural y social, en particular, de la juventud.<\/li>\r\n \t<li style=\"text-align: justify;\">Impulsar y difundir representaciones igualitarias, plurales y reales de las relaciones afectivas y de la convivencia.<\/li>\r\n \t<li style=\"text-align: justify;\">La educaci\u00f3n sanitaria y la investigaci\u00f3n cient\u00edfica y t\u00e9cnica en beneficio del inter\u00e9s general y la solidaridad colectiva. Especialmente en los sectores del deporte, cultura, medio ambiente y calidad de la vida.<\/li>\r\n \t<li style=\"text-align: justify;\">La atenci\u00f3n a las personas con discapacidad f\u00edsica, ps\u00edquica y sensorial o en situaci\u00f3n de dificultad econ\u00f3mica, de salud o vivienda.<\/li>\r\n \t<li>La eliminaci\u00f3n de prejuicios, im\u00e1genes estereotipadas y roles sexistas.<\/li>\r\n<\/ul>\r\n<a href=\"https:\/\/servicios.unileon.es\/defensor\/files\/2021\/04\/Reglamento-Premio-Diversa-e-Igual-de-la-Universidad-de-Leon.pdf\">Reglamento Premio Diversa e Igual de la Universidad de Le\u00f3n<\/a>\r\n\r\n<a href=\"https:\/\/servicios.unileon.es\/defensor\/files\/2021\/04\/Noticias-Actualidad-Premio-Diversa-e-Igual.pdf\">Noticias Actualidad &#8211; Premio Diversa e Igual<\/a>","protected":false},"excerpt":{"rendered":"<p>El Premio diversa e igual de la Universidad de Le\u00f3n, se otorgar\u00e1 a aquellas personas o instituciones que destaquen por su compromiso radical con los m\u00e1s significados valores democr\u00e1ticos: libertad, justicia, igualdad y pluralismo. Especialmente, a aquellas que contribuyen sustantivamente con su trabajo y sus m\u00e9ritos a: Impulsar la participaci\u00f3n en la vida pol\u00edtica, econ\u00f3mica, [&hellip;]<\/p>\n","protected":false},"author":757,"featured_media":0,"parent":0,"menu_order":0,"comment_status":"closed","ping_status":"closed","template":"","meta":{"footnotes":""},"class_list":["post-341","page","type-page","status-publish","hentry"],"_links":{"self":[{"href":"https:\/\/servicios.unileon.es\/defensor\/wp-json\/wp\/v2\/pages\/341","targetHints":{"allow":["GET"]}}],"collection":[{"href":"https:\/\/servicios.unileon.es\/defensor\/wp-json\/wp\/v2\/pages"}],"about":[{"href":"https:\/\/servicios.unileon.es\/defensor\/wp-json\/wp\/v2\/types\/page"}],"author":[{"embeddable":true,"href":"https:\/\/servicios.unileon.es\/defensor\/wp-json\/wp\/v2\/users\/757"}],"replies":[{"embeddable":true,"href":"https:\/\/servicios.unileon.es\/defensor\/wp-json\/wp\/v2\/comments?post=341"}],"version-history":[{"count":4,"href":"https:\/\/servicios.unileon.es\/defensor\/wp-json\/wp\/v2\/pages\/341\/revisions"}],"predecessor-version":[{"id":351,"href":"https:\/\/servicios.unileon.es\/defensor\/wp-json\/wp\/v2\/pages\/341\/revisions\/351"}],"wp:attachment":[{"href":"https:\/\/servicios.unileon.es\/defensor\/wp-json\/wp\/v2\/media?parent=341"}],"curies":[{"name":"wp","href":"https:\/\/api.w.org\/{rel}","templated":true}]}}