{"id":330,"date":"2021-04-19T12:51:37","date_gmt":"2021-04-19T12:51:37","guid":{"rendered":"https:\/\/servicios.unileon.es\/defensor\/?page_id=330"},"modified":"2021-04-20T09:57:35","modified_gmt":"2021-04-20T09:57:35","slug":"iii-ciclo-de-jornadas-abiertas","status":"publish","type":"page","link":"https:\/\/servicios.unileon.es\/defensor\/iii-ciclo-de-jornadas-abiertas\/","title":{"rendered":"III Ciclo de Jornadas Abiertas"},"content":{"rendered":"<p style=\"text-align: justify;\">Los d\u00edas 23, 25 y 26 de noviembre de 2020 tendr\u00e1 lugar el III Ciclo de Jornadas Abiertas sobre \u00abG\u00e9nero, Diversidad Sexual y Derecho\u00bb, organizadas por la Defensor\u00eda de la Comunidad Universitaria de la Universidad de Le\u00f3n, que debido a la situaci\u00f3n actual se celebrar\u00e1 online.<\/p>\r\n<p style=\"text-align: justify;\">Las jornadas han sido financiadas por el Pacto de Estado contra la Violencia de G\u00e9nero y el Vicerrectorado de Relaciones Institucionales y con la Sociedad y van a contar con la participaci\u00f3n de una veintena de ponentes.<\/p>\r\n<p style=\"text-align: justify;\">La matr\u00edcula es gratuita, y la inscripci\u00f3n ha de realizarse a trav\u00e9s de un formulario.<\/p>\r\n<p style=\"text-align: justify;\">Se entregar\u00e1 certificado de asistencia, y quienes realicen la inscripci\u00f3n podr\u00e1n optar al reconocimiento de 0,5 cr\u00e9dito ECTS.<\/p>\r\n\r\n<table style=\"border-collapse: collapse; width: 100%;\">\r\n<tbody>\r\n<tr>\r\n<td style=\"width: 50%;\"><a href=\"https:\/\/forms.gle\/6Fft3C7RWwPxyFyX8\">Inscripci\u00f3n<\/a><\/td>\r\n<td style=\"width: 50%;\">Galer\u00eda de Fotos<\/td>\r\n<\/tr>\r\n<tr>\r\n<td style=\"width: 50%;\"><a href=\"https:\/\/servicios.unileon.es\/defensor\/files\/2021\/04\/Programa-III-Ciclo-Jornadas.pdf\">Programa III Ciclo Jornadas<\/a><\/td>\r\n<td style=\"width: 50%;\"><a href=\"https:\/\/servicios.unileon.es\/defensor\/premio-diversa-e-igual\/\">Premio Diversa e Igual<\/a><\/td>\r\n<\/tr>\r\n<\/tbody>\r\n<\/table>\r\n<table style=\"border-collapse: collapse; width: 100%;\">\r\n<tbody>\r\n<tr>\r\n<td style=\"width: 100%;\">\r\n<p style=\"text-align: center;\"><strong>PROGRAMA<\/strong><\/p>\r\n<p style=\"text-align: center;\">JORNADA PRIMERA &#8211; D\u00cdA 23 DE NOVIEMBRE DE 2020<\/p>\r\n<p style=\"text-align: center;\"><strong>MENORES V\u00cdCTIMAS DE VIOLENCIA DE G\u00c9NERO<\/strong><\/p>\r\n<p style=\"text-align: center;\"><strong>\u00a0<\/strong><\/p>\r\n<strong>16:30 horas. Inauguraci\u00f3n de la Jornada y del Ciclo de Jornadas:<\/strong>\r\n\r\n<strong>Sr. Subdelegado del Gobierno en Le\u00f3n, <\/strong>D. Faustino S\u00e1nchez Samartino.\r\n\r\n<strong>D\u00f1a. Adelina Rodr\u00edguez Pacios. <\/strong>Directora de la Unidad de Igualdad de la Universidad de Le\u00f3n.\r\n\r\n<strong>D. Paulino C\u00e9sar Pardo Prieto. <\/strong>Titular de la Defensor\u00eda de la Comunidad Universitaria de la Universidad de Le\u00f3n.\r\n\r\n&nbsp;\r\n\r\n<strong>16:45-17:45 horas.<\/strong>\r\n\r\n<strong>Mesa 1: Perspectiva jur\u00eddica.<\/strong> Coordina la mesa Do\u00f1a Eva Mart\u00ednez Cantalapiedra, Letrada de la Administraci\u00f3n de Justicia, Directora del Servicio Com\u00fan General de Le\u00f3n.\r\n\r\n<strong>D\u00f1a. Mar\u00eda Jos\u00e9 Carretero Gonz\u00e1lez<\/strong>, Abogada y miembro de la Junta Directiva de la Comisi\u00f3n para la investigaci\u00f3n de Malos Tratos a Mujeres. Los menores y el ejercicio de sus derechos como v\u00edctimas de violencia machista.\r\n\r\n<strong>D\u00f1a. Mar\u00eda Isabel Mor\u00e1n Gonz\u00e1lez<\/strong>, Fiscal Jefe Provincial de la Fiscal\u00eda de Le\u00f3n, Fiscal Decana de Violencia de G\u00e9nero y Protecci\u00f3n de V\u00edctimas de Barcelona entre 2008 y 2017. Tratamiento judicial de las mujeres, ni\u00f1os y ni\u00f1as v\u00edctimas de violencia de g\u00e9nero.\r\n\r\n<strong>D\u00f1a. Mercedes Vidal Gallardo.<\/strong> Profesora Titular de Universidad del \u00c1rea de Derecho Eclesi\u00e1stico del Estado (UVA). Matrimonio forzado de los menores como violencia de g\u00e9nero.\r\n\r\n&nbsp;\r\n\r\n<strong>18:00-19:00 horas.<\/strong>\r\n\r\n<strong>Mesa 2.- Perspectiva social. <\/strong>Coordina la mesa D\u00f1a. Jessica Mart\u00ednez S\u00e1nchez, Coodinadora Regional de las Unidades de Violencia sobre la Mujer en Castilla y Le\u00f3n.\r\n\r\n<strong>D\u00f1a. Sandra Carracedo Corti\u00f1as<\/strong>. Premio tesis doctoral sobre violencia de g\u00e9nero. <em>Menores testigos de violencia entre sus progenitores<\/em>.\r\n\r\n<strong>D\u00f1a. Marcela Jabbaz Churba<\/strong>. Profesora de Sociolog\u00eda. Institut Universitari d&#8217;Estudis de la Dona de la Universidad de Valencia. Patria potestad y violencia de g\u00e9nero. Dilemas, mitos y realidades.\r\n\r\n&nbsp;\r\n<p style=\"text-align: center;\">JORNADA SEGUNDA &#8211; D\u00cdA 25 DE NOVIEMBRE DE 2020<\/p>\r\n<p style=\"text-align: center;\"><strong>G\u00c9NERO Y EJERCICIO PROFESIONAL<\/strong><\/p>\r\n<strong>16:30 horas. Inauguraci\u00f3n de la Jornada:<\/strong> D. Isidoro Mart\u00ednez Mart\u00edn,<strong> Vicerrector de Responsabilidad Social, Cultura y Deporte de la Universidad de Le\u00f3n.<\/strong>\r\n\r\n<strong>16:45-17:45 horas.<\/strong>\r\n\r\n<strong>Mesa 1.- Ejercicio profesional, espacio social y espacio p\u00fablico.<\/strong> Coordina la mesa D\u00f1a. Ana Isabel Blanco Garc\u00eda, Catedr\u00e1tica EU del \u00c1rea de Sociolog\u00eda de la Universidad de Le\u00f3n.\r\n\r\n<strong>D\u00f1a. Capitolina D\u00edaz Mart\u00ednez.<\/strong> Catedr\u00e1tica de Sociolog\u00eda. Especializada en Sociolog\u00eda de la Educaci\u00f3n, Sociolog\u00eda del G\u00e9nero y Metodolog\u00eda de las Ciencias Sociales.\r\n\r\n<strong>D\u00f1a. Hilde P\u00e9rez Garc\u00eda. <\/strong>Directora del Departamento de Ingenier\u00edas Mec\u00e1nica, Inform\u00e1tica y Aeroespacial de la Universidad de Le\u00f3n\r\n\r\n<strong>D\u00f1a. Mar\u00eda Carreiro Otero<\/strong>. Arquitecta y Profesora del Departamento de Proyectos Arquitect\u00f3nicos y Urbanismo de la Universidad de la Coru\u00f1a.\r\n\r\n<strong>\u00a0<\/strong>\r\n\r\n<strong>18:00-19:00 horas.<\/strong>\r\n\r\n<strong>Mesa 2.- Mujer y ejercicio de la Magistratura. <\/strong>Coordina la mesa D\u00f1a. Ana del Ser, Presidenta de la Audiencia Provincial de Le\u00f3n.\r\n\r\n<strong>D\u00f1a. Mar\u00eda Luisa Segoviano Astaburuaga<\/strong>, Presidenta Sala IV del Tribunal Supremo.\r\n\r\n<strong>D\u00f1a. Maria Lourdes Arastey Sahun<\/strong>, Magistrada de la Sala IV del Tribunal Supremo.\r\n\r\n<strong>D\u00f1a. Luc\u00eda Avil\u00e9s Palacios<\/strong>, Magistrada Juzgado de lo Penal n\u00famero 2 de Matar\u00f3.\r\n\r\n<strong>\u00a0<\/strong>\r\n<p style=\"text-align: center;\"><strong>JORNADA TERCERA &#8211; <\/strong><strong>D\u00cdA 26 DE NOVIEMBRE DE 2020 <\/strong><\/p>\r\n<p style=\"text-align: center;\"><strong>NOS DIJERON QUE ERA IMPOSIBLE Y POR ESO LO HICIMOS<\/strong><\/p>\r\n<strong>16:30 horas. Inauguraci\u00f3n de la Jornada: <\/strong>D\u00f1a. Mar\u00eda Dolores Alonso-Cort\u00e9s Fradejas,<strong> Vicerrectora de Relaciones Institucionales de la Universidad de Le\u00f3n.<\/strong>\r\n\r\n<strong>16:45-17:45 horas.<\/strong>\r\n\r\n<strong>Mesa 1.- Una mirada a las mujeres que tienen la sabidur\u00eda de la lucha (I). <\/strong>Coordina la mesa D. Paulino C\u00e9sar Pardo Prieto. Defensor de la Comunidad Universitaria de la Universidad de Le\u00f3n.\r\n\r\n<strong>D\u00f1a. Anita Sirgo Su\u00e1rez<\/strong>. Minera, militante comunista. Premio Juan \u00c1ngel Rubio Ballesteros (2018) y Premio Pozu Fortuna (2019)\r\n\r\n<strong>D\u00f1a. Silvia Reyes<\/strong>. Activista Trans- y LGTBIQ+\r\n\r\n<strong>\u00a0<\/strong>\r\n\r\n<strong>18:00- 19:00 horas.<\/strong>\r\n\r\n<strong>Mesa 2.- Una mirada a las mujeres que tienen la sabidur\u00eda de la lucha (II). <\/strong>Coordina la mesa D\u00f1a. Concepci\u00f3n Unanue Cuesta. Doctora en antropolog\u00eda. PDI Universidad de Valladolid. Fundadora Colectivo Arcu Iris \u2013 Le\u00f3n.\r\n\r\n<strong>D\u00f1a. Angeles Mu\u00f1oz. <\/strong>Representante de la Asociaci\u00f3n Las Kellys. Auto-organizaci\u00f3n y apoyo mutuo\r\n\r\n<strong>D\u00f1a. Laura Mart\u00edn L\u00f3pez-Andrade<\/strong>. Psiquiatra. Revoluci\u00f3n Delirante.\r\n\r\n<strong>D\u00f1a. Estela B. de Carlotto. <\/strong>Presidenta Abuelas de Plaza de Mayo. Argentina: Identidad, familia, libertad.\r\n\r\n<strong>D\u00f1a. Lorena Battistiol. <\/strong>Representante de nietos y nietas recuperados. Derecho a la identidad y valores republicanos.\r\n\r\n<strong>\u00a0<\/strong>\r\n\r\n<strong>19:05 horas. Entrega del I Premio Diversa e Igual <\/strong>de la Defensor\u00eda de la Comunidad Universitaria de la Universidad de Le\u00f3n.\r\n\r\n<strong>19:10 horas. Clausura del Ciclo de Jornadas <\/strong>a cargo del Vicerrector de Responsabilidad Social, Cultura y Deporte, de la Vicerrectora de Relaciones Institucionales de la Universidad de Le\u00f3n y de las Coordinadoras de cada una de ellas.<\/td>\r\n<\/tr>\r\n<\/tbody>\r\n<\/table>\r\n&nbsp;","protected":false},"excerpt":{"rendered":"<p>Los d\u00edas 23, 25 y 26 de noviembre de 2020 tendr\u00e1 lugar el III Ciclo de Jornadas Abiertas sobre \u00abG\u00e9nero, Diversidad Sexual y Derecho\u00bb, organizadas por la Defensor\u00eda de la Comunidad Universitaria de la Universidad de Le\u00f3n, que debido a la situaci\u00f3n actual se celebrar\u00e1 online. Las jornadas han sido financiadas por el Pacto de [&hellip;]<\/p>\n","protected":false},"author":757,"featured_media":0,"parent":0,"menu_order":0,"comment_status":"closed","ping_status":"closed","template":"","meta":{"footnotes":""},"class_list":["post-330","page","type-page","status-publish","hentry"],"_links":{"self":[{"href":"https:\/\/servicios.unileon.es\/defensor\/wp-json\/wp\/v2\/pages\/330","targetHints":{"allow":["GET"]}}],"collection":[{"href":"https:\/\/servicios.unileon.es\/defensor\/wp-json\/wp\/v2\/pages"}],"about":[{"href":"https:\/\/servicios.unileon.es\/defensor\/wp-json\/wp\/v2\/types\/page"}],"author":[{"embeddable":true,"href":"https:\/\/servicios.unileon.es\/defensor\/wp-json\/wp\/v2\/users\/757"}],"replies":[{"embeddable":true,"href":"https:\/\/servicios.unileon.es\/defensor\/wp-json\/wp\/v2\/comments?post=330"}],"version-history":[{"count":6,"href":"https:\/\/servicios.unileon.es\/defensor\/wp-json\/wp\/v2\/pages\/330\/revisions"}],"predecessor-version":[{"id":346,"href":"https:\/\/servicios.unileon.es\/defensor\/wp-json\/wp\/v2\/pages\/330\/revisions\/346"}],"wp:attachment":[{"href":"https:\/\/servicios.unileon.es\/defensor\/wp-json\/wp\/v2\/media?parent=330"}],"curies":[{"name":"wp","href":"https:\/\/api.w.org\/{rel}","templated":true}]}}