{"id":319,"date":"2020-10-19T11:44:32","date_gmt":"2020-10-19T11:44:32","guid":{"rendered":"https:\/\/servicios.unileon.es\/defensor\/?page_id=319"},"modified":"2020-10-19T11:44:32","modified_gmt":"2020-10-19T11:44:32","slug":"asistencia-y-participacion-en-la-lectura-de-el-quijote","status":"publish","type":"page","link":"https:\/\/servicios.unileon.es\/defensor\/asistencia-y-participacion-en-la-lectura-de-el-quijote\/","title":{"rendered":"Asistencia y participaci\u00f3n en la lectura de El Quijote"},"content":{"rendered":"<div>\r\n<div class=\"nH\">\r\n<div class=\"nH\">\r\n<div class=\"nH bkL\">\r\n<div class=\"no\">\r\n<div class=\"nH bkK nn\">\r\n<div class=\"nH\">\r\n<div class=\"nH\">\r\n<div class=\"nH ar4 B\">\r\n<div class=\"AO\">\r\n<div id=\":3\" class=\"Tm aeJ\">\r\n<div id=\":1\" class=\"aeF\">\r\n<div class=\"nH\">\r\n<div class=\"nH\" role=\"main\">\r\n<h4 class=\"nH g\">El pasado 11 de abril de 2019, el Centro UNESCO de Castilla y Le\u00f3n, en la Real Colegiata de San Isidoro, organiz\u00f3 la lectura ininterrumpida de El ingenioso hidalgo Don Quijote de la Mancha.<\/h4>\r\n<h4>En esta lectura participaron \u00a0personas conocidas o an\u00f3nimas de diferentes \u00e1mbitos de la sociedad leonesa.<\/h4>\r\n<h4>El Defensor de la Comunidad Universitaria particip\u00f3 leyendo un p\u00e1rrafo del Cap\u00edtulo XIV.<\/h4>\r\n<div style=\"text-align: center;\"><a href=\"https:\/\/servicios.unileon.es\/defensor\/files\/2020\/10\/Asistencia-y-participaci\u00f3n-en-la-lectura-de-El-Quijote.pdf\">Asistencia y participaci\u00f3n en la lectura de El Quijote<\/a><\/div>\r\n<\/div>\r\n<\/div>\r\n<\/div>\r\n<\/div>\r\n<\/div>\r\n<\/div>\r\n<\/div>\r\n<\/div>\r\n<\/div>\r\n<\/div>\r\n<\/div>\r\n<\/div>\r\n<\/div>\r\n<\/div>","protected":false},"excerpt":{"rendered":"<p>El pasado 11 de abril de 2019, el Centro UNESCO de Castilla y Le\u00f3n, en la Real Colegiata de San Isidoro, organiz\u00f3 la lectura ininterrumpida de El ingenioso hidalgo Don Quijote de la Mancha. En esta lectura participaron \u00a0personas conocidas o an\u00f3nimas de diferentes \u00e1mbitos de la sociedad leonesa. El Defensor de la Comunidad Universitaria [&hellip;]<\/p>\n","protected":false},"author":757,"featured_media":0,"parent":0,"menu_order":0,"comment_status":"closed","ping_status":"closed","template":"","meta":{"footnotes":""},"class_list":["post-319","page","type-page","status-publish","hentry"],"_links":{"self":[{"href":"https:\/\/servicios.unileon.es\/defensor\/wp-json\/wp\/v2\/pages\/319","targetHints":{"allow":["GET"]}}],"collection":[{"href":"https:\/\/servicios.unileon.es\/defensor\/wp-json\/wp\/v2\/pages"}],"about":[{"href":"https:\/\/servicios.unileon.es\/defensor\/wp-json\/wp\/v2\/types\/page"}],"author":[{"embeddable":true,"href":"https:\/\/servicios.unileon.es\/defensor\/wp-json\/wp\/v2\/users\/757"}],"replies":[{"embeddable":true,"href":"https:\/\/servicios.unileon.es\/defensor\/wp-json\/wp\/v2\/comments?post=319"}],"version-history":[{"count":4,"href":"https:\/\/servicios.unileon.es\/defensor\/wp-json\/wp\/v2\/pages\/319\/revisions"}],"predecessor-version":[{"id":324,"href":"https:\/\/servicios.unileon.es\/defensor\/wp-json\/wp\/v2\/pages\/319\/revisions\/324"}],"wp:attachment":[{"href":"https:\/\/servicios.unileon.es\/defensor\/wp-json\/wp\/v2\/media?parent=319"}],"curies":[{"name":"wp","href":"https:\/\/api.w.org\/{rel}","templated":true}]}}