{"id":268,"date":"2020-03-09T11:41:53","date_gmt":"2020-03-09T11:41:53","guid":{"rendered":"http:\/\/servicios.unileon.es\/defensor\/?page_id=268"},"modified":"2020-03-11T12:26:00","modified_gmt":"2020-03-11T12:26:00","slug":"recepcion-autoridades-ayuntamiento-de-leon","status":"publish","type":"page","link":"https:\/\/servicios.unileon.es\/defensor\/recepcion-autoridades-ayuntamiento-de-leon\/","title":{"rendered":"Recepci\u00f3n Autoridades &#8211; Ayuntamiento de Le\u00f3n \/ Diputaci\u00f3n de Le\u00f3n"},"content":{"rendered":"<p style=\"text-align: center;\"><strong>AYUNTAMIENTO DE LE\u00d3N<\/strong><\/p>\r\n<img loading=\"lazy\" decoding=\"async\" class=\"aligncenter size-medium wp-image-264\" src=\"http:\/\/servicios.unileon.es\/defensor\/files\/2020\/03\/2019-06-27-Recepci\u00f3n-defensores-universitarios-3-300x200.jpg\" alt=\"\" width=\"300\" height=\"200\" srcset=\"https:\/\/servicios.unileon.es\/defensor\/files\/2020\/03\/2019-06-27-Recepci\u00f3n-defensores-universitarios-3-300x200.jpg 300w, https:\/\/servicios.unileon.es\/defensor\/files\/2020\/03\/2019-06-27-Recepci\u00f3n-defensores-universitarios-3-768x512.jpg 768w, https:\/\/servicios.unileon.es\/defensor\/files\/2020\/03\/2019-06-27-Recepci\u00f3n-defensores-universitarios-3-1024x683.jpg 1024w\" sizes=\"auto, (max-width: 300px) 100vw, 300px\" \/> <img loading=\"lazy\" decoding=\"async\" class=\"aligncenter size-medium wp-image-263\" src=\"http:\/\/servicios.unileon.es\/defensor\/files\/2020\/03\/2019-06-27-Recepci\u00f3n-defensores-universitarios-2-300x200.jpg\" alt=\"\" width=\"300\" height=\"200\" srcset=\"https:\/\/servicios.unileon.es\/defensor\/files\/2020\/03\/2019-06-27-Recepci\u00f3n-defensores-universitarios-2-300x200.jpg 300w, https:\/\/servicios.unileon.es\/defensor\/files\/2020\/03\/2019-06-27-Recepci\u00f3n-defensores-universitarios-2-768x512.jpg 768w, https:\/\/servicios.unileon.es\/defensor\/files\/2020\/03\/2019-06-27-Recepci\u00f3n-defensores-universitarios-2-1024x683.jpg 1024w\" sizes=\"auto, (max-width: 300px) 100vw, 300px\" \/> <img loading=\"lazy\" decoding=\"async\" class=\"aligncenter size-medium wp-image-262\" src=\"http:\/\/servicios.unileon.es\/defensor\/files\/2020\/03\/2019-06-27-Recepci\u00f3n-defensores-universitarios-1-300x200.jpg\" alt=\"\" width=\"300\" height=\"200\" srcset=\"https:\/\/servicios.unileon.es\/defensor\/files\/2020\/03\/2019-06-27-Recepci\u00f3n-defensores-universitarios-1-300x200.jpg 300w, https:\/\/servicios.unileon.es\/defensor\/files\/2020\/03\/2019-06-27-Recepci\u00f3n-defensores-universitarios-1-768x512.jpg 768w, https:\/\/servicios.unileon.es\/defensor\/files\/2020\/03\/2019-06-27-Recepci\u00f3n-defensores-universitarios-1-1024x683.jpg 1024w\" sizes=\"auto, (max-width: 300px) 100vw, 300px\" \/>\r\n<p style=\"text-align: center;\"><strong>DIPUTACI\u00d3N DE LE\u00d3N<\/strong><\/p>\r\n<img loading=\"lazy\" decoding=\"async\" class=\"size-medium wp-image-298 aligncenter\" src=\"http:\/\/servicios.unileon.es\/defensor\/files\/2020\/03\/IMG_20190627_132130-300x225.jpg\" alt=\"\" width=\"300\" height=\"225\" srcset=\"https:\/\/servicios.unileon.es\/defensor\/files\/2020\/03\/IMG_20190627_132130-300x225.jpg 300w, https:\/\/servicios.unileon.es\/defensor\/files\/2020\/03\/IMG_20190627_132130-768x576.jpg 768w, https:\/\/servicios.unileon.es\/defensor\/files\/2020\/03\/IMG_20190627_132130-1024x768.jpg 1024w\" sizes=\"auto, (max-width: 300px) 100vw, 300px\" \/>","protected":false},"excerpt":{"rendered":"<p>AYUNTAMIENTO DE LE\u00d3N DIPUTACI\u00d3N DE LE\u00d3N<\/p>\n","protected":false},"author":757,"featured_media":0,"parent":0,"menu_order":0,"comment_status":"closed","ping_status":"closed","template":"","meta":{"footnotes":""},"class_list":["post-268","page","type-page","status-publish","hentry"],"_links":{"self":[{"href":"https:\/\/servicios.unileon.es\/defensor\/wp-json\/wp\/v2\/pages\/268","targetHints":{"allow":["GET"]}}],"collection":[{"href":"https:\/\/servicios.unileon.es\/defensor\/wp-json\/wp\/v2\/pages"}],"about":[{"href":"https:\/\/servicios.unileon.es\/defensor\/wp-json\/wp\/v2\/types\/page"}],"author":[{"embeddable":true,"href":"https:\/\/servicios.unileon.es\/defensor\/wp-json\/wp\/v2\/users\/757"}],"replies":[{"embeddable":true,"href":"https:\/\/servicios.unileon.es\/defensor\/wp-json\/wp\/v2\/comments?post=268"}],"version-history":[{"count":5,"href":"https:\/\/servicios.unileon.es\/defensor\/wp-json\/wp\/v2\/pages\/268\/revisions"}],"predecessor-version":[{"id":301,"href":"https:\/\/servicios.unileon.es\/defensor\/wp-json\/wp\/v2\/pages\/268\/revisions\/301"}],"wp:attachment":[{"href":"https:\/\/servicios.unileon.es\/defensor\/wp-json\/wp\/v2\/media?parent=268"}],"curies":[{"name":"wp","href":"https:\/\/api.w.org\/{rel}","templated":true}]}}