{"id":22,"date":"2016-02-29T12:51:04","date_gmt":"2016-02-29T12:51:04","guid":{"rendered":"http:\/\/servicios.unileon.es\/defensor\/?page_id=22"},"modified":"2026-02-16T09:59:54","modified_gmt":"2026-02-16T09:59:54","slug":"normativa","status":"publish","type":"page","link":"https:\/\/servicios.unileon.es\/defensor\/normativa\/","title":{"rendered":"Normativa"},"content":{"rendered":"<ul style=\"list-style-type: square;\">\r\n    <li><a href=\"http:\/\/servicios.unileon.es\/defensor\/files\/2020\/01\/Reglamento-de-la-Defensoria-de-la-Comunidad-Universitaria.pdf\">Reglamento de la Defensor\u00eda de la Comunidad Universitaria<\/a> (aprobado por Acuerdo del Claustro Universitario de fecha 12 de diciembre de 2019)<\/li>\r\n    <li><a href=\"https:\/\/www.unileon.es\/modelos\/archivo\/norregint\/202310213465196_n_protocolo_acoso.pdf\">Protocolo de Acoso<\/a><\/li>\r\n    <li><a href=\"https:\/\/www.unileon.es\/modelos\/archivo\/norregint\/20241181134982_n_regimen_academico_y_permanencia_grado_y_master.pdf\" rel=\"\">R\u00e9gimen Acad\u00e9mico de Permanencia<\/a><\/li>\r\n    <li><a href=\"https:\/\/www.unileon.es\/modelos\/archivo\/norregint\/20246314471964_n_reglamento_evaluacion_y_calificacion_del_aprendizaje_modificado_cg_30-05-2024.pdf\" rel=\"\">Reglamento de evaluaci\u00f3n y calificaci\u00f3n del aprendizaje<\/a><\/li>\r\n    <li><a href=\"https:\/\/www.unileon.es\/modelos\/archivo\/norregint\/202132413215100_n_reglamento_de_evaluaciaon_compensaciaon.pdf\">Reglamento de evaluaci\u00f3n por compensaci\u00f3n &#8211; Grado y Master<\/a><\/li>\r\n    <!-- <li><a href=\"http:\/\/www.unileon.es\/modelos\/archivo\/norregint\/201271710492995_n_evaluacion_por_compensacion._reglamento.pdf\">Reglamento de evaluaci\u00f3n por compensaci\u00f3n - T\u00edtulaciones de 1er. y 2\u00ba ciclo<\/a><\/li> -->\r\n    <li><a href=\"http:\/\/servicios.unileon.es\/defensor\/files\/2016\/02\/Pautas-de-actuaci\u00f3n-en-supuestos-de-plagio-copia-o-fraude-en-ex\u00e1menes-o-pruebas-de-evaluaci\u00f3n.pdf\" rel=\"\">Pautas de actuaci\u00f3n en supuestos de plagio, copia o fraude en ex\u00e1menes o pruebas de evaluaci\u00f3n<\/a><\/li>\r\n    <li><a href=\"https:\/\/www.unileon.es\/estudiantes\/oferta-academica\/grados\/matricula\/normativa\" rel=\"\">Convocatorias de evaluaci\u00f3n a que da derecho la matr\u00edcula<\/a><\/li>\r\n    <li><a href=\"https:\/\/www.unileon.es\/estudiantes\/oferta-academica\/grados\/matricula\/instrucciones-impresos-y-precios\" rel=\"\">Importe m\u00ednimo de matr\u00edcula<\/a><\/li>\r\n    <li><a href=\"https:\/\/www.unileon.es\/estudiantes\/estudiantes-grado\/matricula\/otros-datos-de-interes#seguroescolar\" rel=\"\">Seguro obligatorio para los estudiantes no cubiertos por el seguro escolar<\/a><\/li>\r\n    <li><a href=\"https:\/\/www.unileon.es\/modelos\/archivo\/norregint\/202332910362467_n_modificacion_anulacion_matricula.pdf\" rel=\"\">Devoluci\u00f3n de precios p\u00fablicos<\/a><\/li>\r\n    <li><a href=\"https:\/\/servicios.unileon.es\/defensor\/files\/2024\/09\/normativa_de_admision_de_estudiantes_procedentes_de_estudio.pdf\">Normativa de admisi\u00f3n de estudiantes procedentes de estudios universitarios parciales realizados en Espa\u00f1a o en el extranjero<\/a><\/li>\r\n    <li><a href=\"https:\/\/servicios.unileon.es\/defensor\/files\/2024\/09\/Normas_de_convivencia_ule.pdf\">Normas de Convivencia de la Universidad de Le\u00f3n<\/a><\/li>\r\n<\/ul>","protected":false},"excerpt":{"rendered":"<p>Reglamento de la Defensor\u00eda de la Comunidad Universitaria (aprobado por Acuerdo del Claustro Universitario de fecha 12 de diciembre de 2019) Protocolo de Acoso R\u00e9gimen Acad\u00e9mico de Permanencia Reglamento de evaluaci\u00f3n y calificaci\u00f3n del aprendizaje Reglamento de evaluaci\u00f3n por compensaci\u00f3n &#8211; Grado y Master Pautas de actuaci\u00f3n en supuestos de plagio, copia o fraude en [&hellip;]<\/p>\n","protected":false},"author":757,"featured_media":0,"parent":0,"menu_order":0,"comment_status":"closed","ping_status":"closed","template":"","meta":{"footnotes":""},"class_list":["post-22","page","type-page","status-publish","hentry"],"_links":{"self":[{"href":"https:\/\/servicios.unileon.es\/defensor\/wp-json\/wp\/v2\/pages\/22","targetHints":{"allow":["GET"]}}],"collection":[{"href":"https:\/\/servicios.unileon.es\/defensor\/wp-json\/wp\/v2\/pages"}],"about":[{"href":"https:\/\/servicios.unileon.es\/defensor\/wp-json\/wp\/v2\/types\/page"}],"author":[{"embeddable":true,"href":"https:\/\/servicios.unileon.es\/defensor\/wp-json\/wp\/v2\/users\/757"}],"replies":[{"embeddable":true,"href":"https:\/\/servicios.unileon.es\/defensor\/wp-json\/wp\/v2\/comments?post=22"}],"version-history":[{"count":14,"href":"https:\/\/servicios.unileon.es\/defensor\/wp-json\/wp\/v2\/pages\/22\/revisions"}],"predecessor-version":[{"id":570,"href":"https:\/\/servicios.unileon.es\/defensor\/wp-json\/wp\/v2\/pages\/22\/revisions\/570"}],"wp:attachment":[{"href":"https:\/\/servicios.unileon.es\/defensor\/wp-json\/wp\/v2\/media?parent=22"}],"curies":[{"name":"wp","href":"https:\/\/api.w.org\/{rel}","templated":true}]}}