{"id":179,"date":"2019-03-12T12:51:42","date_gmt":"2019-03-12T12:51:42","guid":{"rendered":"http:\/\/servicios.unileon.es\/defensor\/?page_id=179"},"modified":"2020-10-19T10:10:52","modified_gmt":"2020-10-19T10:10:52","slug":"taller-de-diseno-de-planes-y-acciones-de-igualdad","status":"publish","type":"page","link":"https:\/\/servicios.unileon.es\/defensor\/taller-de-diseno-de-planes-y-acciones-de-igualdad\/","title":{"rendered":"Taller de Dise\u00f1o de Planes y Acciones de Igualdad"},"content":{"rendered":"<p style=\"text-align: justify;\">El pr\u00f3ximo jueves, 21 de marzo de 2019, en el Aula 4A de la Facultad de Derecho, tendr\u00e1 lugar el Taller de\u00a0Dise\u00f1o de Planes y Acciones de Igualdad \u00abIGUALDAD DE OPORTUNIDADES ENTRE MUJERES Y HOMBRES EN EL \u00c1MBITO LABORAL\u00bb.\r\nEl horario ser\u00e1 de 11:30 h. a 13:30 h.<\/p>\r\n<p style=\"text-align: justify;\">Este Taller est\u00e1 organizado por la Consejer\u00eda de Familia e Igualdad de Oportunidades de la Junta de Castilla y Le\u00f3n y cuenta con la colaboraci\u00f3n de:<\/p>\r\n\r\n<ul style=\"list-style-type: disc;\">\r\n \t<li style=\"text-align: justify;\">Grupo de Investigaci\u00f3n Ule \u201cRegulaci\u00f3n de Flujos Migratorios \u2013 INNAIN\u201d<\/li>\r\n \t<li style=\"text-align: justify;\">Grupo de Innovaci\u00f3n Docente \u201cInmigraci\u00f3n, Nacionalidad e Interculturalidad \u2013 GID\u2010INI\u201d<\/li>\r\n \t<li style=\"text-align: justify;\">\u00c1rea de Derecho Eclesi\u00e1stico del Estado de la Facultad de Derecho de la Universidad de Le\u00f3n.<\/li>\r\n<\/ul>\r\n<p style=\"text-align: justify;\">Es un Taller gratuito.\r\nLas inscripciones en el aula o, por anticipado, enviando un email con sus datos (nombre, apellidos y direcci\u00f3n postal) a la direcci\u00f3n electr\u00f3nica uldcu@unileon.es<\/p>\r\n<a href=\"http:\/\/servicios.unileon.es\/defensor\/files\/2019\/03\/Taller-igualdad-21-marzo.pdf\">Taller de Dise\u00f1o de Planes y Acciones de Igualdad\u00a0 &#8211;\u00a0 21 marzo<\/a>\r\n\r\n&nbsp;","protected":false},"excerpt":{"rendered":"<p>El pr\u00f3ximo jueves, 21 de marzo de 2019, en el Aula 4A de la Facultad de Derecho, tendr\u00e1 lugar el Taller de\u00a0Dise\u00f1o de Planes y Acciones de Igualdad \u00abIGUALDAD DE OPORTUNIDADES ENTRE MUJERES Y HOMBRES EN EL \u00c1MBITO LABORAL\u00bb. El horario ser\u00e1 de 11:30 h. a 13:30 h. Este Taller est\u00e1 organizado por la Consejer\u00eda [&hellip;]<\/p>\n","protected":false},"author":757,"featured_media":0,"parent":0,"menu_order":0,"comment_status":"closed","ping_status":"closed","template":"","meta":{"footnotes":""},"class_list":["post-179","page","type-page","status-publish","hentry"],"_links":{"self":[{"href":"https:\/\/servicios.unileon.es\/defensor\/wp-json\/wp\/v2\/pages\/179","targetHints":{"allow":["GET"]}}],"collection":[{"href":"https:\/\/servicios.unileon.es\/defensor\/wp-json\/wp\/v2\/pages"}],"about":[{"href":"https:\/\/servicios.unileon.es\/defensor\/wp-json\/wp\/v2\/types\/page"}],"author":[{"embeddable":true,"href":"https:\/\/servicios.unileon.es\/defensor\/wp-json\/wp\/v2\/users\/757"}],"replies":[{"embeddable":true,"href":"https:\/\/servicios.unileon.es\/defensor\/wp-json\/wp\/v2\/comments?post=179"}],"version-history":[{"count":8,"href":"https:\/\/servicios.unileon.es\/defensor\/wp-json\/wp\/v2\/pages\/179\/revisions"}],"predecessor-version":[{"id":313,"href":"https:\/\/servicios.unileon.es\/defensor\/wp-json\/wp\/v2\/pages\/179\/revisions\/313"}],"wp:attachment":[{"href":"https:\/\/servicios.unileon.es\/defensor\/wp-json\/wp\/v2\/media?parent=179"}],"curies":[{"name":"wp","href":"https:\/\/api.w.org\/{rel}","templated":true}]}}