{"id":159,"date":"2019-03-11T10:49:16","date_gmt":"2019-03-11T10:49:16","guid":{"rendered":"http:\/\/servicios.unileon.es\/defensor\/?page_id=159"},"modified":"2020-06-28T21:47:11","modified_gmt":"2020-06-28T21:47:11","slug":"mensaje-defensor-comunidad-universitaria","status":"publish","type":"page","link":"https:\/\/servicios.unileon.es\/defensor\/mensaje-defensor-comunidad-universitaria\/","title":{"rendered":"28\/6\/2020 &#8211; Mensaje Defensor Comunidad Universitaria &#8211; 28\/6\/2018"},"content":{"rendered":"<p style=\"text-align: center;\"><span style=\"text-decoration: underline;\"><strong>D\u00eda Internacional de la Diversidad Sexual y los Derechos LGTBQ+ 2020<\/strong><\/span><\/p>\r\n<p style=\"text-align: center;\"><strong>28 de junio de 2020<\/strong><\/p>\r\n<img loading=\"lazy\" decoding=\"async\" class=\"wp-image-305 aligncenter\" src=\"https:\/\/servicios.unileon.es\/defensor\/files\/2020\/06\/Arco-Iris.png\" alt=\"\" width=\"275\" height=\"281\" \/>\r\n<p style=\"text-align: center;\"><strong>Mensaje con motivo del D\u00eda Internacional de la Diversidad Sexual y los derechos LGTBQ+<\/strong><\/p>\r\n<p style=\"text-align: justify;\">Si hay un criterio que puede servir para decidir el grado de desarrollo democr\u00e1tico de una\r\nsociedad es la medida en la que permite a cada uno de sus integrantes la realizaci\u00f3n de sus proyectos de vida, esos proyectos peque\u00f1os y grandes a trav\u00e9s de los que cada uno de nosotros considera poder lograr su autorrealizaci\u00f3n personal.<\/p>\r\n<p style=\"text-align: justify;\">Detr\u00e1s de ese ideal de autorrealizaci\u00f3n hay derechos, derechos individuales, y garant\u00edas institucionales. Solo mediante el ejercicio efectivo de esos derechos es posible la construcci\u00f3n del futuro que imaginamos.<\/p>\r\n<p style=\"text-align: justify;\">En el Estado no democr\u00e1tico, no hay derechos, hay intereses y privilegios y, por definici\u00f3n, la satisfacci\u00f3n de los intereses y privilegios de uno tiene lugar a costa de la correlativa insatisfacci\u00f3n de los de otro. En el Estado no democr\u00e1tico, uno es m\u00e1s siempre a costa de pagar el precio de que los otros sean menos.<\/p>\r\n<p style=\"text-align: justify;\">En el Estado democr\u00e1tico, en cambio, hay derechos y estos pertenecen en la misma medida a toda la ciudadan\u00eda. Toda la ciudadan\u00eda es part\u00edcipe de los mismos derechos y libertades. El derecho a la educaci\u00f3n, a la salud, la libertad de expresi\u00f3n, de manifestaci\u00f3n, de reuni\u00f3n\u2026<\/p>\r\n<p style=\"text-align: justify;\">Cuando alguien consigue ampliar el alcance de uno de esos derechos lo consigue para cada una de las personas que integran la sociedad. Si la calidad del derecho es mayor para uno, es mayor para todos; si el ejercicio del derecho es m\u00e1s igualitario, es m\u00e1s para todos.<\/p>\r\n<p style=\"text-align: justify;\">La satisfacci\u00f3n de la posici\u00f3n de uno act\u00faa siempre a favor de la satisfacci\u00f3n de la posici\u00f3n de todos.<\/p>\r\n<p style=\"text-align: justify;\">Dos art\u00edculos de la Constituci\u00f3n espa\u00f1ola se refieren al papel que deben jugar ante los proyectos personales el Estado y los ciudadanos.\r\nEn primer lugar, el art. 9.2 dir\u00e1 que \u201cCorresponde a los poderes p\u00fablicos promover las condiciones para que la libertad y la igualdad del individuo y de los grupos en que se integra sean reales y efectivas; remover los obst\u00e1culos que impidan o dificulten su plenitud y facilitar la participaci\u00f3n de todos los ciudadanos en la vida pol\u00edtica, econ\u00f3mica, cultural y social\u201d.\r\nA continuaci\u00f3n, el art. 10, justo antes de explicar cu\u00e1les son los derechos fundamentales, anuncia que, m\u00e1s all\u00e1 de los que seguidamente se enumeran, debe retenerse como esencial que \u201cLa dignidad de la persona, los derechos inviolables que le son inherentes, el libre desarrollo de la personalidad, el respeto a la ley y a los derechos de los dem\u00e1s, son fundamento del orden pol\u00edtico y de la paz social\u201d<\/p>\r\n<p style=\"text-align: justify;\">Creo que a la Defensor\u00eda de la Universidad de Le\u00f3n le corresponde reclamar que estas dos\r\nnormas tan absolutamente esenciales a una sociedad democr\u00e1tica se cumplan. Hacer nuestra la bandera arco iris, como lo hemos hecho, es esencialmente un acto de reivindicaci\u00f3n democr\u00e1tica en favor de los derechos y libertades de cada persona, del derecho al libre desarrollo de cada persona, de la igual dignidad personal.<\/p>\r\n<p style=\"text-align: justify;\">Una lucha por los derechos democr\u00e1ticos de individuo o colectivo lo es por los derechos\r\ndemocr\u00e1ticos de todos los individuos y todos los colectivos.<\/p>\r\n<p style=\"text-align: center;\">A quienes de uno u otro modo colabor\u00e1is a sostener esas luchas, sinceramente, gracias.<\/p>\r\n<p style=\"text-align: right;\">Paulino Pardo Prieto<\/p>","protected":false},"excerpt":{"rendered":"<p>D\u00eda Internacional de la Diversidad Sexual y los Derechos LGTBQ+ 2020 28 de junio de 2020 Mensaje con motivo del D\u00eda Internacional de la Diversidad Sexual y los derechos LGTBQ+ Si hay un criterio que puede servir para decidir el grado de desarrollo democr\u00e1tico de una sociedad es la medida en la que permite a [&hellip;]<\/p>\n","protected":false},"author":757,"featured_media":0,"parent":0,"menu_order":0,"comment_status":"closed","ping_status":"closed","template":"","meta":{"footnotes":""},"class_list":["post-159","page","type-page","status-publish","hentry"],"_links":{"self":[{"href":"https:\/\/servicios.unileon.es\/defensor\/wp-json\/wp\/v2\/pages\/159","targetHints":{"allow":["GET"]}}],"collection":[{"href":"https:\/\/servicios.unileon.es\/defensor\/wp-json\/wp\/v2\/pages"}],"about":[{"href":"https:\/\/servicios.unileon.es\/defensor\/wp-json\/wp\/v2\/types\/page"}],"author":[{"embeddable":true,"href":"https:\/\/servicios.unileon.es\/defensor\/wp-json\/wp\/v2\/users\/757"}],"replies":[{"embeddable":true,"href":"https:\/\/servicios.unileon.es\/defensor\/wp-json\/wp\/v2\/comments?post=159"}],"version-history":[{"count":6,"href":"https:\/\/servicios.unileon.es\/defensor\/wp-json\/wp\/v2\/pages\/159\/revisions"}],"predecessor-version":[{"id":306,"href":"https:\/\/servicios.unileon.es\/defensor\/wp-json\/wp\/v2\/pages\/159\/revisions\/306"}],"wp:attachment":[{"href":"https:\/\/servicios.unileon.es\/defensor\/wp-json\/wp\/v2\/media?parent=159"}],"curies":[{"name":"wp","href":"https:\/\/api.w.org\/{rel}","templated":true}]}}