{"id":125,"date":"2019-02-25T11:58:37","date_gmt":"2019-02-25T11:58:37","guid":{"rendered":"http:\/\/servicios.unileon.es\/defensor\/?page_id=125"},"modified":"2024-07-04T11:36:04","modified_gmt":"2024-07-04T11:36:04","slug":"15a-conferencia-enohe","status":"publish","type":"page","link":"https:\/\/servicios.unileon.es\/defensor\/15a-conferencia-enohe\/","title":{"rendered":"European Network for Ombuds in Higher Education &#8211; 15\u00aa Conferencia ENOHE"},"content":{"rendered":"<p style=\"text-align: justify;\">La European Network of Ombuds in Higher Education (ENOHE), es la Red Europea para Ombuds (Defensores) en Educaci\u00f3n Superior. Los miembros de esta organizaci\u00f3n incluyen ombuds nacionales y regionales, as\u00ed como aquellos que desempe\u00f1an funciones de \u00abombudsmen en el campus\u00bb.<\/p>\r\n<p style=\"text-align: center;\">Del 26 al 28 de junio de 2019, la ENOHE celebrar\u00e1 la 15\u00aa Conferencia, organizada por la Universidad de Le\u00f3n, Espa\u00f1a.<\/p>\r\n<p style=\"text-align: center;\"><a href=\"http:\/\/servicios.unileon.es\/defensor\/files\/2019\/03\/Bienvenidos-Enohe-2019.pdf\">Bienvenidos Enohe 2019<\/a><\/p>\r\n\r\n<div>\r\n<table class=\" aligncenter\" style=\"width: 600px;\">\r\n<tbody>\r\n<tr style=\"height: 24px;\">\r\n<td style=\"width: 47.1761%; height: 24px;\"><a href=\"http:\/\/servicios.unileon.es\/defensor\/files\/2019\/02\/Imagenes-para-pagina-web-1.pdf\">\u00a0 \u00a0 \u00a0Car\u00e1tula de la ENOHE 2019<\/a><\/td>\r\n<td style=\"width: 41.3621%; height: 24px; text-align: center;\"><a href=\"http:\/\/servicios.unileon.es\/defensor\/files\/2019\/03\/Welcome-enohes-2019.pdf\">Welcome Enohe&#8217;s 2019<\/a><\/td>\r\n<\/tr>\r\n<tr style=\"height: 24px;\">\r\n<td style=\"width: 47.1761%; height: 24px; text-align: center;\">P\u00e1gina de la ENOHE: <a href=\"http:\/\/www.enohe.net\/\">http:\/\/www.enohe.net\/<\/a><\/td>\r\n<td style=\"width: 41.3621%; height: 24px; text-align: center;\"><a href=\"https:\/\/drive.google.com\/file\/d\/1snCRnwqp39Owi9Sx6EeNxbTCmZw3hBdm\/view?usp=sharing_eil&amp;ts=5b166b7b\">Video-presentaci\u00f3n Universidad de Le\u00f3n<\/a><\/td>\r\n<\/tr>\r\n<\/tbody>\r\n<\/table>\r\n<\/div>\r\n<table class=\" aligncenter\" style=\"width: 600px;\">\r\n<tbody>\r\n<tr>\r\n<td style=\"text-align: center; width: 237px;\"><a href=\"http:\/\/servicios.unileon.es\/defensor\/files\/2020\/03\/ENOHE-Conference-programme.pdf\">ENOHE 2019 Conference programme<\/a><\/td>\r\n<td style=\"text-align: center; width: 202px;\"><a href=\"http:\/\/servicios.unileon.es\/defensor\/files\/2020\/03\/ENOHE-Newsletter-2019.pdf\">ENOHE Newsletter 2019<\/a>\/1<\/td>\r\n<\/tr>\r\n<tr>\r\n<td style=\"text-align: center; width: 237px;\"><a href=\"http:\/\/servicios.unileon.es\/defensor\/files\/2020\/03\/Actualidad-noticias-ENOHE.pdf\">Actualidad &#8211; noticias ENOHE<\/a><\/td>\r\n<td style=\"text-align: center; width: 202px;\"><a href=\"http:\/\/servicios.unileon.es\/defensor\/files\/2020\/03\/ENOHE-Declaration-29-de-junio-de-2019.pdf\">ENOHE Declaraci\u00f3n de Le\u00f3n &#8211;\u00a0 29 de junio de 2019<\/a><\/td>\r\n<\/tr>\r\n<\/tbody>\r\n<\/table>\r\n<table class=\" aligncenter\" style=\"width: 600px;\">\r\n<tbody>\r\n<tr>\r\n<td style=\"text-align: center;\"><strong>ENOHE EN LA PRENSA<\/strong>\r\n\r\n<a href=\"http:\/\/servicios.unileon.es\/defensor\/files\/2020\/03\/LEON7DIAS-diario-digital-de-noticias-y-actualidad-de-Leon-viernes-21-de-junio-de-2019.pdf\">LEON7DIAS diario digital &#8211; viernes 21 de junio de 2019<\/a>\r\n\r\n<a href=\"http:\/\/servicios.unileon.es\/defensor\/files\/2020\/03\/LeonNoticias-viernes-21-de-junio-de-2019.pdf\">LeonNoticias &#8211; viernes 21 de junio de 2019<\/a>\r\n\r\n<a href=\"http:\/\/servicios.unileon.es\/defensor\/files\/2020\/03\/Diario-de-Le\u00f3n-23-de-junio-de-2019.pdf\">Diario de Le\u00f3n &#8211; 23 de junio de 2019<\/a>\r\n\r\n<a href=\"http:\/\/servicios.unileon.es\/defensor\/files\/2020\/03\/Diario-de-Le\u00f3n-24-de-junio-de-2019.pdf\">Diario de Le\u00f3n &#8211; 24 de junio de 2019<\/a>\r\n\r\n<a href=\"http:\/\/servicios.unileon.es\/defensor\/files\/2020\/03\/Diario-de-Le\u00f3n-25-de-junio-de-2019.pdf\">Diario de Le\u00f3n &#8211; 25 de junio de 2019<\/a>\r\n\r\n<a href=\"http:\/\/servicios.unileon.es\/defensor\/files\/2020\/03\/La-Vanguardia-24-de-junio-de-2019-1.pdf\">La Vanguardia &#8211; 24 de junio de 2019<\/a>\r\n\r\n<a href=\"http:\/\/servicios.unileon.es\/defensor\/files\/2020\/03\/Gente-27-de-junio-de-2019.pdf\">Gente &#8211; 27 de junio de 2019<\/a>\r\n\r\n<a href=\"http:\/\/servicios.unileon.es\/defensor\/files\/2020\/03\/La-Cr\u00f3nica-de-Le\u00f3n-27-de-junio-de-2019.pdf\">La Cr\u00f3nica de Le\u00f3n &#8211; 27 de junio de 2019<\/a><\/td>\r\n<\/tr>\r\n<\/tbody>\r\n<\/table>\r\n<table class=\" aligncenter\" style=\"width: 600px;\">\r\n<tbody>\r\n<tr>\r\n<td style=\"width: 100%; text-align: center;\">\r\n<p style=\"text-align: center;\"><strong>\u00c1LBUM DE FOTOGRAF\u00cdAS ENOHE 2019<\/strong><\/p>\r\n<p style=\"text-align: center;\"><a href=\"http:\/\/servicios.unileon.es\/defensor\/recepcion-autoridades-ayuntamiento-de-leon\/\">Recepci\u00f3n autoridades &#8211; Ayuntamiento de Le\u00f3n\/Diputaci\u00f3n de Le\u00f3n<\/a><\/p>\r\n<p style=\"text-align: center;\"><a href=\"http:\/\/servicios.unileon.es\/defensor\/files\/2020\/03\/Inauguraci\u00f3n-Congreso-ENOHE-1.pdf\">Inauguraci\u00f3n Congreso ENOHE<\/a><\/p>\r\n<\/td>\r\n<\/tr>\r\n<\/tbody>\r\n<\/table>","protected":false},"excerpt":{"rendered":"<p>La European Network of Ombuds in Higher Education (ENOHE), es la Red Europea para Ombuds (Defensores) en Educaci\u00f3n Superior. Los miembros de esta organizaci\u00f3n incluyen ombuds nacionales y regionales, as\u00ed como aquellos que desempe\u00f1an funciones de \u00abombudsmen en el campus\u00bb. Del 26 al 28 de junio de 2019, la ENOHE celebrar\u00e1 la 15\u00aa Conferencia, organizada [&hellip;]<\/p>\n","protected":false},"author":757,"featured_media":0,"parent":0,"menu_order":0,"comment_status":"closed","ping_status":"closed","template":"","meta":{"footnotes":""},"class_list":["post-125","page","type-page","status-publish","hentry"],"_links":{"self":[{"href":"https:\/\/servicios.unileon.es\/defensor\/wp-json\/wp\/v2\/pages\/125","targetHints":{"allow":["GET"]}}],"collection":[{"href":"https:\/\/servicios.unileon.es\/defensor\/wp-json\/wp\/v2\/pages"}],"about":[{"href":"https:\/\/servicios.unileon.es\/defensor\/wp-json\/wp\/v2\/types\/page"}],"author":[{"embeddable":true,"href":"https:\/\/servicios.unileon.es\/defensor\/wp-json\/wp\/v2\/users\/757"}],"replies":[{"embeddable":true,"href":"https:\/\/servicios.unileon.es\/defensor\/wp-json\/wp\/v2\/comments?post=125"}],"version-history":[{"count":46,"href":"https:\/\/servicios.unileon.es\/defensor\/wp-json\/wp\/v2\/pages\/125\/revisions"}],"predecessor-version":[{"id":538,"href":"https:\/\/servicios.unileon.es\/defensor\/wp-json\/wp\/v2\/pages\/125\/revisions\/538"}],"wp:attachment":[{"href":"https:\/\/servicios.unileon.es\/defensor\/wp-json\/wp\/v2\/media?parent=125"}],"curies":[{"name":"wp","href":"https:\/\/api.w.org\/{rel}","templated":true}]}}