{"id":12,"date":"2016-02-11T10:12:40","date_gmt":"2016-02-11T10:12:40","guid":{"rendered":"http:\/\/servicios.unileon.es\/defensor\/?page_id=12"},"modified":"2024-07-08T10:07:15","modified_gmt":"2024-07-08T10:07:15","slug":"informacion-de-contacto","status":"publish","type":"page","link":"https:\/\/servicios.unileon.es\/defensor\/informacion-de-contacto\/","title":{"rendered":"Informaci\u00f3n de Contacto"},"content":{"rendered":"<table class=\"extendida\">\r\n<tbody>\r\n<tr>\r\n<th>Defensora<\/th>\r\n<td><strong>Marta Zubiaur Gonz\u00e1lez<\/strong><\/td>\r\n<\/tr>\r\n<tr>\r\n<th>Direcci\u00f3n Postal<\/th>\r\n<td>Universidad de Le\u00f3n\r\nEdificio de Servicios &#8211; 1\u00aa Planta &#8211; Despachos 1014\/1015\r\nCampus de Vegazana s\/n\r\n24071-Le\u00f3n\r\nEspa\u00f1a<\/td>\r\n<\/tr>\r\n<tr>\r\n<th>Tel\u00e9fonos<\/th>\r\n<td>987 29 1868 \/1893<\/td>\r\n<\/tr>\r\n<tr>\r\n<th>Buz\u00f3n electr\u00f3nico<\/th>\r\n<td><a href=\"mailto:uldcu@unileon.es\">uldcu@unileon.es<\/a><\/td>\r\n<\/tr>\r\n<\/tbody>\r\n<\/table>\r\n<h2><strong>Formulario de Contacto:<\/strong><\/h2>\r\n\n<div class=\"wpcf7 no-js\" id=\"wpcf7-f507-o1\" lang=\"es-ES\" dir=\"ltr\" data-wpcf7-id=\"507\">\n<div class=\"screen-reader-response\"><p role=\"status\" aria-live=\"polite\" aria-atomic=\"true\"><\/p> <ul><\/ul><\/div>\n<form action=\"\/defensor\/wp-json\/wp\/v2\/pages\/12#wpcf7-f507-o1\" method=\"post\" class=\"wpcf7-form init\" aria-label=\"Formulario de contacto\" enctype=\"multipart\/form-data\" novalidate=\"novalidate\" data-status=\"init\">\n<fieldset class=\"hidden-fields-container\"><input type=\"hidden\" name=\"_wpcf7\" value=\"507\" \/><input type=\"hidden\" name=\"_wpcf7_version\" value=\"6.1.1\" \/><input type=\"hidden\" name=\"_wpcf7_locale\" value=\"es_ES\" \/><input type=\"hidden\" name=\"_wpcf7_unit_tag\" value=\"wpcf7-f507-o1\" \/><input type=\"hidden\" name=\"_wpcf7_container_post\" value=\"0\" \/><input type=\"hidden\" name=\"_wpcf7_posted_data_hash\" value=\"\" \/>\n<\/fieldset>\n<p>DATOS DEL SOLICITANTE\n<\/p>\n<p>Nombre y Apellidos: <span class=\"wpcf7-form-control-wrap\" data-name=\"NombreyApellidos\"><input size=\"40\" maxlength=\"400\" class=\"wpcf7-form-control wpcf7-text wpcf7-validates-as-required\" aria-required=\"true\" aria-invalid=\"false\" placeholder=\"\" value=\"\" type=\"text\" name=\"NombreyApellidos\" \/><\/span><br \/>\nDNI: <span class=\"wpcf7-form-control-wrap\" data-name=\"text-678\"><input size=\"40\" maxlength=\"400\" class=\"wpcf7-form-control wpcf7-text wpcf7-validates-as-required\" aria-required=\"true\" aria-invalid=\"false\" value=\"\" type=\"text\" name=\"text-678\" \/><\/span><br \/>\nDomicilio a efectos de notificaciones:<span class=\"wpcf7-form-control-wrap\" data-name=\"Domicilioaefectosdenotificaciones\"><input size=\"40\" maxlength=\"400\" class=\"wpcf7-form-control wpcf7-text wpcf7-validates-as-required\" aria-required=\"true\" aria-invalid=\"false\" placeholder=\"\" value=\"\" type=\"text\" name=\"Domicilioaefectosdenotificaciones\" \/><\/span><br \/>\nC\u00f3digo Postal: <span class=\"wpcf7-form-control-wrap\" data-name=\"CdigoPostal\"><input class=\"wpcf7-form-control wpcf7-number wpcf7-validates-as-required wpcf7-validates-as-number\" aria-required=\"true\" aria-invalid=\"false\" placeholder=\"\" value=\"\" type=\"number\" name=\"CdigoPostal\" \/><\/span><br \/>\nLocalidad y Provincia: <span class=\"wpcf7-form-control-wrap\" data-name=\"LocalidadyProvincia\"><input size=\"40\" maxlength=\"400\" class=\"wpcf7-form-control wpcf7-text wpcf7-validates-as-required\" aria-required=\"true\" aria-invalid=\"false\" placeholder=\"\" value=\"\" type=\"text\" name=\"LocalidadyProvincia\" \/><\/span><br \/>\nemail: <span class=\"wpcf7-form-control-wrap\" data-name=\"email\"><input size=\"40\" maxlength=\"400\" class=\"wpcf7-form-control wpcf7-email wpcf7-validates-as-required wpcf7-text wpcf7-validates-as-email\" aria-required=\"true\" aria-invalid=\"false\" placeholder=\"\" value=\"\" type=\"email\" name=\"email\" \/><\/span><br \/>\nTel\u00e9fono: <span class=\"wpcf7-form-control-wrap\" data-name=\"Telfono\"><input size=\"40\" maxlength=\"400\" class=\"wpcf7-form-control wpcf7-tel wpcf7-text wpcf7-validates-as-tel\" aria-invalid=\"false\" value=\"\" type=\"tel\" name=\"Telfono\" \/><\/span><br \/>\nVinculaci\u00f3n con la Universidad:<br \/>\n<span class=\"wpcf7-form-control-wrap\" data-name=\"VinculacinconlaUniversidad\"><span class=\"wpcf7-form-control wpcf7-radio\"><span class=\"wpcf7-list-item first\"><label><input type=\"radio\" name=\"VinculacinconlaUniversidad\" value=\"PDI\" checked=\"checked\" \/><span class=\"wpcf7-list-item-label\">PDI<\/span><\/label><\/span><span class=\"wpcf7-list-item\"><label><input type=\"radio\" name=\"VinculacinconlaUniversidad\" value=\"PTGAS\" \/><span class=\"wpcf7-list-item-label\">PTGAS<\/span><\/label><\/span><span class=\"wpcf7-list-item\"><label><input type=\"radio\" name=\"VinculacinconlaUniversidad\" value=\"ESTUDIANTE\" \/><span class=\"wpcf7-list-item-label\">ESTUDIANTE<\/span><\/label><\/span><span class=\"wpcf7-list-item last\"><label><input type=\"radio\" name=\"VinculacinconlaUniversidad\" value=\"OTROS\" \/><span class=\"wpcf7-list-item-label\">OTROS<\/span><\/label><\/span><\/span><\/span>\n<\/p>\n<p>DATOS DE LA QUEJA, CONSULTA O MEDIACI\u00d3N\n<\/p>\n<p>Tipo de Formulario:<br \/>\n<span class=\"wpcf7-form-control-wrap\" data-name=\"Tipodeformulario\"><span class=\"wpcf7-form-control wpcf7-radio\"><span class=\"wpcf7-list-item first\"><label><input type=\"radio\" name=\"Tipodeformulario\" value=\"Consulta\" checked=\"checked\" \/><span class=\"wpcf7-list-item-label\">Consulta<\/span><\/label><\/span><span class=\"wpcf7-list-item\"><label><input type=\"radio\" name=\"Tipodeformulario\" value=\"Mediaci\u00f3n\" \/><span class=\"wpcf7-list-item-label\">Mediaci\u00f3n<\/span><\/label><\/span><span class=\"wpcf7-list-item last\"><label><input type=\"radio\" name=\"Tipodeformulario\" value=\"Queja o reclamaci\u00f3n\" \/><span class=\"wpcf7-list-item-label\">Queja o reclamaci\u00f3n<\/span><\/label><\/span><\/span><\/span><br \/>\nExpone:<br \/>\n<span class=\"wpcf7-form-control-wrap\" data-name=\"textarea-69\"><textarea cols=\"40\" rows=\"10\" maxlength=\"2000\" class=\"wpcf7-form-control wpcf7-textarea wpcf7-validates-as-required\" aria-required=\"true\" aria-invalid=\"false\" name=\"textarea-69\"><\/textarea><\/span><br \/>\nSolicita:<br \/>\n<span class=\"wpcf7-form-control-wrap\" data-name=\"textarea-70\"><textarea cols=\"40\" rows=\"10\" maxlength=\"2000\" class=\"wpcf7-form-control wpcf7-textarea wpcf7-validates-as-required\" aria-required=\"true\" aria-invalid=\"false\" name=\"textarea-70\"><\/textarea><\/span>\n<\/p>\n<p>Adjuntar fichero:<br \/>\n<span class=\"wpcf7-form-control-wrap\" data-name=\"file-55\"><input size=\"40\" class=\"wpcf7-form-control wpcf7-file\" accept=\".pdf\" aria-invalid=\"false\" type=\"file\" name=\"file-55\" \/><\/span>\n<\/p>\n<p>Pregunta matem\u00e1tica:<br \/>\n<span class=\"wpcf7-form-control-wrap\" data-name=\"quiz-29\"><label><span class=\"wpcf7-quiz-label\">1+0<\/span> <input size=\"40\" class=\"wpcf7-form-control wpcf7-quiz\" autocomplete=\"off\" aria-required=\"true\" aria-invalid=\"false\" type=\"text\" name=\"quiz-29\" \/><\/label><input type=\"hidden\" name=\"_wpcf7_quiz_answer_quiz-29\" value=\"c44923df5bcb6bf97bbda4baba28a5ba\" \/><\/span>\n<\/p>\n<p><input class=\"wpcf7-form-control wpcf7-submit has-spinner\" type=\"submit\" value=\"Enviar\" \/>\n<\/p><div class=\"wpcf7-response-output\" aria-hidden=\"true\"><\/div>\n<\/form>\n<\/div>\n","protected":false},"excerpt":{"rendered":"<p>Defensora Marta Zubiaur Gonz\u00e1lez Direcci\u00f3n Postal Universidad de Le\u00f3n Edificio de Servicios &#8211; 1\u00aa Planta &#8211; Despachos 1014\/1015 Campus de Vegazana s\/n 24071-Le\u00f3n Espa\u00f1a Tel\u00e9fonos 987 29 1868 \/1893 Buz\u00f3n electr\u00f3nico uldcu@unileon.es Formulario de Contacto:<\/p>\n","protected":false},"author":344,"featured_media":0,"parent":0,"menu_order":0,"comment_status":"closed","ping_status":"closed","template":"","meta":{"footnotes":""},"class_list":["post-12","page","type-page","status-publish","hentry"],"_links":{"self":[{"href":"https:\/\/servicios.unileon.es\/defensor\/wp-json\/wp\/v2\/pages\/12","targetHints":{"allow":["GET"]}}],"collection":[{"href":"https:\/\/servicios.unileon.es\/defensor\/wp-json\/wp\/v2\/pages"}],"about":[{"href":"https:\/\/servicios.unileon.es\/defensor\/wp-json\/wp\/v2\/types\/page"}],"author":[{"embeddable":true,"href":"https:\/\/servicios.unileon.es\/defensor\/wp-json\/wp\/v2\/users\/344"}],"replies":[{"embeddable":true,"href":"https:\/\/servicios.unileon.es\/defensor\/wp-json\/wp\/v2\/comments?post=12"}],"version-history":[{"count":17,"href":"https:\/\/servicios.unileon.es\/defensor\/wp-json\/wp\/v2\/pages\/12\/revisions"}],"predecessor-version":[{"id":552,"href":"https:\/\/servicios.unileon.es\/defensor\/wp-json\/wp\/v2\/pages\/12\/revisions\/552"}],"wp:attachment":[{"href":"https:\/\/servicios.unileon.es\/defensor\/wp-json\/wp\/v2\/media?parent=12"}],"curies":[{"name":"wp","href":"https:\/\/api.w.org\/{rel}","templated":true}]}}