{"id":115,"date":"2018-09-19T07:51:12","date_gmt":"2018-09-19T07:51:12","guid":{"rendered":"http:\/\/servicios.unileon.es\/defensor\/?page_id=115"},"modified":"2019-03-13T11:54:40","modified_gmt":"2019-03-13T11:54:40","slug":"i-encuentro-de-defensorias-universitarias","status":"publish","type":"page","link":"https:\/\/servicios.unileon.es\/defensor\/i-encuentro-de-defensorias-universitarias\/","title":{"rendered":"I Encuentro de Defensor\u00edas Universitarias"},"content":{"rendered":"<p style=\"text-align: justify;\">Del 12 al 14 de septiembre de 2018, en la Universidad Nacional de C\u00f3rdoba (Argentina), tendr\u00e1 lugar el I Encuentro de Defensor\u00edas Universitarias.<\/p>\r\n<p style=\"text-align: justify;\">Compartir experiencias entre las Defensor\u00edas de Iberoam\u00e9rica es clave para su desarrollo, ayud\u00e1ndonos a tener mejores elementos para implementar pol\u00edticas en cada universidad.<\/p>\r\n<p style=\"text-align: justify;\">Este encuentro ser\u00e1 la primera oportunidad en la que Defensores de pa\u00edses muy distintos puedan intercambiar ideas y conocer como determinados problemas se vienen resolviendo.<\/p>\r\n<p style=\"text-align: justify;\">Se abordar\u00e1n problem\u00e1ticas de las universidades tales como el acoso sexual, el bullying, conflictos con la autoridad y tambi\u00e9n el tema de la autonom\u00eda de las Defensor\u00edas.<\/p>\r\n<p style=\"text-align: justify;\">Este Encuentro se enmarca en el contexto de la Conmemoraci\u00f3n del Centenario de la Reforma Universitaria que tuvo sus or\u00edgenes en el movimiento estudiantil que se inici\u00f3 en el a\u00f1o 1918 en la Universidad Nacional de C\u00f3rdoba y que sent\u00f3 las principales bases de principios del actual Sistema Universitario Nacional de Argentina, tales como la autonom\u00eda universitaria, el cogobierno, la extensi\u00f3n universitaria, la libertad y periodicidad de las c\u00e1tedras.<\/p>\r\n<img loading=\"lazy\" decoding=\"async\" class=\"aligncenter size-medium wp-image-121\" src=\"http:\/\/servicios.unileon.es\/defensor\/files\/2018\/09\/Foto-I-Encuentro-Iberoamericano-de-Defensorias-Universitarias-240x300.jpg\" alt=\"\" width=\"240\" height=\"300\" srcset=\"https:\/\/servicios.unileon.es\/defensor\/files\/2018\/09\/Foto-I-Encuentro-Iberoamericano-de-Defensorias-Universitarias-240x300.jpg 240w, https:\/\/servicios.unileon.es\/defensor\/files\/2018\/09\/Foto-I-Encuentro-Iberoamericano-de-Defensorias-Universitarias-768x960.jpg 768w, https:\/\/servicios.unileon.es\/defensor\/files\/2018\/09\/Foto-I-Encuentro-Iberoamericano-de-Defensorias-Universitarias-819x1024.jpg 819w, https:\/\/servicios.unileon.es\/defensor\/files\/2018\/09\/Foto-I-Encuentro-Iberoamericano-de-Defensorias-Universitarias.jpg 1080w\" sizes=\"auto, (max-width: 240px) 100vw, 240px\" \/>\r\n<p style=\"text-align: center;\">Foto: I Encuentro Iberoamericano de Defensorias Universitarias<\/p>\r\n<p style=\"text-align: center;\">http:\/\/centenariodelareforma.unc.edu.ar<\/p>","protected":false},"excerpt":{"rendered":"<p>Del 12 al 14 de septiembre de 2018, en la Universidad Nacional de C\u00f3rdoba (Argentina), tendr\u00e1 lugar el I Encuentro de Defensor\u00edas Universitarias. Compartir experiencias entre las Defensor\u00edas de Iberoam\u00e9rica es clave para su desarrollo, ayud\u00e1ndonos a tener mejores elementos para implementar pol\u00edticas en cada universidad. Este encuentro ser\u00e1 la primera oportunidad en la que [&hellip;]<\/p>\n","protected":false},"author":757,"featured_media":0,"parent":0,"menu_order":0,"comment_status":"closed","ping_status":"closed","template":"","meta":{"footnotes":""},"class_list":["post-115","page","type-page","status-publish","hentry"],"_links":{"self":[{"href":"https:\/\/servicios.unileon.es\/defensor\/wp-json\/wp\/v2\/pages\/115","targetHints":{"allow":["GET"]}}],"collection":[{"href":"https:\/\/servicios.unileon.es\/defensor\/wp-json\/wp\/v2\/pages"}],"about":[{"href":"https:\/\/servicios.unileon.es\/defensor\/wp-json\/wp\/v2\/types\/page"}],"author":[{"embeddable":true,"href":"https:\/\/servicios.unileon.es\/defensor\/wp-json\/wp\/v2\/users\/757"}],"replies":[{"embeddable":true,"href":"https:\/\/servicios.unileon.es\/defensor\/wp-json\/wp\/v2\/comments?post=115"}],"version-history":[{"count":5,"href":"https:\/\/servicios.unileon.es\/defensor\/wp-json\/wp\/v2\/pages\/115\/revisions"}],"predecessor-version":[{"id":396,"href":"https:\/\/servicios.unileon.es\/defensor\/wp-json\/wp\/v2\/pages\/115\/revisions\/396"}],"wp:attachment":[{"href":"https:\/\/servicios.unileon.es\/defensor\/wp-json\/wp\/v2\/media?parent=115"}],"curies":[{"name":"wp","href":"https:\/\/api.w.org\/{rel}","templated":true}]}}