{"id":108,"date":"2018-09-05T10:19:58","date_gmt":"2018-09-05T10:19:58","guid":{"rendered":"http:\/\/servicios.unileon.es\/defensor\/?page_id=108"},"modified":"2019-03-11T10:58:17","modified_gmt":"2019-03-11T10:58:17","slug":"mensaje-defensor-comunidad-universitaria-5-9-2018","status":"publish","type":"page","link":"https:\/\/servicios.unileon.es\/defensor\/mensaje-defensor-comunidad-universitaria-5-9-2018\/","title":{"rendered":"Mensaje Defensor Comunidad Universitaria &#8211; 5\/9\/2018"},"content":{"rendered":"<p style=\"text-align: center;\"><strong>Mensaje de la Defensor\u00eda de la Universidad de Le\u00f3n a la Comunidad Universitaria<\/strong>\r\nCualquier actividad realizada a costa de una porci\u00f3n de la libertad o dignidad de otra persona, es ileg\u00edtima.<\/p>\r\n<p style=\"text-align: justify;\">Especialmente para los que acceden al campus universitario por primera vez, el inicio del curso acad\u00e9mico discurre entre encuentros, reencuentros, novedades, incertidumbres, alegr\u00edas, sorpresas y, a menudo\u2026 Desconcierto.Tengo la impresi\u00f3n de que algunos de esos ingredientes est\u00e1n en la base de lo que se conoce como \u201cnovatada\u201d. Aunque ninguno de ellos forma parte de su definici\u00f3n.<\/p>\r\n<p style=\"text-align: justify;\">Suele decirse de este tipo de actividades que tienen un car\u00e1cter \u201ctradicional\u201d, \u201cfestivo\u201d, que son \u201crito de paso\u201d, \u201cde madurez\u201d o \u201cintegrador\u201d. Con esos calificativos, u otros igual de benevolentes, a menudo se cierra el camino a cualquier luz de duda acerca de su legitimidad.<\/p>\r\n<p style=\"text-align: justify;\">La Real Academia de la Lengua se refiere a ellas de un modo tremendamente sencillo y claro: \u201cEn algunas colectividades, vejamen y molestias que los antiguos hacen a los reci\u00e9n llegados\u201d.<\/p>\r\n<p style=\"text-align: justify;\">Es apropiado y oportuno que nos volvamos y nos paremos sobre esas palabras y el mundo de ideas que reflejan. Tradici\u00f3n, festividad, madurez o integraci\u00f3n no forman parte, ni por asomo, de su esencia. En su carta de naturaleza solo est\u00e1n \u201cvejamen\u201d y \u201cmolestia\u201d.\r\nPrecauci\u00f3n, por tanto, cuando alguien sea llamado a participar de uno u otro modo de esas conductas. Sin olvidar que la repetici\u00f3n de un comportamiento no genera una norma que ha de ser continuada en el tiempo, ni por quienes se han venido obcecando en repetirla ni, obviamente, por terceros.\r\nM\u00e1xime cuando decimos que la esencia de tal acci\u00f3n es la falta de empat\u00eda, el malestar, da\u00f1o, perjuicio o padecimiento de alguien.<\/p>\r\n<p style=\"text-align: justify;\">Para decidir si algo es aceptable o no, basta aplicar un elemental criterio, una vara de medir que est\u00e1 al alcance de todas las personas: Cualquier actividad realizada a costa de una porci\u00f3n de la libertad o dignidad de otra, es ileg\u00edtima.<\/p>\r\n<p style=\"text-align: justify;\">Nada une m\u00e1s r\u00e1pidamente a un grupo, es verdad, que la complicidad en torno a lo irracional, lo inmoral o lo il\u00edcito. De ah\u00ed surgen manadas y solidaridades que en la religi\u00f3n o en la pol\u00edtica, por citar dos de sus terrenos preferidos, se mantendr\u00e1n demasiado a menudo hasta m\u00e1s all\u00e1 de la muerte.<\/p>\r\n<p style=\"text-align: justify;\">La Universidad representa un tipo de uni\u00f3n de personas completamente opuesto a aquel que contribuyen a conformar esos adjetivos.<\/p>\r\n<p style=\"text-align: justify;\">La Universidad p\u00fablica, especialmente, sirve y ha de contribuir a situar nuestra mirada en direcci\u00f3n a la raz\u00f3n universal, la \u00e9tica humanista y la justicia. La Universidad, especialmente la p\u00fablica, tiene como objetivo contribuir al m\u00e1s pleno desarrollo de la personalidad de cada uno de sus integrantes y, a trav\u00e9s de sus aportaciones cient\u00edficas y culturales, al m\u00e1s pleno desarrollo de la sociedad que decidi\u00f3 darle vida.<\/p>\r\n<p style=\"text-align: justify;\">Mostremos pleno respeto desde el primer d\u00eda con cada una de las dem\u00e1s personas y con nosotros mismos.<\/p>\r\n<p style=\"text-align: justify;\">Pong\u00e1monos por principio y sin reservas del lado de quien dice \u201cNO\u201d e impidamos activamente que aquellos cuya capacidad est\u00e1 limitada (por el consumo de alcohol, de otras drogas o cualquier otra circunstancia) participen de ninguna de estas actividades.<\/p>\r\n<p style=\"text-align: justify;\">Esta Defensor\u00eda y, en cuanto fuera oportuno el Servicio de Inspecci\u00f3n de la Universidad de Le\u00f3n, quedan enteramente a vuestra disposici\u00f3n para ayudar a que ni un solo integrante de la Comunidad llegue a sentirse incomodado por estas pr\u00e1cticas o el mero intento de llevarlas a cabo.<\/p>\r\n<p style=\"text-align: right;\">Paulino Pardo Prieto<\/p>\r\n<a href=\"http:\/\/servicios.unileon.es\/defensor\/files\/2018\/09\/Mensaje-sobre-novatadas-2018-2019.pdf\">Mensaje sobre novatadas 2018-2019<\/a>","protected":false},"excerpt":{"rendered":"<p>Mensaje de la Defensor\u00eda de la Universidad de Le\u00f3n a la Comunidad Universitaria Cualquier actividad realizada a costa de una porci\u00f3n de la libertad o dignidad de otra persona, es ileg\u00edtima. Especialmente para los que acceden al campus universitario por primera vez, el inicio del curso acad\u00e9mico discurre entre encuentros, reencuentros, novedades, incertidumbres, alegr\u00edas, sorpresas [&hellip;]<\/p>\n","protected":false},"author":757,"featured_media":0,"parent":0,"menu_order":0,"comment_status":"closed","ping_status":"closed","template":"","meta":{"footnotes":""},"class_list":["post-108","page","type-page","status-publish","hentry"],"_links":{"self":[{"href":"https:\/\/servicios.unileon.es\/defensor\/wp-json\/wp\/v2\/pages\/108","targetHints":{"allow":["GET"]}}],"collection":[{"href":"https:\/\/servicios.unileon.es\/defensor\/wp-json\/wp\/v2\/pages"}],"about":[{"href":"https:\/\/servicios.unileon.es\/defensor\/wp-json\/wp\/v2\/types\/page"}],"author":[{"embeddable":true,"href":"https:\/\/servicios.unileon.es\/defensor\/wp-json\/wp\/v2\/users\/757"}],"replies":[{"embeddable":true,"href":"https:\/\/servicios.unileon.es\/defensor\/wp-json\/wp\/v2\/comments?post=108"}],"version-history":[{"count":5,"href":"https:\/\/servicios.unileon.es\/defensor\/wp-json\/wp\/v2\/pages\/108\/revisions"}],"predecessor-version":[{"id":168,"href":"https:\/\/servicios.unileon.es\/defensor\/wp-json\/wp\/v2\/pages\/108\/revisions\/168"}],"wp:attachment":[{"href":"https:\/\/servicios.unileon.es\/defensor\/wp-json\/wp\/v2\/media?parent=108"}],"curies":[{"name":"wp","href":"https:\/\/api.w.org\/{rel}","templated":true}]}}