{"id":4,"date":"2010-11-12T10:15:55","date_gmt":"2010-11-12T10:15:55","guid":{"rendered":"http:\/\/servicios.unileon.es\/czule\/"},"modified":"2023-03-13T07:45:32","modified_gmt":"2023-03-13T07:45:32","slug":"informacion-de-contacto","status":"publish","type":"page","link":"https:\/\/servicios.unileon.es\/czule\/informacion-de-contacto\/","title":{"rendered":"Informaci\u00f3n de Contacto"},"content":{"rendered":"<p><center><\/p>\n<table align=\"center\">\n<tbody>\n<tr>\n<th align=\"center\">P\u00e1gina Web<\/th>\n<td align=\"center\"><a href=\"https:\/\/mule.unileon.es\/\">https:\/\/mule.unileon.es\/<\/a><\/td>\n<\/tr>\n<tr>\n<th align=\"center\">Direcci\u00f3n Postal<\/th>\n<td align=\"center\">UNIVERSIDAD<br \/>\nDE LE\u00d3N<\/p>\n<p>Museo de Colecciones de la Ule (MULE)<\/p>\n<p>C\/ Jes\u00fas Rubio, 2<br \/>\n24004 LE\u00d3N<\/td>\n<\/tr>\n<tr>\n<th align=\"center\">Tel\u00e9fonos:<\/th>\n<td align=\"center\">Administraci\u00f3n: 987 29 36 39<br \/>\nRecepci\u00f3n: 987 29 30 33 &#8211; 620 531 600<\/td>\n<\/tr>\n<tr>\n<th align=\"center\">Buz\u00f3n electr\u00f3nico<\/th>\n<td align=\"center\">\nConservador: <a href=\"mailto:gerlmf@unileon.es\">gerlmf@unileon.es <\/a><\/td>\n<\/tr>\n<\/tbody>\n<\/table>\n<p><\/center><\/p>\n","protected":false},"excerpt":{"rendered":"<p>P\u00e1gina Web https:\/\/mule.unileon.es\/ Direcci\u00f3n Postal UNIVERSIDAD DE LE\u00d3N Museo de Colecciones de la Ule (MULE) C\/ Jes\u00fas Rubio, 2 24004 LE\u00d3N Tel\u00e9fonos: Administraci\u00f3n: 987 29 36 39 Recepci\u00f3n: 987 29 30 33 &#8211; 620 531 600 Buz\u00f3n electr\u00f3nico Conservador: gerlmf@unileon.es<\/p>\n","protected":false},"author":1,"featured_media":0,"parent":0,"menu_order":0,"comment_status":"closed","ping_status":"open","template":"","meta":{"footnotes":""},"class_list":["post-4","page","type-page","status-publish","hentry"],"_links":{"self":[{"href":"https:\/\/servicios.unileon.es\/czule\/wp-json\/wp\/v2\/pages\/4","targetHints":{"allow":["GET"]}}],"collection":[{"href":"https:\/\/servicios.unileon.es\/czule\/wp-json\/wp\/v2\/pages"}],"about":[{"href":"https:\/\/servicios.unileon.es\/czule\/wp-json\/wp\/v2\/types\/page"}],"author":[{"embeddable":true,"href":"https:\/\/servicios.unileon.es\/czule\/wp-json\/wp\/v2\/users\/1"}],"replies":[{"embeddable":true,"href":"https:\/\/servicios.unileon.es\/czule\/wp-json\/wp\/v2\/comments?post=4"}],"version-history":[{"count":8,"href":"https:\/\/servicios.unileon.es\/czule\/wp-json\/wp\/v2\/pages\/4\/revisions"}],"predecessor-version":[{"id":50,"href":"https:\/\/servicios.unileon.es\/czule\/wp-json\/wp\/v2\/pages\/4\/revisions\/50"}],"wp:attachment":[{"href":"https:\/\/servicios.unileon.es\/czule\/wp-json\/wp\/v2\/media?parent=4"}],"curies":[{"name":"wp","href":"https:\/\/api.w.org\/{rel}","templated":true}]}}