{"id":28,"date":"2010-11-12T10:50:18","date_gmt":"2010-11-12T10:50:18","guid":{"rendered":"http:\/\/servicios.unileon.es\/czule\/"},"modified":"2010-11-12T10:50:18","modified_gmt":"2010-11-12T10:50:18","slug":"tarifas","status":"publish","type":"page","link":"https:\/\/servicios.unileon.es\/czule\/tarifas\/","title":{"rendered":"Tarifas"},"content":{"rendered":"<p>Se determinar\u00e1n seg\u00fan la complejidad del trabajo a realizar, el tiempo empleado y el nivel de cualificaci\u00f3n del personal del Servicio, o ajeno a \u00e9l, que realice dichas tareas.Se determinar\u00e1n seg\u00fan la complejidad del trabajo a realizar, el tiempo empleado y el nivel de cualificaci\u00f3n del personal del Servicio, o ajeno a \u00e9l, que realice dichas tareas.<\/p>\n","protected":false},"excerpt":{"rendered":"<p>Se determinar\u00e1n seg\u00fan la complejidad del trabajo a realizar, el tiempo empleado y el nivel de cualificaci\u00f3n del personal del Servicio, o ajeno a \u00e9l, que realice dichas tareas.Se determinar\u00e1n seg\u00fan la complejidad del trabajo a realizar, el tiempo empleado &hellip; <a href=\"https:\/\/servicios.unileon.es\/czule\/tarifas\/\">Sigue leyendo <span class=\"meta-nav\">&rarr;<\/span><\/a><\/p>\n","protected":false},"author":1,"featured_media":0,"parent":0,"menu_order":0,"comment_status":"closed","ping_status":"open","template":"","meta":{"footnotes":""},"class_list":["post-28","page","type-page","status-publish","hentry"],"_links":{"self":[{"href":"https:\/\/servicios.unileon.es\/czule\/wp-json\/wp\/v2\/pages\/28","targetHints":{"allow":["GET"]}}],"collection":[{"href":"https:\/\/servicios.unileon.es\/czule\/wp-json\/wp\/v2\/pages"}],"about":[{"href":"https:\/\/servicios.unileon.es\/czule\/wp-json\/wp\/v2\/types\/page"}],"author":[{"embeddable":true,"href":"https:\/\/servicios.unileon.es\/czule\/wp-json\/wp\/v2\/users\/1"}],"replies":[{"embeddable":true,"href":"https:\/\/servicios.unileon.es\/czule\/wp-json\/wp\/v2\/comments?post=28"}],"version-history":[{"count":1,"href":"https:\/\/servicios.unileon.es\/czule\/wp-json\/wp\/v2\/pages\/28\/revisions"}],"predecessor-version":[{"id":29,"href":"https:\/\/servicios.unileon.es\/czule\/wp-json\/wp\/v2\/pages\/28\/revisions\/29"}],"wp:attachment":[{"href":"https:\/\/servicios.unileon.es\/czule\/wp-json\/wp\/v2\/media?parent=28"}],"curies":[{"name":"wp","href":"https:\/\/api.w.org\/{rel}","templated":true}]}}