{"id":26,"date":"2010-11-12T10:49:53","date_gmt":"2010-11-12T10:49:53","guid":{"rendered":"http:\/\/servicios.unileon.es\/czule\/"},"modified":"2010-11-12T10:49:53","modified_gmt":"2010-11-12T10:49:53","slug":"servicios","status":"publish","type":"page","link":"https:\/\/servicios.unileon.es\/czule\/servicios\/","title":{"rendered":"Servicios"},"content":{"rendered":"<p>El Servicio de Colecciones Zool\u00f3gicas de la Universidad de Le\u00f3n (CZULE) se encargar\u00e1 de la gesti\u00f3n integral (informatizaci\u00f3n, cuidado, manejo y conservaci\u00f3n) de las colecciones zool\u00f3gicas que se adscriban a \u00e9l, con fines docentes y de investigaci\u00f3n. El \u00e1mbito de actuaci\u00f3n abarcar\u00e1 tanto a la Universidad de Le\u00f3n, como a instituciones privadas que soliciten servicios de asesor\u00eda y apoyo.<\/p>\n<ul>\n<li>Gesti\u00f3n integral de colecciones.<\/li>\n<li>Informatizaci\u00f3n y difusi\u00f3n en redes mundiales de biodiversidad.<\/li>\n<li>Consulta y determinaci\u00f3n de ejemplares.<\/li>\n<li>Recogida, preparaci\u00f3n y restauraci\u00f3n de ejemplares para su inclusi\u00f3n en colecciones.<\/li>\n<li>Pr\u00e9stamo e intercambio de ejemplares con fines cient\u00edficos, docentes y expositivos.<\/li>\n<li>Dep\u00f3sito de ejemplares tipo.<\/li>\n<li>Elaboraci\u00f3n de exposiciones.<\/li>\n<li>Preparaci\u00f3n de materiales diversos con fines cient\u00edficos y did\u00e1cticos.<\/li>\n<li>Obtenci\u00f3n y procesado de im\u00e1genes cient\u00edficas del material de las colecciones.<\/li>\n<li>Asesoramiento a investigadores y estudiantes en proyectos en los que sea necesaria la elaboraci\u00f3n de colecciones.<\/li>\n<\/ul>\n","protected":false},"excerpt":{"rendered":"<p>El Servicio de Colecciones Zool\u00f3gicas de la Universidad de Le\u00f3n (CZULE) se encargar\u00e1 de la gesti\u00f3n integral (informatizaci\u00f3n, cuidado, manejo y conservaci\u00f3n) de las colecciones zool\u00f3gicas que se adscriban a \u00e9l, con fines docentes y de investigaci\u00f3n. El \u00e1mbito de &hellip; <a href=\"https:\/\/servicios.unileon.es\/czule\/servicios\/\">Sigue leyendo <span class=\"meta-nav\">&rarr;<\/span><\/a><\/p>\n","protected":false},"author":1,"featured_media":0,"parent":0,"menu_order":0,"comment_status":"closed","ping_status":"open","template":"","meta":{"footnotes":""},"class_list":["post-26","page","type-page","status-publish","hentry"],"_links":{"self":[{"href":"https:\/\/servicios.unileon.es\/czule\/wp-json\/wp\/v2\/pages\/26","targetHints":{"allow":["GET"]}}],"collection":[{"href":"https:\/\/servicios.unileon.es\/czule\/wp-json\/wp\/v2\/pages"}],"about":[{"href":"https:\/\/servicios.unileon.es\/czule\/wp-json\/wp\/v2\/types\/page"}],"author":[{"embeddable":true,"href":"https:\/\/servicios.unileon.es\/czule\/wp-json\/wp\/v2\/users\/1"}],"replies":[{"embeddable":true,"href":"https:\/\/servicios.unileon.es\/czule\/wp-json\/wp\/v2\/comments?post=26"}],"version-history":[{"count":1,"href":"https:\/\/servicios.unileon.es\/czule\/wp-json\/wp\/v2\/pages\/26\/revisions"}],"predecessor-version":[{"id":27,"href":"https:\/\/servicios.unileon.es\/czule\/wp-json\/wp\/v2\/pages\/26\/revisions\/27"}],"wp:attachment":[{"href":"https:\/\/servicios.unileon.es\/czule\/wp-json\/wp\/v2\/media?parent=26"}],"curies":[{"name":"wp","href":"https:\/\/api.w.org\/{rel}","templated":true}]}}