{"id":20,"date":"2010-11-12T10:41:36","date_gmt":"2010-11-12T10:41:36","guid":{"rendered":"http:\/\/servicios.unileon.es\/czule\/"},"modified":"2021-11-10T13:57:21","modified_gmt":"2021-11-10T13:57:21","slug":"instalaciones-y-equipamiento","status":"publish","type":"page","link":"https:\/\/servicios.unileon.es\/czule\/instalaciones-y-equipamiento\/","title":{"rendered":"Instalaciones y Equipamiento"},"content":{"rendered":"<h4>Museo de colecciones de la Ule (MULE)<\/h4>\n<ul>\n<li>Recepci\u00f3n<\/li>\n<li>Sala de Preparaci\u00f3n<\/li>\n<li>Sala de Archivo e Informatizaci\u00f3n<\/li>\n<li>Sala de Colecciones<\/li>\n<li>Laboratorio de imagen cient\u00edfica<\/li>\n<li>Sala de exposiciones<\/li>\n<\/ul>\n<h4>Fundaci\u00f3n Dr. Romero Nieto (por convenio establecido)<\/h4>\n<ul>\n<li>Museo de la Fauna Salvaje de Valdehuesa<\/li>\n<\/ul>\n","protected":false},"excerpt":{"rendered":"<p>Museo de colecciones de la Ule (MULE) Recepci\u00f3n Sala de Preparaci\u00f3n Sala de Archivo e Informatizaci\u00f3n Sala de Colecciones Laboratorio de imagen cient\u00edfica Sala de exposiciones Fundaci\u00f3n Dr. Romero Nieto (por convenio establecido) Museo de la Fauna Salvaje de Valdehuesa<\/p>\n","protected":false},"author":1,"featured_media":0,"parent":0,"menu_order":0,"comment_status":"closed","ping_status":"open","template":"","meta":{"footnotes":""},"class_list":["post-20","page","type-page","status-publish","hentry"],"_links":{"self":[{"href":"https:\/\/servicios.unileon.es\/czule\/wp-json\/wp\/v2\/pages\/20","targetHints":{"allow":["GET"]}}],"collection":[{"href":"https:\/\/servicios.unileon.es\/czule\/wp-json\/wp\/v2\/pages"}],"about":[{"href":"https:\/\/servicios.unileon.es\/czule\/wp-json\/wp\/v2\/types\/page"}],"author":[{"embeddable":true,"href":"https:\/\/servicios.unileon.es\/czule\/wp-json\/wp\/v2\/users\/1"}],"replies":[{"embeddable":true,"href":"https:\/\/servicios.unileon.es\/czule\/wp-json\/wp\/v2\/comments?post=20"}],"version-history":[{"count":6,"href":"https:\/\/servicios.unileon.es\/czule\/wp-json\/wp\/v2\/pages\/20\/revisions"}],"predecessor-version":[{"id":45,"href":"https:\/\/servicios.unileon.es\/czule\/wp-json\/wp\/v2\/pages\/20\/revisions\/45"}],"wp:attachment":[{"href":"https:\/\/servicios.unileon.es\/czule\/wp-json\/wp\/v2\/media?parent=20"}],"curies":[{"name":"wp","href":"https:\/\/api.w.org\/{rel}","templated":true}]}}