{"id":7,"date":"2011-06-08T12:04:32","date_gmt":"2011-06-08T12:04:32","guid":{"rendered":"http:\/\/servicios.unileon.es\/cartografia\/?page_id=7"},"modified":"2021-02-05T19:16:01","modified_gmt":"2021-02-05T19:16:01","slug":"informacion-de-contacto","status":"publish","type":"page","link":"https:\/\/servicios.unileon.es\/cartografia\/informacion-de-contacto\/","title":{"rendered":"Informaci\u00f3n de contacto"},"content":{"rendered":"<table class=\"extendida\" style=\"width: 105.781%;\">\n<tbody>\n<tr>\n<th style=\"width: 24.8438%;\">Direcci\u00f3n Postal<\/th>\n<td style=\"width: 80.7812%;\">Universidad de Le\u00f3n<br \/>\nEdificio de Servicios<br \/>\nCampus de Vegazana<br \/>\n24007-Le\u00f3n<\/td>\n<\/tr>\n<tr>\n<th style=\"width: 24.8438%;\">Tel\u00e9fono<\/th>\n<td style=\"width: 80.7812%;\">987 29 14 40<\/td>\n<\/tr>\n<tr>\n<th style=\"width: 24.8438%;\">Correo electr\u00f3nico<\/th>\n<td style=\"width: 80.7812%;\">Servicio: <a href=\"mailto:sercar@unileon.es\">sercar@unileon.es<\/a><br \/>\nDirector del Servicio (Ignacio Prieto): <a href=\"mailto:ignacio.prieto@unileon.es\">ignacio.prieto@unileon.es<\/a><br \/>\nT\u00e9cnico especialista (Miguel \u00c1lvarez): <a href=\"mailto:gerips@unileon.es\">germag@unileon.es<\/a><br \/>\nBecario (Sergio A. Pe\u00f1a): <a href=\"spenap00@estudiantes.unileon.es\">spena00@estudiantes.unileon.es<\/a><\/td>\n<\/tr>\n<\/tbody>\n<\/table>\n<p>Delegaci\u00f3n de Ponferrada<\/p>\n<table class=\"extendida\" style=\"width: 105.625%;\">\n<tbody>\n<tr>\n<th style=\"width: 25%;\">Direcci\u00f3n Postal<\/th>\n<td style=\"width: 80.4688%;\">Universidad de Le\u00f3n<br \/>\nAulario de Topograf\u00eda<br \/>\nCampus de Ponferrada<br \/>\n24400-Ponferrada (Le\u00f3n)<\/td>\n<\/tr>\n<tr>\n<th style=\"width: 25%;\">Tel\u00e9fono<\/th>\n<td style=\"width: 80.4688%;\">987 29 70 76<\/td>\n<\/tr>\n<tr>\n<th style=\"width: 25%;\">Correo electr\u00f3nico<\/th>\n<td style=\"width: 80.4688%;\">Servicio: <a href=\"mailto:sercarp@unileon.es\">sercarp@unileon.es<\/a><\/td>\n<\/tr>\n<\/tbody>\n<\/table>\n<p>&nbsp;<\/p>\n","protected":false},"excerpt":{"rendered":"<p>Direcci\u00f3n Postal Universidad de Le\u00f3n Edificio de Servicios Campus de Vegazana 24007-Le\u00f3n Tel\u00e9fono 987 29 14 40 Correo electr\u00f3nico Servicio: sercar@unileon.es Director del Servicio (Ignacio Prieto): ignacio.prieto@unileon.es T\u00e9cnico especialista (Miguel \u00c1lvarez): germag@unileon.es Becario (Sergio A. Pe\u00f1a): spena00@estudiantes.unileon.es Delegaci\u00f3n de Ponferrada &hellip; <a href=\"https:\/\/servicios.unileon.es\/cartografia\/informacion-de-contacto\/\">Sigue leyendo <span class=\"meta-nav\">&rarr;<\/span><\/a><\/p>\n","protected":false},"author":1,"featured_media":0,"parent":0,"menu_order":0,"comment_status":"closed","ping_status":"open","template":"","meta":{"footnotes":""},"class_list":["post-7","page","type-page","status-publish","hentry"],"_links":{"self":[{"href":"https:\/\/servicios.unileon.es\/cartografia\/wp-json\/wp\/v2\/pages\/7","targetHints":{"allow":["GET"]}}],"collection":[{"href":"https:\/\/servicios.unileon.es\/cartografia\/wp-json\/wp\/v2\/pages"}],"about":[{"href":"https:\/\/servicios.unileon.es\/cartografia\/wp-json\/wp\/v2\/types\/page"}],"author":[{"embeddable":true,"href":"https:\/\/servicios.unileon.es\/cartografia\/wp-json\/wp\/v2\/users\/1"}],"replies":[{"embeddable":true,"href":"https:\/\/servicios.unileon.es\/cartografia\/wp-json\/wp\/v2\/comments?post=7"}],"version-history":[{"count":33,"href":"https:\/\/servicios.unileon.es\/cartografia\/wp-json\/wp\/v2\/pages\/7\/revisions"}],"predecessor-version":[{"id":179,"href":"https:\/\/servicios.unileon.es\/cartografia\/wp-json\/wp\/v2\/pages\/7\/revisions\/179"}],"wp:attachment":[{"href":"https:\/\/servicios.unileon.es\/cartografia\/wp-json\/wp\/v2\/media?parent=7"}],"curies":[{"name":"wp","href":"https:\/\/api.w.org\/{rel}","templated":true}]}}