{"id":4,"date":"2011-06-08T12:04:08","date_gmt":"2011-06-08T12:04:08","guid":{"rendered":"http:\/\/servicios.unileon.es\/cartografia\/?page_id=4"},"modified":"2023-06-27T06:10:18","modified_gmt":"2023-06-27T06:10:18","slug":"introduccion","status":"publish","type":"page","link":"https:\/\/servicios.unileon.es\/cartografia\/","title":{"rendered":"Inicio"},"content":{"rendered":"<p>El Servicio de Cartograf\u00eda de la Universidad de Le\u00f3n (SERCAR) es uno de los <a href=\"https:\/\/servicios.unileon.es\/servicios-de-investigacion-y-docencia\/\">Servicios Generales de Apoyo a la Investigaci\u00f3n<\/a> dependientes del \u00c1rea de Institutos y Servicios de Investigaci\u00f3n del <a href=\"https:\/\/www.unileon.es\/universidad\/consejo-de-direccion\/vicerrectorados\/investigacion\">Vicerrectorado de Investigaci\u00f3n y Transferencia<\/a>.<\/p>\n<p>El Servicio de Cartograf\u00eda de la Universidad de Le\u00f3n fue creado por la Junta de Gobierno de 31 de enero de 1994, a propuesta del Vicerrectorado de Investigaci\u00f3n, con ayuda de fondos FEDER de la Comunidad Europea, dentro del Programa Stride. Su funci\u00f3n es proporcionar a los miembros de la Comunidad Universitaria, y a la sociedad en general, los servicios que permite el equipamiento del mismo.<\/p>\n<p>El Servicio de Cartograf\u00eda se rige por lo estipulado en el <a href=\"http:\/\/www.unileon.es\/modelos\/archivo\/norregint\/20010930122702ServiciodeCartografia.rtf\">Reglamento<\/a> del mismo, aprobado por Acuerdo de Junta de Gobierno de 18\/12\/1995.<\/p>\n","protected":false},"excerpt":{"rendered":"<p>El Servicio de Cartograf\u00eda de la Universidad de Le\u00f3n (SERCAR) es uno de los Servicios Generales de Apoyo a la Investigaci\u00f3n dependientes del \u00c1rea de Institutos y Servicios de Investigaci\u00f3n del Vicerrectorado de Investigaci\u00f3n y Transferencia. El Servicio de Cartograf\u00eda &hellip; <a href=\"https:\/\/servicios.unileon.es\/cartografia\/\">Sigue leyendo <span class=\"meta-nav\">&rarr;<\/span><\/a><\/p>\n","protected":false},"author":1,"featured_media":0,"parent":0,"menu_order":0,"comment_status":"closed","ping_status":"open","template":"","meta":{"footnotes":""},"class_list":["post-4","page","type-page","status-publish","hentry"],"_links":{"self":[{"href":"https:\/\/servicios.unileon.es\/cartografia\/wp-json\/wp\/v2\/pages\/4","targetHints":{"allow":["GET"]}}],"collection":[{"href":"https:\/\/servicios.unileon.es\/cartografia\/wp-json\/wp\/v2\/pages"}],"about":[{"href":"https:\/\/servicios.unileon.es\/cartografia\/wp-json\/wp\/v2\/types\/page"}],"author":[{"embeddable":true,"href":"https:\/\/servicios.unileon.es\/cartografia\/wp-json\/wp\/v2\/users\/1"}],"replies":[{"embeddable":true,"href":"https:\/\/servicios.unileon.es\/cartografia\/wp-json\/wp\/v2\/comments?post=4"}],"version-history":[{"count":11,"href":"https:\/\/servicios.unileon.es\/cartografia\/wp-json\/wp\/v2\/pages\/4\/revisions"}],"predecessor-version":[{"id":234,"href":"https:\/\/servicios.unileon.es\/cartografia\/wp-json\/wp\/v2\/pages\/4\/revisions\/234"}],"wp:attachment":[{"href":"https:\/\/servicios.unileon.es\/cartografia\/wp-json\/wp\/v2\/media?parent=4"}],"curies":[{"name":"wp","href":"https:\/\/api.w.org\/{rel}","templated":true}]}}