{"id":31,"date":"2011-06-08T12:45:17","date_gmt":"2011-06-08T12:45:17","guid":{"rendered":"http:\/\/servicios.unileon.es\/cartografia\/?page_id=31"},"modified":"2012-09-26T06:14:52","modified_gmt":"2012-09-26T06:14:52","slug":"proyectos","status":"publish","type":"page","link":"https:\/\/servicios.unileon.es\/cartografia\/proyectos\/","title":{"rendered":"Proyectos"},"content":{"rendered":"<div class=\"equipamiento\">\n<p class=\"floatright\"><a rel=\"lightbox[1]\" href=\"http:\/\/www.unileon.es\/ficheros\/servicios\/cartografia\/mapas_topografico.jpg\"><img decoding=\"async\" alt=\"Mapa Topogr\u00e1fico\" src=\"http:\/\/www.unileon.es\/ficheros\/servicios\/cartografia\/mapas_topografico_p.jpg\" \/><\/a><\/p>\n<p><strong>Mapa Topogr\u00e1fico<\/strong><br \/>Universidad de Le\u00f3n. Servicio Cartograf\u00eda<\/p>\n<p class=\"clear\">&nbsp;<\/p>\n<\/div>\n<p>&nbsp;<\/p>\n<div class=\"equipamiento\">\n<p class=\"floatright\"><a rel=\"lightbox[1]\" href=\"http:\/\/www.unileon.es\/ficheros\/servicios\/cartografia\/mapa_promocion_turistica.jpg\"><img decoding=\"async\" alt=\"Mapa de Promoci\u00f3n Tur\u00edstica\" src=\"http:\/\/www.unileon.es\/ficheros\/servicios\/cartografia\/mapa_promocion_turistica_p.jpg\" \/><\/a><\/p>\n<p><strong>Mapa de Promoci\u00f3n Tur\u00edstica<\/strong><br \/>Universidad de Le\u00f3n. Servicio Cartograf\u00eda<\/p>\n<p class=\"clear\">&nbsp;<\/p>\n<\/div>\n<p>&nbsp;<\/p>\n<div class=\"equipamiento\">\n<p class=\"floatright\"><a rel=\"lightbox[1]\" href=\"http:\/\/www.unileon.es\/ficheros\/servicios\/cartografia\/campus_vegazana.jpg\"><img decoding=\"async\" alt=\"Campus de Vegazana\" src=\"http:\/\/www.unileon.es\/ficheros\/servicios\/cartografia\/campus_vegazana_p.jpg\" \/><\/a><\/p>\n<p><strong>Campus de Vegazana<\/strong><br \/>Universidad de Le\u00f3n. Servicio Cartograf\u00eda<\/p>\n<p class=\"clear\">&nbsp;<\/p>\n<\/div>\n<p>&nbsp;<\/p>\n<div class=\"equipamiento\">\n<p class=\"floatright\"><a rel=\"lightbox[1]\" href=\"http:\/\/www.unileon.es\/ficheros\/servicios\/cartografia\/mapas_rutas.jpg\"><img decoding=\"async\" class=\"imagen_foto\" alt=\"Mapa de Rutas\" src=\"http:\/\/www.unileon.es\/ficheros\/servicios\/cartografia\/mapas_rutas_p.jpg\" \/><\/a><\/p>\n<p><strong>Mapa de Rutas<\/strong><br \/>Universidad de Le\u00f3n. Servicio Cartograf\u00eda<\/p>\n<p class=\"clear\">&nbsp;<\/p>\n<\/div>\n","protected":false},"excerpt":{"rendered":"<p>Mapa Topogr\u00e1ficoUniversidad de Le\u00f3n. Servicio Cartograf\u00eda &nbsp; &nbsp; Mapa de Promoci\u00f3n Tur\u00edsticaUniversidad de Le\u00f3n. Servicio Cartograf\u00eda &nbsp; &nbsp; Campus de VegazanaUniversidad de Le\u00f3n. Servicio Cartograf\u00eda &nbsp; &nbsp; Mapa de RutasUniversidad de Le\u00f3n. Servicio Cartograf\u00eda &nbsp;<\/p>\n","protected":false},"author":1,"featured_media":0,"parent":0,"menu_order":0,"comment_status":"closed","ping_status":"open","template":"","meta":{"footnotes":""},"class_list":["post-31","page","type-page","status-publish","hentry"],"_links":{"self":[{"href":"https:\/\/servicios.unileon.es\/cartografia\/wp-json\/wp\/v2\/pages\/31","targetHints":{"allow":["GET"]}}],"collection":[{"href":"https:\/\/servicios.unileon.es\/cartografia\/wp-json\/wp\/v2\/pages"}],"about":[{"href":"https:\/\/servicios.unileon.es\/cartografia\/wp-json\/wp\/v2\/types\/page"}],"author":[{"embeddable":true,"href":"https:\/\/servicios.unileon.es\/cartografia\/wp-json\/wp\/v2\/users\/1"}],"replies":[{"embeddable":true,"href":"https:\/\/servicios.unileon.es\/cartografia\/wp-json\/wp\/v2\/comments?post=31"}],"version-history":[{"count":7,"href":"https:\/\/servicios.unileon.es\/cartografia\/wp-json\/wp\/v2\/pages\/31\/revisions"}],"predecessor-version":[{"id":88,"href":"https:\/\/servicios.unileon.es\/cartografia\/wp-json\/wp\/v2\/pages\/31\/revisions\/88"}],"wp:attachment":[{"href":"https:\/\/servicios.unileon.es\/cartografia\/wp-json\/wp\/v2\/media?parent=31"}],"curies":[{"name":"wp","href":"https:\/\/api.w.org\/{rel}","templated":true}]}}