{"id":21,"date":"2011-06-08T12:33:37","date_gmt":"2011-06-08T12:33:37","guid":{"rendered":"http:\/\/servicios.unileon.es\/cartografia\/?page_id=21"},"modified":"2016-07-08T08:11:30","modified_gmt":"2016-07-08T08:11:30","slug":"tarifas","status":"publish","type":"page","link":"https:\/\/servicios.unileon.es\/cartografia\/tarifas\/","title":{"rendered":"Tarifas"},"content":{"rendered":"<p>Para la aplicaci\u00f3n de tarifas se establecen tres modalidades de usuarios:<\/p>\n<p><strong>USUARIO TIPO 1<\/strong>.- Usuarios pertenecientes o adscritos a la Universidad de Le\u00f3n: profesores, becarios, proyectos fin de carrera, memorias de licenciatura, tesis doctorales, INEF, Institutos de Investigaci\u00f3n, etc. Se incluyen aquellas Instituciones y Organismos con las que la Universidad tenga suscrito un Convenio de Colaboraci\u00f3n.<\/p>\n<p><strong>USUARIO TIPO 2<\/strong>.- Usuarios pertenecientes o adscritos a Organismos P\u00fablicos de Investigaci\u00f3n (CSIC) o a Organismos de la Administraci\u00f3n P\u00fablica que no tengan Convenio con la Universidad (Ayuntamientos&#8230;). Se a\u00f1adir\u00e1 el IVA. correspondiente.<\/p>\n<p><strong>USUARIO TIPO 3<\/strong>.- Usuarios privados: organismos privados, empresas, usuarios particulares, etc. Se a\u00f1adir\u00e1 el IVA. correspondiente.<\/p>\n<p><strong>La tarifa resultar\u00e1 de la aplicaci\u00f3n de los siguientes conceptos:<\/strong><\/p>\n<ol class=\"letras\">\n<li><strong>M\u00ednimo por sesi\u00f3n <\/strong>para la utilizaci\u00f3n de cualquiera de los equipamientos indicados, seg\u00fan los tipos de usuarios expresados arriba.<\/li>\n<li><strong>Coste por hora<\/strong>, seg\u00fan las tres modalidades.<\/li>\n<li><strong>Consumibles y otros<\/strong>: papel,\u00a0etc.<\/li>\n<\/ol>\n<p><strong>Otras consideraciones:<\/strong><\/p>\n<ul>\n<li>En caso de que el Servicio necesite subcontratar alguna fase del trabajo (digitalizaci\u00f3n, por ejemplo), el coste total se calcular\u00e1 conforme al coste de lo subcontratado m\u00e1s un 10% para el Servicio, en concepto de gesti\u00f3n del mismo.<\/li>\n<li>Para grandes vol\u00famenes de trabajo se trabajar\u00e1 con presupuestos cerrados estimando el coste en funci\u00f3n de horas de trabajo y consumibles.<\/li>\n<\/ul>\n<p>&nbsp;<\/p>\n<table class=\"extendida\">\n<thead>\n<tr>\n<th rowspan=\"2\">CONCEPTOS<\/th>\n<th colspan=\"3\">USUARIO<\/th>\n<\/tr>\n<tr>\n<td>TIPO 1<\/td>\n<td>TIPO 2<\/td>\n<td>TIPO 3<\/td>\n<\/tr>\n<\/thead>\n<tbody>\n<tr>\n<th>Fijo<\/th>\n<td>1,80 \u20ac<\/td>\n<td>3,50 \u20ac<\/td>\n<td>5,50 \u20ac<\/td>\n<\/tr>\n<tr>\n<th>Coste por hora<\/th>\n<td>10,00 \u20ac<\/td>\n<td>22,00 \u20ac<\/td>\n<td>26,00 \u20ac<\/td>\n<\/tr>\n<\/tbody>\n<\/table>\n<p><strong>Tarifas del Servicio de Cartograf\u00eda (2016):<\/strong><\/p>\n<p><a href=\"https:\/\/www.unileon.es\/universidad\/consejo-de-direccion\/gerencia\/presupuestos\">https:\/\/www.unileon.es\/universidad\/consejo-de-direccion\/gerencia\/presupuestos<\/a><\/p>\n","protected":false},"excerpt":{"rendered":"<p>Para la aplicaci\u00f3n de tarifas se establecen tres modalidades de usuarios: USUARIO TIPO 1.- Usuarios pertenecientes o adscritos a la Universidad de Le\u00f3n: profesores, becarios, proyectos fin de carrera, memorias de licenciatura, tesis doctorales, INEF, Institutos de Investigaci\u00f3n, etc. Se &hellip; <a href=\"https:\/\/servicios.unileon.es\/cartografia\/tarifas\/\">Sigue leyendo <span class=\"meta-nav\">&rarr;<\/span><\/a><\/p>\n","protected":false},"author":1,"featured_media":0,"parent":0,"menu_order":0,"comment_status":"closed","ping_status":"open","template":"","meta":{"footnotes":""},"class_list":["post-21","page","type-page","status-publish","hentry"],"_links":{"self":[{"href":"https:\/\/servicios.unileon.es\/cartografia\/wp-json\/wp\/v2\/pages\/21","targetHints":{"allow":["GET"]}}],"collection":[{"href":"https:\/\/servicios.unileon.es\/cartografia\/wp-json\/wp\/v2\/pages"}],"about":[{"href":"https:\/\/servicios.unileon.es\/cartografia\/wp-json\/wp\/v2\/types\/page"}],"author":[{"embeddable":true,"href":"https:\/\/servicios.unileon.es\/cartografia\/wp-json\/wp\/v2\/users\/1"}],"replies":[{"embeddable":true,"href":"https:\/\/servicios.unileon.es\/cartografia\/wp-json\/wp\/v2\/comments?post=21"}],"version-history":[{"count":11,"href":"https:\/\/servicios.unileon.es\/cartografia\/wp-json\/wp\/v2\/pages\/21\/revisions"}],"predecessor-version":[{"id":161,"href":"https:\/\/servicios.unileon.es\/cartografia\/wp-json\/wp\/v2\/pages\/21\/revisions\/161"}],"wp:attachment":[{"href":"https:\/\/servicios.unileon.es\/cartografia\/wp-json\/wp\/v2\/media?parent=21"}],"curies":[{"name":"wp","href":"https:\/\/api.w.org\/{rel}","templated":true}]}}