{"id":113,"date":"2013-04-23T22:41:25","date_gmt":"2013-04-23T22:41:25","guid":{"rendered":"http:\/\/servicios.unileon.es\/cartografia\/?page_id=113"},"modified":"2015-09-22T09:32:41","modified_gmt":"2015-09-22T09:32:41","slug":"archivo-digital-de-fotografia-aerea-servicios-de-fotogrametria-proximamente","status":"publish","type":"page","link":"https:\/\/servicios.unileon.es\/cartografia\/archivo-digital-de-fotografia-aerea-servicios-de-fotogrametria-proximamente\/","title":{"rendered":"Fotograf\u00eda \u00e1erea"},"content":{"rendered":"<p style=\"text-align: justify;\">El Servicio de Cartograf\u00eda ha llevado a cabo la digitalizaci\u00f3n de todos los fotogramas del conocido como Vuelo Americano Serie B (A\u00f1os 1956-57)\u00a0depositados en el Departamento de Geograf\u00eda y Geolog\u00eda que cubren la totalidad de la provincia de Le\u00f3n. El escaneado se ha realizado a archivos TIF en escala de grises de 16 bits, con una resoluci\u00f3n de 1.200 ppp.<\/p>\n<p style=\"text-align: justify;\">Con ello se han habilitado los siguientes servicios:<\/p>\n<p style=\"text-align: justify; padding-left: 30px;\">&#8211; suministro de copias digitales de fotogramas del Vuelo Americano Serie B.<br \/>\n&#8211; impresi\u00f3n de copias de fotogramas del citado Vuelo en alta calidad.<\/p>\n<p style=\"text-align: justify;\">A efectos de localizar los fotogramas correspondientes a la zona de inter\u00e9s se pueden descargar las siguientes <em>shapefiles<\/em> visualizables con software ESRI (comprimidas en archivos .rar y en <em>datum<\/em> ETRS89-UTM30).<\/p>\n<p style=\"text-align: justify; padding-left: 30px;\"><a href=\"http:\/\/servicios.unileon.es\/cartografia\/files\/2013\/04\/Esquema-de-fotogramas.rar\">Esquema de fotogramas<\/a><\/p>\n<p style=\"text-align: justify; padding-left: 30px;\"><a href=\"http:\/\/servicios.unileon.es\/cartografia\/files\/2013\/04\/Hojas-MTN-50k.rar\">Hojas MTN 50k<\/a><\/p>\n<p style=\"text-align: justify; padding-left: 30px;\"><a href=\"http:\/\/servicios.unileon.es\/cartografia\/files\/2013\/04\/L\u00edmite-provincial.rar\">L\u00edmite provincial<\/a><\/p>\n<p style=\"text-align: justify; padding-left: 30px;\"><a href=\"http:\/\/servicios.unileon.es\/cartografia\/files\/2013\/04\/Municipios.rar\">Municipios<\/a><\/p>\n<p style=\"text-align: justify; padding-left: 30px;\"><a href=\"http:\/\/servicios.unileon.es\/cartografia\/files\/2013\/04\/N\u00facleos-de-poblaci\u00f3n.rar\">N\u00facleos de poblaci\u00f3n<\/a><\/p>\n<p style=\"text-align: justify;\">Tambi\u00e9n se adjunta un esquema de distribuci\u00f3n de fotogramas de la provincia de Le\u00f3n en formato pdf.<\/p>\n<p style=\"text-align: justify; padding-left: 30px;\"><a href=\"http:\/\/servicios.unileon.es\/cartografia\/files\/2013\/04\/le\u00f3n.pdf\">Fotogramas de la provincia de Le\u00f3n<\/a><\/p>\n<p style=\"text-align: justify;\">En breve, el Servicio de Cartograf\u00eda habilitar\u00e1, en colaboraci\u00f3n con\u00a0el Dr. Enoc Sanz Ablanedo (profesor del \u00c1rea de Ingenier\u00eda Cartogr\u00e1fica, Geodesia y Fotogrametr\u00eda de la ULE), una nueva l\u00ednea de servicio a los investigadores de la Universidad de Le\u00f3n consistente en\u00a0la\u00a0creaci\u00f3n de productos fotogram\u00e9tricos a partir de fotogramas del citado Vuelo (modelos digitales de elevaciones, ortofotograf\u00edas).<\/p>\n<p style=\"text-align: justify;\">La informaci\u00f3n hist\u00f3rica del terreno que\u00a0ofrece el vuelo del 56 junto a los nuevos\u00a0productos ofertados por el servicio,\u00a0pueden resultar de gran utilidad a todos los investigadores en Ciencias de la Tierra (Geograf\u00eda, Biolog\u00eda,Topograf\u00eda,Miner\u00eda&#8230;).<\/p>\n<p style=\"text-align: justify;\">En una \u00faltima fase se incorporar\u00e1n\u00a0servicios de:<\/p>\n<p style=\"text-align: justify; padding-left: 30px;\">&#8211; vuelos sobre zonas espec\u00edficas para obtenci\u00f3n de productos fotogram\u00e9tricos o bien de fotograf\u00edas oblicuas.<br \/>\n&#8211; creaci\u00f3n de productos fotogram\u00e9tricos a partir de fotogramas de otros vuelos hist\u00f3ricos (p.e., Serie A).<\/p>\n","protected":false},"excerpt":{"rendered":"<p>El Servicio de Cartograf\u00eda ha llevado a cabo la digitalizaci\u00f3n de todos los fotogramas del conocido como Vuelo Americano Serie B (A\u00f1os 1956-57)\u00a0depositados en el Departamento de Geograf\u00eda y Geolog\u00eda que cubren la totalidad de la provincia de Le\u00f3n. El &hellip; <a href=\"https:\/\/servicios.unileon.es\/cartografia\/archivo-digital-de-fotografia-aerea-servicios-de-fotogrametria-proximamente\/\">Sigue leyendo <span class=\"meta-nav\">&rarr;<\/span><\/a><\/p>\n","protected":false},"author":156,"featured_media":0,"parent":0,"menu_order":0,"comment_status":"closed","ping_status":"closed","template":"","meta":{"footnotes":""},"class_list":["post-113","page","type-page","status-publish","hentry"],"_links":{"self":[{"href":"https:\/\/servicios.unileon.es\/cartografia\/wp-json\/wp\/v2\/pages\/113","targetHints":{"allow":["GET"]}}],"collection":[{"href":"https:\/\/servicios.unileon.es\/cartografia\/wp-json\/wp\/v2\/pages"}],"about":[{"href":"https:\/\/servicios.unileon.es\/cartografia\/wp-json\/wp\/v2\/types\/page"}],"author":[{"embeddable":true,"href":"https:\/\/servicios.unileon.es\/cartografia\/wp-json\/wp\/v2\/users\/156"}],"replies":[{"embeddable":true,"href":"https:\/\/servicios.unileon.es\/cartografia\/wp-json\/wp\/v2\/comments?post=113"}],"version-history":[{"count":16,"href":"https:\/\/servicios.unileon.es\/cartografia\/wp-json\/wp\/v2\/pages\/113\/revisions"}],"predecessor-version":[{"id":146,"href":"https:\/\/servicios.unileon.es\/cartografia\/wp-json\/wp\/v2\/pages\/113\/revisions\/146"}],"wp:attachment":[{"href":"https:\/\/servicios.unileon.es\/cartografia\/wp-json\/wp\/v2\/media?parent=113"}],"curies":[{"name":"wp","href":"https:\/\/api.w.org\/{rel}","templated":true}]}}