{"id":5,"date":"2010-10-26T12:21:20","date_gmt":"2010-10-26T12:21:20","guid":{"rendered":"http:\/\/servicios.unileon.es\/secretariado-asuntos-sociales\/"},"modified":"2025-11-25T15:11:30","modified_gmt":"2025-11-25T14:11:30","slug":"informacion-de-contacto","status":"publish","type":"page","link":"https:\/\/servicios.unileon.es\/area-de-inclusion-igualdad-y-accion-social\/","title":{"rendered":"Informaci\u00f3n de contacto"},"content":{"rendered":"<table class=\"extendida\">\r\n<tbody>\r\n<tr>\r\n<th>Directora<\/th>\r\n<td>D\u00aa. Adelina Rodr\u00edguez Pacios<\/td>\r\n<\/tr>\r\n<tr>\r\n<th>Tel\u00e9fono<\/th>\r\n<td>987 29 14 95<\/td>\r\n<\/tr>\r\n<tr>\r\n<th>Correo electr\u00f3nico<\/th>\r\n<td><a href=\"mailto:recaaas@unileon.es\">recaaas@unileon.es<\/a><\/td>\r\n<\/tr>\r\n<\/tbody>\r\n<\/table>\r\n&nbsp;\r\n<table class=\"extendida\">\r\n<tbody>\r\n<tr>\r\n<th>T\u00e9cnica de\r\nResponsabilidad Social<\/th>\r\n<td>D\u00aa. Beatriz Abella Garc\u00eda<\/td>\r\n<\/tr>\r\n<tr>\r\n<th>Tel\u00e9fono<\/th>\r\n<td>987 29 18 91<\/td>\r\n<\/tr>\r\n<tr>\r\n<th>Correo electr\u00f3nico<\/th>\r\n<td><a href=\"mailto:gerbag@unileon.es\">gerbag@unileon.es<\/a><\/td>\r\n<\/tr>\r\n<\/tbody>\r\n<\/table>\r\n&nbsp;","protected":false},"excerpt":{"rendered":"<p>Directora D\u00aa. Adelina Rodr\u00edguez Pacios Tel\u00e9fono 987 29 14 95 Correo electr\u00f3nico recaaas@unileon.es &nbsp; T\u00e9cnica de Responsabilidad Social D\u00aa. Beatriz Abella Garc\u00eda Tel\u00e9fono 987 29 18 91 Correo electr\u00f3nico gerbag@unileon.es &nbsp;<\/p>\n","protected":false},"author":1,"featured_media":0,"parent":0,"menu_order":0,"comment_status":"closed","ping_status":"open","template":"","meta":{"footnotes":""},"class_list":["post-5","page","type-page","status-publish","hentry"],"_links":{"self":[{"href":"https:\/\/servicios.unileon.es\/area-de-inclusion-igualdad-y-accion-social\/wp-json\/wp\/v2\/pages\/5","targetHints":{"allow":["GET"]}}],"collection":[{"href":"https:\/\/servicios.unileon.es\/area-de-inclusion-igualdad-y-accion-social\/wp-json\/wp\/v2\/pages"}],"about":[{"href":"https:\/\/servicios.unileon.es\/area-de-inclusion-igualdad-y-accion-social\/wp-json\/wp\/v2\/types\/page"}],"author":[{"embeddable":true,"href":"https:\/\/servicios.unileon.es\/area-de-inclusion-igualdad-y-accion-social\/wp-json\/wp\/v2\/users\/1"}],"replies":[{"embeddable":true,"href":"https:\/\/servicios.unileon.es\/area-de-inclusion-igualdad-y-accion-social\/wp-json\/wp\/v2\/comments?post=5"}],"version-history":[{"count":46,"href":"https:\/\/servicios.unileon.es\/area-de-inclusion-igualdad-y-accion-social\/wp-json\/wp\/v2\/pages\/5\/revisions"}],"predecessor-version":[{"id":2106,"href":"https:\/\/servicios.unileon.es\/area-de-inclusion-igualdad-y-accion-social\/wp-json\/wp\/v2\/pages\/5\/revisions\/2106"}],"wp:attachment":[{"href":"https:\/\/servicios.unileon.es\/area-de-inclusion-igualdad-y-accion-social\/wp-json\/wp\/v2\/media?parent=5"}],"curies":[{"name":"wp","href":"https:\/\/api.w.org\/{rel}","templated":true}]}}