{"id":32,"date":"2010-11-30T10:36:21","date_gmt":"2010-11-30T10:36:21","guid":{"rendered":"http:\/\/servicios.unileon.es\/accesibilidad-asuntos-sociales\/"},"modified":"2025-11-12T14:14:34","modified_gmt":"2025-11-12T13:14:34","slug":"alojamientos-compartidos","status":"publish","type":"page","link":"https:\/\/servicios.unileon.es\/area-de-inclusion-igualdad-y-accion-social\/programa-de-acercamiento-intergeneracional\/alojamientos-compartidos\/","title":{"rendered":"Alojamientos Compartidos"},"content":{"rendered":"<h3>Video Publicitario<\/h3>\r\n<iframe style=\"width: 600px; height: 400px;\" src='https:\/\/servicios.unileon.es\/area-de-inclusion-igualdad-y-accion-social\/files\/2023\/02\/programa_alojamientos_compartidos_v4.mp4' id='pumukitiframe' frameborder='0' border='0' width='560' height='315' allowfullscreen><\/iframe>\r\n<p style=\"padding: 0px; margin-top: 0px; margin-bottom: 0px; font-size: 12px; font-style: italic;\">Explicaci\u00f3n del recurso que gestiona los alojamientos compartidos entre j\u00f3venes universitarios que necesitan alojamiento y personas mayores a las que viene bien la compa\u00f1\u00eda y apoyo de estos j\u00f3venes.<\/p>\r\n\r\n<p>&nbsp;<\/p>\r\n\r\n<p>El programa es fruto de la colaboraci\u00f3n entre la Gerencia de Servicios Sociales de Castilla y Le\u00f3n, la Universidad de Le\u00f3n, y los Ayuntamientos de Le\u00f3n y Ponferrada en el marco de las actuaciones de solidaridad social desarrolladas en nuestra Comunidad por estas Instituciones.<\/p>\r\n\r\n<h3>\u00bfEn qu\u00e9 consiste el programa?<\/h3>\r\n<p>Es una iniciativa que pretende dar respuesta, tanto a las necesidades de compa\u00f1\u00eda y apoyo de las personas mayores, como a las necesidades de alojamiento de los estudiantes universitarios durante el curso acad\u00e9mico, favoreciendo la permanencia de la persona mayor en su entorno.<\/p>\r\n<p>El mayor y el estudiante, inician una convivencia basada en el di\u00e1logo y el mutuo respeto. La persona mayor ofrece al universitario alojamiento en su domicilio, y ser\u00e1 ayudado por \u00e9ste en la realizaci\u00f3n de gestiones y otros apoyos adem\u00e1s de poder contar con su compa\u00f1\u00eda.<\/p>\r\n<p>El estudiante puede disponer de un alojamiento adecuado con espacio propio, debiendo colaborar con la persona mayor en las tareas que entre ambos decidan, y contribuye en los gastos que genere su estancia (agua, electricidad, manutenci\u00f3n).<\/p>\r\n<p>El seguimiento por parte del personal especializado asegura una relaci\u00f3n satisfactoria y enriquecedora.<\/p>\r\n<p>&nbsp;<\/p>\r\n\r\n<h3>\u00bfQui\u00e9nes pueden participar?<\/h3>\r\n<p>Las personas con 60 a\u00f1os o m\u00e1s, que residan en Castilla y Le\u00f3n y est\u00e9n interesadas en iniciar un nuevo tipo de convivencia y compartir su experiencia con un estudiante.<\/p>\r\n<p>Los alumnos de las Universidades P\u00fablicas de Castilla y Le\u00f3n que deseen aprender de las vivencias de las personas mayores y obtener con ello una oportunidad de crecimiento personal.<\/p>\r\n<p>&nbsp;<\/p>\r\n\r\n<h3>Requisitos de admisi\u00f3n<\/h3>\r\n\r\n<h4>De la persona mayor:<\/h4>\r\n<ul>\r\n    <li>Con car\u00e1cter general, tener 60 a\u00f1os o m\u00e1s.<\/li>\r\n    <li>Disponer de una vivienda (propia, alquilada, cedida, etc.) que re\u00fana unas garant\u00edas m\u00ednimas de habitabilidad.<\/li>\r\n    <li>Ser una persona aut\u00f3noma para el desempe\u00f1o de las actividades de la vida diaria, por s\u00ed misma o con la ayuda de cuidadores informales o profesionales.<\/li>\r\n    <li>Estar en condiciones de salud adecuadas, para una experiencia de convivencia positiva.<\/li>\r\n    <li>Asumir los compromisos adoptados y aceptar las condiciones del programa.<\/li>\r\n<\/ul>\r\n\r\n<h4>De la persona universitaria:<\/h4>\r\n<ul>\r\n    <li>Ser mayor de edad (menores con autorizaci\u00f3n).<\/li>\r\n    <li>Estar vinculada, como estudiante o con otro rol, a la Universidad de Le\u00f3n.<\/li>\r\n    <li>Ser una persona aut\u00f3noma para el desempe\u00f1o de las actividades de la vida diaria, por s\u00ed misma o con la ayuda de cuidadores informales o profesionales.<\/li>\r\n    <li>Estar en condiciones de salud adecuadas, para iniciar una experiencia de convivencia positiva.<\/li>\r\n    <li>Asumir los compromisos adoptados y aceptar las condiciones del programa.<\/li>\r\n<\/ul>\r\n<p>&nbsp;<\/p>\r\n\r\n<h3>Obligaciones de las partes<\/h3>\r\n\r\n<h4>De la persona mayor:<\/h4>\r\n<ul>\r\n    <li>Poner a disposici\u00f3n de la persona universitaria una habitaci\u00f3n con lo necesario para que pueda desarrollar su actividad acad\u00e9mica, incluyendo la posibilidad de acceso a internet.<\/li>\r\n    <li>Permitirle hacer uso de todas las habitaciones y equipamientos de la vivienda que se consideren comunes.<\/li>\r\n    <li>Proporcionarle una llave de la vivienda.<\/li>\r\n    <li>Respetar la intimidad de la persona universitaria (vestuario, enseres, dependencias propias, horarios de clase y estudios, etc.).<\/li>\r\n    <li>Las espec\u00edficas que se acuerden por ambas partes.<\/li>\r\n<\/ul>\r\n\r\n<h4>De la persona universitaria:<\/h4>\r\n<ul>\r\n    <li>Colaborar en los gastos comunes.<\/li>\r\n    <li>Hacer un uso adecuado de la llave, cuidar las dependencias de la vivienda y respetar la intimidad de la persona mayor.<\/li>\r\n    <li>Hacerse cargo de la limpieza y mantenimiento de su habitaci\u00f3n y colaborar en la limpieza de las dependencias comunes.<\/li>\r\n    <li>Ofrecer compa\u00f1\u00eda a la persona mayor en horario compatible con sus clases y estudios, (especialmente durante las noches).<\/li>\r\n    <li>Las espec\u00edficas que se acuerden por ambas partes.<\/li>\r\n<\/ul>\r\n\r\n<p>&nbsp;<\/p>\r\n\r\n<h3>Solicitudes y admisi\u00f3n<\/h3>\r\n<p>Los documentos que debe presentar la persona mayor para poder acceder al programa, son:<\/p>\r\n<ul>\r\n    <li>Cuestionario inicial debidamente cumplimentado.<\/li>\r\n    <li>Fotocopia del DNI.<\/li>\r\n    <li>Fotograf\u00eda reciente tama\u00f1o carnet (opcional).<\/li>\r\n    <li>Acreditaci\u00f3n del r\u00e9gimen de tenencia de la vivienda o el derecho a disponer de la misma, as\u00ed como de la disponibilidad o no de un seguro de hogar.<\/li>\r\n    <li>Informe m\u00e9dico donde se acredite que tiene un grado de autonom\u00eda suficiente para la realizaci\u00f3n de las tareas cotidianas, que no tiene trastornos de conducta y que no es portadora de ninguna enfermedad infecto &#8211; contagiosa ni adicci\u00f3n que suponga un riesgo para la convivencia.<\/li>\r\n<\/ul>\r\n\r\n<p>Los documentos que debe presentar la persona universitaria para poder acceder al programa, son:<\/p>\r\n<ul>\r\n    <li>Cuestionario debidamente cumplimentado.<\/li>\r\n    <li>Fotocopia del DNI.<\/li>\r\n    <li>Fotograf\u00eda reciente tama\u00f1o carnet (opcional).<\/li>\r\n    <li>Fotocopia del resguardo de matr\u00edcula o prematr\u00edcula u otro documento que acredite la vinculaci\u00f3n con la universidad en aquellos casos en los que la persona participante  tenga un rol diferente al de estudiante.<\/li>\r\n    <li>Informe m\u00e9dico donde se acredite  que tiene un grado de autonom\u00eda suficiente para la realizaci\u00f3n de las tareas cotidianas, que no tiene trastornos de conducta y que no es portadora de ninguna enfermedad infecto &#8211; contagiosa ni adicci\u00f3n que suponga un riesgo para la convivencia.<\/li>\r\n<\/ul>\r\n\r\n<p>&nbsp;<\/p>\r\n\r\n<h3>Formularios de Inscripci\u00f3n<\/h3>\r\n<ul class=\"big\">\r\n    <li><a href=\"https:\/\/forms.gle\/uVD3z1tgnamLNGkF9\"><strong>Formulario para el Estudiante<\/strong><\/a><\/li>\r\n    <li><a href=\"https:\/\/forms.gle\/DtzhA9Sxz8Cu3W5K9\"><strong>Formulario para la Persona Mayor<\/strong><\/a><\/li>\r\n<\/ul>\r\n\r\n<p>&nbsp;<\/p>\r\n\r\n<h3>Ficheros Adjuntos<\/h3>\r\n<p>Si est\u00e1s interesado env\u00eda el formulario a <a href=\"mailto:mgarpo@unileon.es\"><strong>mgarpo@unileon.es<\/strong><\/a><\/p>\r\n<ul>\r\n    <li><a href=\"https:\/\/servicios.unileon.es\/area-de-inclusion-igualdad-y-accion-social\/files\/2023\/02\/alojamientos_compartidos_cuestionario_universitarios.pdf\"><strong>Cuestionario persona universitaria<\/strong><\/a><\/li>\r\n    <li><a href=\"https:\/\/servicios.unileon.es\/area-de-inclusion-igualdad-y-accion-social\/files\/2023\/02\/alojamientos_compartidos_cuestionario_mayores.pdf\"><strong>Cuestionario persona mayor<\/strong><\/a><\/li>\r\n    <!-- <li>Tr\u00edptico<\/li> -->\r\n<\/ul>\r\n\r\n<p>&nbsp;<\/p>\r\n\r\n<h3>Videos de experiencia anteriores<\/h3>\r\n<ul>\r\n    <li><a href=\"https:\/\/youtu.be\/Oeg88ZW-Nzs\">https:\/\/youtu.be\/Oeg88ZW-Nzs<\/a><\/li>\r\n    <li><a href=\"https:\/\/youtu.be\/fqweZjIbHrE\">https:\/\/youtu.be\/fqweZjIbHrE<\/a><\/li>\r\n    <!-- <li>Tr\u00edptico<\/li> -->\r\n<\/ul>\r\n\r\n<p>&nbsp;<\/p>\r\n\r\n<h2>INFORMACI\u00d3N Y CONTACTO<\/h2>\r\n<table class=\"extendida\">\r\n    <tbody>\r\n        <tr>\r\n            <th>&nbsp;<\/th>\r\n            <td><strong>Programa de Acercamiento Intergeneracional<br \/>Vic. de Responsabilidad Social, Cultura y Deporte<\/strong><\/td>\r\n        <\/tr>\r\n        <tr>\r\n            <th>Responsable<\/th>\r\n            <td>Mabel Garc\u00eda Porro<\/td>\r\n        <\/tr>\r\n        <tr>\r\n            <th>Direcci\u00f3n<\/th>\r\n            <td>Campus de Vegazana. Edificio de Administraci\u00f3n y Servicios.<br \/>Despacho 1022<\/td>\r\n        <\/tr>\r\n        <tr>\r\n            <th>Tel\u00e9fono<\/th>\r\n            <td>987 29 37 18<\/td>\r\n        <\/tr>\r\n        <tr>\r\n            <th>Buz\u00f3n electr\u00f3nico<\/th>\r\n            <td><a href=\"mailto:mgarpo@unileon.es\">mgarpo@unileon.es<\/a><\/td>\r\n        <\/tr>\r\n    <\/tbody>\r\n<\/table>","protected":false},"excerpt":{"rendered":"<p>Video Publicitario Explicaci\u00f3n del recurso que gestiona los alojamientos compartidos entre j\u00f3venes universitarios que necesitan alojamiento y personas mayores a las que viene bien la compa\u00f1\u00eda y apoyo de estos j\u00f3venes. &nbsp; El programa es fruto de la colaboraci\u00f3n entre la Gerencia de Servicios Sociales de Castilla y Le\u00f3n, la Universidad de Le\u00f3n, y los [&hellip;]<\/p>\n","protected":false},"author":1,"featured_media":0,"parent":29,"menu_order":0,"comment_status":"closed","ping_status":"open","template":"","meta":{"footnotes":""},"class_list":["post-32","page","type-page","status-publish","hentry"],"_links":{"self":[{"href":"https:\/\/servicios.unileon.es\/area-de-inclusion-igualdad-y-accion-social\/wp-json\/wp\/v2\/pages\/32","targetHints":{"allow":["GET"]}}],"collection":[{"href":"https:\/\/servicios.unileon.es\/area-de-inclusion-igualdad-y-accion-social\/wp-json\/wp\/v2\/pages"}],"about":[{"href":"https:\/\/servicios.unileon.es\/area-de-inclusion-igualdad-y-accion-social\/wp-json\/wp\/v2\/types\/page"}],"author":[{"embeddable":true,"href":"https:\/\/servicios.unileon.es\/area-de-inclusion-igualdad-y-accion-social\/wp-json\/wp\/v2\/users\/1"}],"replies":[{"embeddable":true,"href":"https:\/\/servicios.unileon.es\/area-de-inclusion-igualdad-y-accion-social\/wp-json\/wp\/v2\/comments?post=32"}],"version-history":[{"count":18,"href":"https:\/\/servicios.unileon.es\/area-de-inclusion-igualdad-y-accion-social\/wp-json\/wp\/v2\/pages\/32\/revisions"}],"predecessor-version":[{"id":2089,"href":"https:\/\/servicios.unileon.es\/area-de-inclusion-igualdad-y-accion-social\/wp-json\/wp\/v2\/pages\/32\/revisions\/2089"}],"up":[{"embeddable":true,"href":"https:\/\/servicios.unileon.es\/area-de-inclusion-igualdad-y-accion-social\/wp-json\/wp\/v2\/pages\/29"}],"wp:attachment":[{"href":"https:\/\/servicios.unileon.es\/area-de-inclusion-igualdad-y-accion-social\/wp-json\/wp\/v2\/media?parent=32"}],"curies":[{"name":"wp","href":"https:\/\/api.w.org\/{rel}","templated":true}]}}