{"id":25,"date":"2010-11-30T10:31:45","date_gmt":"2010-11-30T10:31:45","guid":{"rendered":"http:\/\/servicios.unileon.es\/accesibilidad-asuntos-sociales\/"},"modified":"2025-11-12T13:49:40","modified_gmt":"2025-11-12T12:49:40","slug":"anticipos-reintegrables-de-haberes","status":"publish","type":"page","link":"https:\/\/servicios.unileon.es\/area-de-inclusion-igualdad-y-accion-social\/accion-social\/anticipos-reintegrables-de-haberes\/","title":{"rendered":"Anticipos reintegrables de haberes"},"content":{"rendered":"<p>Este servicio permite al personal de la Universidad solicitar un adelanto de una parte de sus haberes, actuando como un pr\u00e9stamo a corto plazo. Estos anticipos se reintegran posteriormente a trav\u00e9s de la n\u00f3mina en un plazo establecido, ofreciendo una herramienta de apoyo financiero inmediato y sin intereses.<\/p>\r\n\r\n<h3>Criterios y Solicitud de Concesi\u00f3n<\/h3>\r\n<a title=\"Documento RTF\" href=\"https:\/\/www.unileon.es\/modelos\/archivo\/norregint\/normativa_solicitud_anticipos_reintegrables_20231003.rtf\">Anticipos reintegrables de haberes. Criterios y solicitud para la concesi\u00f3n de los anticipos reintegrables de haberes del personal que presta servicios en la misma (Documento RTF)<\/a>\r\n","protected":false},"excerpt":{"rendered":"<p>Este servicio permite al personal de la Universidad solicitar un adelanto de una parte de sus haberes, actuando como un pr\u00e9stamo a corto plazo. Estos anticipos se reintegran posteriormente a trav\u00e9s de la n\u00f3mina en un plazo establecido, ofreciendo una herramienta de apoyo financiero inmediato y sin intereses. Criterios y Solicitud de Concesi\u00f3n Anticipos reintegrables [&hellip;]<\/p>\n","protected":false},"author":1,"featured_media":0,"parent":2056,"menu_order":0,"comment_status":"closed","ping_status":"open","template":"","meta":{"footnotes":""},"class_list":["post-25","page","type-page","status-publish","hentry"],"_links":{"self":[{"href":"https:\/\/servicios.unileon.es\/area-de-inclusion-igualdad-y-accion-social\/wp-json\/wp\/v2\/pages\/25","targetHints":{"allow":["GET"]}}],"collection":[{"href":"https:\/\/servicios.unileon.es\/area-de-inclusion-igualdad-y-accion-social\/wp-json\/wp\/v2\/pages"}],"about":[{"href":"https:\/\/servicios.unileon.es\/area-de-inclusion-igualdad-y-accion-social\/wp-json\/wp\/v2\/types\/page"}],"author":[{"embeddable":true,"href":"https:\/\/servicios.unileon.es\/area-de-inclusion-igualdad-y-accion-social\/wp-json\/wp\/v2\/users\/1"}],"replies":[{"embeddable":true,"href":"https:\/\/servicios.unileon.es\/area-de-inclusion-igualdad-y-accion-social\/wp-json\/wp\/v2\/comments?post=25"}],"version-history":[{"count":7,"href":"https:\/\/servicios.unileon.es\/area-de-inclusion-igualdad-y-accion-social\/wp-json\/wp\/v2\/pages\/25\/revisions"}],"predecessor-version":[{"id":2008,"href":"https:\/\/servicios.unileon.es\/area-de-inclusion-igualdad-y-accion-social\/wp-json\/wp\/v2\/pages\/25\/revisions\/2008"}],"up":[{"embeddable":true,"href":"https:\/\/servicios.unileon.es\/area-de-inclusion-igualdad-y-accion-social\/wp-json\/wp\/v2\/pages\/2056"}],"wp:attachment":[{"href":"https:\/\/servicios.unileon.es\/area-de-inclusion-igualdad-y-accion-social\/wp-json\/wp\/v2\/media?parent=25"}],"curies":[{"name":"wp","href":"https:\/\/api.w.org\/{rel}","templated":true}]}}