{"id":22,"date":"2010-11-30T10:30:06","date_gmt":"2010-11-30T10:30:06","guid":{"rendered":"http:\/\/servicios.unileon.es\/accesibilidad-asuntos-sociales\/"},"modified":"2025-12-04T10:01:14","modified_gmt":"2025-12-04T09:01:14","slug":"fondo-de-ayuda-social","status":"publish","type":"page","link":"https:\/\/servicios.unileon.es\/area-de-inclusion-igualdad-y-accion-social\/accion-social\/fondo-de-ayuda-social\/","title":{"rendered":"Fondo de Ayuda Social"},"content":{"rendered":"El Fondo de Ayuda Social (FAS) ofrece al personal de la Universidad de Le\u00f3n beneficios, complementos y mejoras que trascienden la retribuci\u00f3n ordinaria. Su prop\u00f3sito principal es mejorar las condiciones educativas y sociales de las personas que trabajan en ella, contribuyendo directamente a su bienestar general.\r\n\r\n<!--\r\n\r\n<strong><a href=\"https:\/\/servicios.unileon.es\/area-de-inclusion-igualdad-y-accion-social\/files\/2024\/11\/RESOLUCION_PROVISIONAL_FONDO_AYUDA_SOCIAL_2024.pdf\">RESOLUCI\u00d3N PROVISIONAL - Fondo de Ayuda Social 2024<\/a><\/strong>\r\n\r\n-->\r\n\r\n&nbsp;\r\n<ul style=\"list-style-type: square;\">\r\n \t<li style=\"list-style-type: none;\">\r\n<ul style=\"list-style-type: square;\">\r\n \t<li><a href=\"https:\/\/servicios.unileon.es\/area-de-inclusion-igualdad-y-accion-social\/files\/2025\/09\/CONVOCATORIA_FONDO_AYUDA_SOCIAL_2025_26.pdf\"><strong>CONVOCATORIA &#8211; Fondo de Ayuda Social 2025<\/strong><\/a><\/li>\r\n \t<li><a href=\"https:\/\/servicios.unileon.es\/area-de-inclusion-igualdad-y-accion-social\/files\/2025\/09\/CRITERIOS_FONDO_AYUDA_SOCIAL_2025_26.pdf\"><strong>CRITERIOS &#8211; Fondo de Ayuda Social 2025<\/strong><\/a><\/li>\r\n \t<li><a href=\"http:\/\/servicios.unileon.es\/area-de-inclusion-igualdad-y-accion-social\/files\/2025\/11\/resolucion_provisonal_fas_2025.pdf\"><strong>Resoluci\u00f3n provisional de las ayudas del Fondo Social 2025<\/strong><\/a><\/li>\r\n \t<li><a href=\"http:\/\/servicios.unileon.es\/area-de-inclusion-igualdad-y-accion-social\/files\/2025\/11\/correccion_errores_resolucion_provisonal_fas_2025.pdf\"><strong>Correcci\u00f3n de errores de la Resoluci\u00f3n Provisional de la Ayuda Social<\/strong><\/a><\/li>\r\n \t<li><strong><a href=\"http:\/\/servicios.unileon.es\/area-de-inclusion-igualdad-y-accion-social\/files\/2025\/12\/resolucion-definitiva-ayudas-fondo-social-2025.pdf\">Resoluci\u00f3n definitiva de las ayudas del Fondo Social 2025<\/a><\/strong><\/li>\r\n<\/ul>\r\n<\/li>\r\n<\/ul>\r\n<!--\r\n \t<li><a href=\"https:\/\/servicios.unileon.es\/area-de-inclusion-igualdad-y-accion-social\/files\/2021\/08\/ANEXO-I-AUTORIZACION-AGENCIA-TRIBUTARIA.pdf\">ANEXO I - Autorizaci\u00f3n Agencia Tributaria<\/a><\/li>\r\n \t<li><a href=\"https:\/\/servicios.unileon.es\/area-de-inclusion-igualdad-y-accion-social\/files\/2021\/08\/ANEXO-II-ESTUDIOS-UNIVERSITARIOS-ULE.pdf\">ANEXO II - Datos Matr\u00edcula ULE<\/a><\/li>\r\n-->\r\n\r\n&nbsp;\r\n\r\n<em><strong>INFORMACI\u00d3N Y CONTACTO<\/strong><\/em>\r\n\r\nPor tel\u00e9fono (extensi\u00f3n): <strong>1495, 1891<\/strong>\r\nPor correo electr\u00f3nico: <a title=\"AYUDA SOCIAL\" href=\"mailto:ayudasocial@unileon.es\" target=\"_blank\" rel=\"noopener noreferrer\">ayudasocial@unileon.es<\/a>\r\n\r\n&nbsp;\r\n\r\n<!--\r\n\r\n<em><strong>PLAZO DE PRESENTACI\u00d3N<\/strong>\r\n\r\n&nbsp;&nbsp;&nbsp;&nbsp;&nbsp;&nbsp;&nbsp;&nbsp;Del 1 al 18 de octubre de 2024 (ambos incluidos)<\/em>\r\n\r\n&nbsp;\r\n\r\n<strong><em>PROCEDIMIENTO DE SOLICITUD<\/em><\/strong>\r\n<ol>\r\n \t<li><em>Cumplimentar el formulario electr\u00f3nico.<\/em><\/li>\r\n \t<li><em>Comprobar los datos, imprimir y firmar la instancia que se recibir\u00e1 por correo electr\u00f3nico.<\/em><\/li>\r\n \t<li><em>Adjuntar la documentaci\u00f3n necesaria.<\/em><\/li>\r\n \t<li><em>Entregar por registro.<\/em><\/li>\r\n<\/ol>\r\n&nbsp;\r\n\r\n<p style=\"text-align: center;\"><strong><a href=\"https:\/\/docs.google.com\/forms\/d\/e\/1FAIpQLSdiwDNwDBJHyatyG2SGqTSqMQsIljAUcaOIhsHqwb24R2fm0g\/viewform\">ACCESO AL FORMULARIO FAS 2024 -><\/a><\/strong>\r\n<strong><span style=\"color: #0000ff;\">Solamente se puede acceder desde una cuenta @unileon<\/span><\/strong>\r\n\r\n&nbsp;\r\n\r\n--><\/p>","protected":false},"excerpt":{"rendered":"<p>El Fondo de Ayuda Social (FAS) ofrece al personal de la Universidad de Le\u00f3n beneficios, complementos y mejoras que trascienden la retribuci\u00f3n ordinaria. Su prop\u00f3sito principal es mejorar las condiciones educativas y sociales de las personas que trabajan en ella, contribuyendo directamente a su bienestar general. &nbsp; CONVOCATORIA &#8211; Fondo de Ayuda Social 2025 CRITERIOS [&hellip;]<\/p>\n","protected":false},"author":1,"featured_media":0,"parent":2056,"menu_order":0,"comment_status":"closed","ping_status":"open","template":"","meta":{"footnotes":""},"class_list":["post-22","page","type-page","status-publish","hentry"],"_links":{"self":[{"href":"https:\/\/servicios.unileon.es\/area-de-inclusion-igualdad-y-accion-social\/wp-json\/wp\/v2\/pages\/22","targetHints":{"allow":["GET"]}}],"collection":[{"href":"https:\/\/servicios.unileon.es\/area-de-inclusion-igualdad-y-accion-social\/wp-json\/wp\/v2\/pages"}],"about":[{"href":"https:\/\/servicios.unileon.es\/area-de-inclusion-igualdad-y-accion-social\/wp-json\/wp\/v2\/types\/page"}],"author":[{"embeddable":true,"href":"https:\/\/servicios.unileon.es\/area-de-inclusion-igualdad-y-accion-social\/wp-json\/wp\/v2\/users\/1"}],"replies":[{"embeddable":true,"href":"https:\/\/servicios.unileon.es\/area-de-inclusion-igualdad-y-accion-social\/wp-json\/wp\/v2\/comments?post=22"}],"version-history":[{"count":126,"href":"https:\/\/servicios.unileon.es\/area-de-inclusion-igualdad-y-accion-social\/wp-json\/wp\/v2\/pages\/22\/revisions"}],"predecessor-version":[{"id":2117,"href":"https:\/\/servicios.unileon.es\/area-de-inclusion-igualdad-y-accion-social\/wp-json\/wp\/v2\/pages\/22\/revisions\/2117"}],"up":[{"embeddable":true,"href":"https:\/\/servicios.unileon.es\/area-de-inclusion-igualdad-y-accion-social\/wp-json\/wp\/v2\/pages\/2056"}],"wp:attachment":[{"href":"https:\/\/servicios.unileon.es\/area-de-inclusion-igualdad-y-accion-social\/wp-json\/wp\/v2\/media?parent=22"}],"curies":[{"name":"wp","href":"https:\/\/api.w.org\/{rel}","templated":true}]}}