{"id":2046,"date":"2025-11-12T13:44:50","date_gmt":"2025-11-12T12:44:50","guid":{"rendered":"https:\/\/servicios.unileon.es\/area-de-inclusion-igualdad-y-accion-social\/?page_id=2046"},"modified":"2025-11-26T14:29:04","modified_gmt":"2025-11-26T13:29:04","slug":"dias-internacionales","status":"publish","type":"page","link":"https:\/\/servicios.unileon.es\/area-de-inclusion-igualdad-y-accion-social\/unidad-de-igualdad-y-diversidad\/oficina-de-igualdad\/sensibilizacion-y-formacion\/dias-internacionales\/","title":{"rendered":"D\u00edas Internacionales"},"content":{"rendered":"<div class=\"gmail_default\">\r\n<h3>25 DE NOVIEMBRE: D\u00cdA INTERNACIONAL\u00a0DE\u00a0LA ELIMINACI\u00d3N\u00a0DE\u00a0LA\u00a0VIOLENCIA\u00a0<wbr \/>CONTRA LAS MUJERES.<\/h3>\r\nPorque:\r\n<ul>\r\n \t<li>La violencia contra la mujer es una violaci\u00f3n de los derechos humanos.<\/li>\r\n \t<li>La violencia contra la mujer es consecuencia de la discriminaci\u00f3n que sufre, tanto en leyes como en la pr\u00e1ctica, y la persistencia de desigualdades por raz\u00f3n de g\u00e9nero.<\/li>\r\n \t<li>La violencia contra la mujer afecta e impide el avance en muchas \u00e1reas, incluidas la erradicaci\u00f3n de la pobreza, la educaci\u00f3n, la salud o la paz.<\/li>\r\n \t<li>La violencia contra las mujeres y las ni\u00f1as se puede evitar. La prevenci\u00f3n es posible y esencial.<\/li>\r\n \t<li>La violencia contra la mujer sigue siendo una pandemia global.<\/li>\r\n<\/ul>\r\n<div class=\"gmail_default\">&#8211; <a href=\"http:\/\/servicios.unileon.es\/area-de-inclusion-igualdad-y-accion-social\/files\/2025\/11\/2025.11.25-Manifiesto-CRUE-por-la-Eliminacion-de-la-Violencia-contra-las-Mujeres-2025.pdf\">Manifiesto CRUE 2025 por la Eliminaci\u00f3n de la Violencia contra las Mujeres<\/a><\/div>\r\n<div class=\"gmail_default\">&#8211; <a href=\"http:\/\/servicios.unileon.es\/area-de-inclusion-igualdad-y-accion-social\/files\/2025\/11\/Manifesto-25N-2025-RUIGEU.pdf\">Manifiesto\u00a0 RUIGEU 2025 con motivo del d\u00eda Internacional para la eliminaci\u00f3n de la violencia contra las mujeres<\/a><\/div>\r\n<div class=\"gmail_default\">&#8211; <a href=\"http:\/\/servicios.unileon.es\/area-de-inclusion-igualdad-y-accion-social\/files\/2025\/11\/Actos-25N-Universidad-de-Leon.pdf\">Actos\u00a025N Universidad de Le\u00f3n 2025<\/a><\/div>\r\n<\/div>\r\n<div class=\"gmail_default\">\r\n<div class=\"gmail_default\">\r\n<h3>8 DE MARZO, D\u00cdA INTERNACIONAL DE LA MUJER<\/h3>\r\n<em>8 de marzo<\/em>, un d\u00eda se\u00f1alado en el calendario de las celebraciones internacionales, pero cuyos planteamientos deber\u00edamos tenerlos presentes cada d\u00eda del a\u00f1o. Es el\u00a0 momento de defender las conquistas de las mujeres,\u00a0 mantener la\u00a0 alerta en el respeto y desarrollo de sus derechos y de la igualdad de g\u00e9nero, plantearse nuevos desaf\u00edos y\u00a0 motivar a todas las personas a contribuir al\u00a0 impulso y\u00a0 consecuci\u00f3n de estos retos.\r\n\r\n<\/div>\r\n<\/div>","protected":false},"excerpt":{"rendered":"<p>25 DE NOVIEMBRE: D\u00cdA INTERNACIONAL\u00a0DE\u00a0LA ELIMINACI\u00d3N\u00a0DE\u00a0LA\u00a0VIOLENCIA\u00a0CONTRA LAS MUJERES. Porque: La violencia contra la mujer es una violaci\u00f3n de los derechos humanos. La violencia contra la mujer es consecuencia de la discriminaci\u00f3n que sufre, tanto en leyes como en la pr\u00e1ctica, y la persistencia de desigualdades por raz\u00f3n de g\u00e9nero. La violencia contra la mujer afecta [&hellip;]<\/p>\n","protected":false},"author":378,"featured_media":0,"parent":2017,"menu_order":0,"comment_status":"closed","ping_status":"closed","template":"","meta":{"footnotes":""},"class_list":["post-2046","page","type-page","status-publish","hentry"],"_links":{"self":[{"href":"https:\/\/servicios.unileon.es\/area-de-inclusion-igualdad-y-accion-social\/wp-json\/wp\/v2\/pages\/2046","targetHints":{"allow":["GET"]}}],"collection":[{"href":"https:\/\/servicios.unileon.es\/area-de-inclusion-igualdad-y-accion-social\/wp-json\/wp\/v2\/pages"}],"about":[{"href":"https:\/\/servicios.unileon.es\/area-de-inclusion-igualdad-y-accion-social\/wp-json\/wp\/v2\/types\/page"}],"author":[{"embeddable":true,"href":"https:\/\/servicios.unileon.es\/area-de-inclusion-igualdad-y-accion-social\/wp-json\/wp\/v2\/users\/378"}],"replies":[{"embeddable":true,"href":"https:\/\/servicios.unileon.es\/area-de-inclusion-igualdad-y-accion-social\/wp-json\/wp\/v2\/comments?post=2046"}],"version-history":[{"count":2,"href":"https:\/\/servicios.unileon.es\/area-de-inclusion-igualdad-y-accion-social\/wp-json\/wp\/v2\/pages\/2046\/revisions"}],"predecessor-version":[{"id":2112,"href":"https:\/\/servicios.unileon.es\/area-de-inclusion-igualdad-y-accion-social\/wp-json\/wp\/v2\/pages\/2046\/revisions\/2112"}],"up":[{"embeddable":true,"href":"https:\/\/servicios.unileon.es\/area-de-inclusion-igualdad-y-accion-social\/wp-json\/wp\/v2\/pages\/2017"}],"wp:attachment":[{"href":"https:\/\/servicios.unileon.es\/area-de-inclusion-igualdad-y-accion-social\/wp-json\/wp\/v2\/media?parent=2046"}],"curies":[{"name":"wp","href":"https:\/\/api.w.org\/{rel}","templated":true}]}}