{"id":2021,"date":"2025-11-12T13:36:30","date_gmt":"2025-11-12T12:36:30","guid":{"rendered":"https:\/\/servicios.unileon.es\/area-de-inclusion-igualdad-y-accion-social\/?page_id=2021"},"modified":"2025-11-12T14:06:31","modified_gmt":"2025-11-12T13:06:31","slug":"informacion-y-contacto","status":"publish","type":"page","link":"https:\/\/servicios.unileon.es\/area-de-inclusion-igualdad-y-accion-social\/unidad-de-igualdad-y-diversidad\/oficina-de-igualdad\/informacion-y-contacto\/","title":{"rendered":"Informaci\u00f3n y Contacto"},"content":{"rendered":"<ul>\r\n  <li><strong>Adelina Rodr\u00edguez Pacios<\/strong><\/li>\r\n  <li><strong>Tel\u00e9fono:<\/strong> 987 29 14 95<\/li>\r\n  <li><strong>Correo electr\u00f3nico:<\/strong> <a mailto=\"recaaas@unileon.es\">recaaas@unileon.es<\/a><\/li>\r\n<\/ul>","protected":false},"excerpt":{"rendered":"<p>Adelina Rodr\u00edguez Pacios Tel\u00e9fono: 987 29 14 95 Correo electr\u00f3nico: recaaas@unileon.es<\/p>\n","protected":false},"author":378,"featured_media":0,"parent":2019,"menu_order":0,"comment_status":"closed","ping_status":"closed","template":"","meta":{"footnotes":""},"class_list":["post-2021","page","type-page","status-publish","hentry"],"_links":{"self":[{"href":"https:\/\/servicios.unileon.es\/area-de-inclusion-igualdad-y-accion-social\/wp-json\/wp\/v2\/pages\/2021","targetHints":{"allow":["GET"]}}],"collection":[{"href":"https:\/\/servicios.unileon.es\/area-de-inclusion-igualdad-y-accion-social\/wp-json\/wp\/v2\/pages"}],"about":[{"href":"https:\/\/servicios.unileon.es\/area-de-inclusion-igualdad-y-accion-social\/wp-json\/wp\/v2\/types\/page"}],"author":[{"embeddable":true,"href":"https:\/\/servicios.unileon.es\/area-de-inclusion-igualdad-y-accion-social\/wp-json\/wp\/v2\/users\/378"}],"replies":[{"embeddable":true,"href":"https:\/\/servicios.unileon.es\/area-de-inclusion-igualdad-y-accion-social\/wp-json\/wp\/v2\/comments?post=2021"}],"version-history":[{"count":2,"href":"https:\/\/servicios.unileon.es\/area-de-inclusion-igualdad-y-accion-social\/wp-json\/wp\/v2\/pages\/2021\/revisions"}],"predecessor-version":[{"id":2079,"href":"https:\/\/servicios.unileon.es\/area-de-inclusion-igualdad-y-accion-social\/wp-json\/wp\/v2\/pages\/2021\/revisions\/2079"}],"up":[{"embeddable":true,"href":"https:\/\/servicios.unileon.es\/area-de-inclusion-igualdad-y-accion-social\/wp-json\/wp\/v2\/pages\/2019"}],"wp:attachment":[{"href":"https:\/\/servicios.unileon.es\/area-de-inclusion-igualdad-y-accion-social\/wp-json\/wp\/v2\/media?parent=2021"}],"curies":[{"name":"wp","href":"https:\/\/api.w.org\/{rel}","templated":true}]}}