{"id":2017,"date":"2025-11-12T13:35:10","date_gmt":"2025-11-12T12:35:10","guid":{"rendered":"https:\/\/servicios.unileon.es\/area-de-inclusion-igualdad-y-accion-social\/?page_id=2017"},"modified":"2025-11-26T14:28:51","modified_gmt":"2025-11-26T13:28:51","slug":"sensibilizacion-y-formacion","status":"publish","type":"page","link":"https:\/\/servicios.unileon.es\/area-de-inclusion-igualdad-y-accion-social\/unidad-de-igualdad-y-diversidad\/oficina-de-igualdad\/sensibilizacion-y-formacion\/","title":{"rendered":"Sensibilizaci\u00f3n y Formaci\u00f3n"},"content":{"rendered":"Promovemos una cultura universitaria basada en la igualdad, el respeto y la no discriminaci\u00f3n. A trav\u00e9s de programas de formaci\u00f3n continua y campa\u00f1as de sensibilizaci\u00f3n, dotamos a toda la comunidad de las herramientas necesarias para identificar y eliminar prejuicios, asegurando un entorno inclusivo para todas las personas.\r\n<div class=\"gmail_default\"><\/div>\r\n<div class=\"gmail_default\">\r\n<div class=\"gmail_default\">\r\n\r\n&nbsp;\r\n\r\n<\/div>\r\n<\/div>","protected":false},"excerpt":{"rendered":"<p>Promovemos una cultura universitaria basada en la igualdad, el respeto y la no discriminaci\u00f3n. A trav\u00e9s de programas de formaci\u00f3n continua y campa\u00f1as de sensibilizaci\u00f3n, dotamos a toda la comunidad de las herramientas necesarias para identificar y eliminar prejuicios, asegurando un entorno inclusivo para todas las personas. &nbsp;<\/p>\n","protected":false},"author":378,"featured_media":0,"parent":2019,"menu_order":0,"comment_status":"closed","ping_status":"closed","template":"","meta":{"footnotes":""},"class_list":["post-2017","page","type-page","status-publish","hentry"],"_links":{"self":[{"href":"https:\/\/servicios.unileon.es\/area-de-inclusion-igualdad-y-accion-social\/wp-json\/wp\/v2\/pages\/2017","targetHints":{"allow":["GET"]}}],"collection":[{"href":"https:\/\/servicios.unileon.es\/area-de-inclusion-igualdad-y-accion-social\/wp-json\/wp\/v2\/pages"}],"about":[{"href":"https:\/\/servicios.unileon.es\/area-de-inclusion-igualdad-y-accion-social\/wp-json\/wp\/v2\/types\/page"}],"author":[{"embeddable":true,"href":"https:\/\/servicios.unileon.es\/area-de-inclusion-igualdad-y-accion-social\/wp-json\/wp\/v2\/users\/378"}],"replies":[{"embeddable":true,"href":"https:\/\/servicios.unileon.es\/area-de-inclusion-igualdad-y-accion-social\/wp-json\/wp\/v2\/comments?post=2017"}],"version-history":[{"count":6,"href":"https:\/\/servicios.unileon.es\/area-de-inclusion-igualdad-y-accion-social\/wp-json\/wp\/v2\/pages\/2017\/revisions"}],"predecessor-version":[{"id":2111,"href":"https:\/\/servicios.unileon.es\/area-de-inclusion-igualdad-y-accion-social\/wp-json\/wp\/v2\/pages\/2017\/revisions\/2111"}],"up":[{"embeddable":true,"href":"https:\/\/servicios.unileon.es\/area-de-inclusion-igualdad-y-accion-social\/wp-json\/wp\/v2\/pages\/2019"}],"wp:attachment":[{"href":"https:\/\/servicios.unileon.es\/area-de-inclusion-igualdad-y-accion-social\/wp-json\/wp\/v2\/media?parent=2017"}],"curies":[{"name":"wp","href":"https:\/\/api.w.org\/{rel}","templated":true}]}}