{"id":2015,"date":"2025-11-12T13:34:56","date_gmt":"2025-11-12T12:34:56","guid":{"rendered":"https:\/\/servicios.unileon.es\/area-de-inclusion-igualdad-y-accion-social\/?page_id=2015"},"modified":"2025-11-12T13:58:31","modified_gmt":"2025-11-12T12:58:31","slug":"prevencion-y-atencion","status":"publish","type":"page","link":"https:\/\/servicios.unileon.es\/area-de-inclusion-igualdad-y-accion-social\/unidad-de-igualdad-y-diversidad\/oficina-de-igualdad\/prevencion-y-atencion\/","title":{"rendered":"Prevenci\u00f3n y Atenci\u00f3n"},"content":{"rendered":"<p>La Universidad de Le\u00f3n (ULE) dispone de un Protocolo de Prevenci\u00f3n y actuaci\u00f3n contra el Acoso sexual y\/o por raz\u00f3n de sexo que establece las medidas preventivas y de actuaci\u00f3n ante cualquier forma de acoso sexual, por raz\u00f3n de sexo o discriminatorio. Garantiza un procedimiento de denuncia seguro, gestionado a trav\u00e9s de la Defensor\u00eda, y proh\u00edbe estrictamente cualquier tipo de represalia contra las personas que denuncien.<\/p>\r\n\r\n<br \/>\r\n\r\n<p><a href=\"http:\/\/servicios.unileon.es\/area-de-inclusion-igualdad-y-accion-social\/files\/2025\/11\/protocolo_de_prevencion_y_actuacion_contra_el_acoso_sexual.pdf\" target=\"_blank\">Consulta el Protocolo de Prevenci\u00f3n y actuaci\u00f3n contra el Acoso sexual y\/o por raz\u00f3n de sexo.<\/a><\/p>\r\n","protected":false},"excerpt":{"rendered":"<p>La Universidad de Le\u00f3n (ULE) dispone de un Protocolo de Prevenci\u00f3n y actuaci\u00f3n contra el Acoso sexual y\/o por raz\u00f3n de sexo que establece las medidas preventivas y de actuaci\u00f3n ante cualquier forma de acoso sexual, por raz\u00f3n de sexo o discriminatorio. Garantiza un procedimiento de denuncia seguro, gestionado a trav\u00e9s de la Defensor\u00eda, y [&hellip;]<\/p>\n","protected":false},"author":378,"featured_media":0,"parent":2019,"menu_order":0,"comment_status":"closed","ping_status":"closed","template":"","meta":{"footnotes":""},"class_list":["post-2015","page","type-page","status-publish","hentry"],"_links":{"self":[{"href":"https:\/\/servicios.unileon.es\/area-de-inclusion-igualdad-y-accion-social\/wp-json\/wp\/v2\/pages\/2015","targetHints":{"allow":["GET"]}}],"collection":[{"href":"https:\/\/servicios.unileon.es\/area-de-inclusion-igualdad-y-accion-social\/wp-json\/wp\/v2\/pages"}],"about":[{"href":"https:\/\/servicios.unileon.es\/area-de-inclusion-igualdad-y-accion-social\/wp-json\/wp\/v2\/types\/page"}],"author":[{"embeddable":true,"href":"https:\/\/servicios.unileon.es\/area-de-inclusion-igualdad-y-accion-social\/wp-json\/wp\/v2\/users\/378"}],"replies":[{"embeddable":true,"href":"https:\/\/servicios.unileon.es\/area-de-inclusion-igualdad-y-accion-social\/wp-json\/wp\/v2\/comments?post=2015"}],"version-history":[{"count":3,"href":"https:\/\/servicios.unileon.es\/area-de-inclusion-igualdad-y-accion-social\/wp-json\/wp\/v2\/pages\/2015\/revisions"}],"predecessor-version":[{"id":2068,"href":"https:\/\/servicios.unileon.es\/area-de-inclusion-igualdad-y-accion-social\/wp-json\/wp\/v2\/pages\/2015\/revisions\/2068"}],"up":[{"embeddable":true,"href":"https:\/\/servicios.unileon.es\/area-de-inclusion-igualdad-y-accion-social\/wp-json\/wp\/v2\/pages\/2019"}],"wp:attachment":[{"href":"https:\/\/servicios.unileon.es\/area-de-inclusion-igualdad-y-accion-social\/wp-json\/wp\/v2\/media?parent=2015"}],"curies":[{"name":"wp","href":"https:\/\/api.w.org\/{rel}","templated":true}]}}