{"id":2013,"date":"2025-11-12T13:34:37","date_gmt":"2025-11-12T12:34:37","guid":{"rendered":"https:\/\/servicios.unileon.es\/area-de-inclusion-igualdad-y-accion-social\/?page_id=2013"},"modified":"2025-11-12T13:56:33","modified_gmt":"2025-11-12T12:56:33","slug":"planes-de-igualdad","status":"publish","type":"page","link":"https:\/\/servicios.unileon.es\/area-de-inclusion-igualdad-y-accion-social\/unidad-de-igualdad-y-diversidad\/oficina-de-igualdad\/planes-de-igualdad\/","title":{"rendered":"Planes de Igualdad"},"content":{"rendered":"<p> Los Planes de Igualdad son la herramienta estrat\u00e9gica que gu\u00eda las pol\u00edticas de la Universidad para alcanzar la igualdad efectiva entre mujeres y hombres. Establecen objetivos, acciones concretas y sistemas de seguimiento para eliminar la discriminaci\u00f3n por raz\u00f3n de sexo y promover una cultura universitaria m\u00e1s equitativa e inclusiva.\r\nConsultar planes de Igualdad de la Universidad de Le\u00f3n:<\/p>\r\n\r\n<br \/>\r\n\r\n<ul>\r\n    <li><a href=\"http:\/\/servicios.unileon.es\/area-de-inclusion-igualdad-y-accion-social\/files\/2025\/11\/plan_de_igualdad_ule_2022.pdf\" target=\"_blank\">II Plan de Igualdad de la Universidad de Le\u00f3n 2022<\/a><\/li>\r\n    <li><a href=\"http:\/\/servicios.unileon.es\/area-de-inclusion-igualdad-y-accion-social\/files\/2025\/11\/plan_de_igualdad_ule_2010.pdf\" target=\"_blank\">II Plan de Igualdad de la Universidad de Le\u00f3n 2010<\/a><\/li>\r\n<\/ul>","protected":false},"excerpt":{"rendered":"<p>Los Planes de Igualdad son la herramienta estrat\u00e9gica que gu\u00eda las pol\u00edticas de la Universidad para alcanzar la igualdad efectiva entre mujeres y hombres. Establecen objetivos, acciones concretas y sistemas de seguimiento para eliminar la discriminaci\u00f3n por raz\u00f3n de sexo y promover una cultura universitaria m\u00e1s equitativa e inclusiva. Consultar planes de Igualdad de la [&hellip;]<\/p>\n","protected":false},"author":378,"featured_media":0,"parent":2019,"menu_order":0,"comment_status":"closed","ping_status":"closed","template":"","meta":{"footnotes":""},"class_list":["post-2013","page","type-page","status-publish","hentry"],"_links":{"self":[{"href":"https:\/\/servicios.unileon.es\/area-de-inclusion-igualdad-y-accion-social\/wp-json\/wp\/v2\/pages\/2013","targetHints":{"allow":["GET"]}}],"collection":[{"href":"https:\/\/servicios.unileon.es\/area-de-inclusion-igualdad-y-accion-social\/wp-json\/wp\/v2\/pages"}],"about":[{"href":"https:\/\/servicios.unileon.es\/area-de-inclusion-igualdad-y-accion-social\/wp-json\/wp\/v2\/types\/page"}],"author":[{"embeddable":true,"href":"https:\/\/servicios.unileon.es\/area-de-inclusion-igualdad-y-accion-social\/wp-json\/wp\/v2\/users\/378"}],"replies":[{"embeddable":true,"href":"https:\/\/servicios.unileon.es\/area-de-inclusion-igualdad-y-accion-social\/wp-json\/wp\/v2\/comments?post=2013"}],"version-history":[{"count":3,"href":"https:\/\/servicios.unileon.es\/area-de-inclusion-igualdad-y-accion-social\/wp-json\/wp\/v2\/pages\/2013\/revisions"}],"predecessor-version":[{"id":2065,"href":"https:\/\/servicios.unileon.es\/area-de-inclusion-igualdad-y-accion-social\/wp-json\/wp\/v2\/pages\/2013\/revisions\/2065"}],"up":[{"embeddable":true,"href":"https:\/\/servicios.unileon.es\/area-de-inclusion-igualdad-y-accion-social\/wp-json\/wp\/v2\/pages\/2019"}],"wp:attachment":[{"href":"https:\/\/servicios.unileon.es\/area-de-inclusion-igualdad-y-accion-social\/wp-json\/wp\/v2\/media?parent=2013"}],"curies":[{"name":"wp","href":"https:\/\/api.w.org\/{rel}","templated":true}]}}