{"id":2002,"date":"2025-11-12T12:58:38","date_gmt":"2025-11-12T11:58:38","guid":{"rendered":"https:\/\/servicios.unileon.es\/area-de-inclusion-igualdad-y-accion-social\/?page_id=2002"},"modified":"2025-11-12T13:49:28","modified_gmt":"2025-11-12T12:49:28","slug":"concilia-ule","status":"publish","type":"page","link":"https:\/\/servicios.unileon.es\/area-de-inclusion-igualdad-y-accion-social\/accion-social\/concilia-ule\/","title":{"rendered":"Concilia ULE"},"content":{"rendered":"ConciliaULE es un programa consolidado que facilita la conciliaci\u00f3n de la vida laboral, familiar y personal del personal de la Universidad de Le\u00f3n. Fue dise\u00f1ado para cubrir aquellos d\u00edas que son laborables para la Universidad, pero no lectivos en los centros escolares.\r\n\r\n<br \/><br \/>\r\n\r\nIniciado en 2018, la excelencia del programa fue reconocida con el Premio ALARES 2021 por su destacada labor en el fomento de la conciliaci\u00f3n, la corresponsabilidad y la responsabilidad social.","protected":false},"excerpt":{"rendered":"<p>ConciliaULE es un programa consolidado que facilita la conciliaci\u00f3n de la vida laboral, familiar y personal del personal de la Universidad de Le\u00f3n. Fue dise\u00f1ado para cubrir aquellos d\u00edas que son laborables para la Universidad, pero no lectivos en los centros escolares. Iniciado en 2018, la excelencia del programa fue reconocida con el Premio ALARES [&hellip;]<\/p>\n","protected":false},"author":378,"featured_media":0,"parent":2056,"menu_order":0,"comment_status":"closed","ping_status":"closed","template":"","meta":{"footnotes":""},"class_list":["post-2002","page","type-page","status-publish","hentry"],"_links":{"self":[{"href":"https:\/\/servicios.unileon.es\/area-de-inclusion-igualdad-y-accion-social\/wp-json\/wp\/v2\/pages\/2002","targetHints":{"allow":["GET"]}}],"collection":[{"href":"https:\/\/servicios.unileon.es\/area-de-inclusion-igualdad-y-accion-social\/wp-json\/wp\/v2\/pages"}],"about":[{"href":"https:\/\/servicios.unileon.es\/area-de-inclusion-igualdad-y-accion-social\/wp-json\/wp\/v2\/types\/page"}],"author":[{"embeddable":true,"href":"https:\/\/servicios.unileon.es\/area-de-inclusion-igualdad-y-accion-social\/wp-json\/wp\/v2\/users\/378"}],"replies":[{"embeddable":true,"href":"https:\/\/servicios.unileon.es\/area-de-inclusion-igualdad-y-accion-social\/wp-json\/wp\/v2\/comments?post=2002"}],"version-history":[{"count":4,"href":"https:\/\/servicios.unileon.es\/area-de-inclusion-igualdad-y-accion-social\/wp-json\/wp\/v2\/pages\/2002\/revisions"}],"predecessor-version":[{"id":2006,"href":"https:\/\/servicios.unileon.es\/area-de-inclusion-igualdad-y-accion-social\/wp-json\/wp\/v2\/pages\/2002\/revisions\/2006"}],"up":[{"embeddable":true,"href":"https:\/\/servicios.unileon.es\/area-de-inclusion-igualdad-y-accion-social\/wp-json\/wp\/v2\/pages\/2056"}],"wp:attachment":[{"href":"https:\/\/servicios.unileon.es\/area-de-inclusion-igualdad-y-accion-social\/wp-json\/wp\/v2\/media?parent=2002"}],"curies":[{"name":"wp","href":"https:\/\/api.w.org\/{rel}","templated":true}]}}