{"id":1908,"date":"2023-05-05T12:29:11","date_gmt":"2023-05-05T11:29:11","guid":{"rendered":"https:\/\/servicios.unileon.es\/area-de-inclusion-igualdad-y-accion-social\/?page_id=1908"},"modified":"2023-05-05T12:54:51","modified_gmt":"2023-05-05T11:54:51","slug":"inscripcion-en-el-programa-de-convivencia-en-alojamientos-compartidos","status":"publish","type":"page","link":"https:\/\/servicios.unileon.es\/area-de-inclusion-igualdad-y-accion-social\/programa-de-acercamiento-intergeneracional\/alojamientos-compartidos\/inscripcion-en-el-programa-de-convivencia-en-alojamientos-compartidos\/","title":{"rendered":"Inscripci\u00f3n en el Programa de Convivencia en Alojamientos Compartidos"},"content":{"rendered":"<p>Se abre el plazo de inscripci\u00f3n para aquellas personas mayores y j\u00f3venes universitarios que quieran participar en el Programa de Convivencia en Alojamientos Compartidos para el curso acad\u00e9mico 2023\/24.<\/p>\r\n\r\n<p>Este programa, en funcionamiento desde 1997 fruto de un convenio entre la Gerencia de Servicios Sociales de Castilla y Le\u00f3n, los ayuntamientos de Le\u00f3n y Ponferrada. Las personas mayores perciben una cantidad econ\u00f3mica por los gastos corrientes generados por el estudiante en su domicilio, mientras que los estudiantes recibir\u00e1n un reconocimiento acad\u00e9mico por el apoyo prestado a las personas mayores.<\/p>\r\n\r\n<p>Como novedad para este curso acad\u00e9mico se podr\u00e1 realizar todo el proceso de selecci\u00f3n de manera telem\u00e1tica, evitando tanto a la persona mayor como a estudiantes los desplazamientos.<\/p>\r\n<p>&nbsp;<\/p>\r\n<h3>Formularios de Inscripci\u00f3n<\/h3>\r\n<ul class=\"big\">\r\n    <li><a href=\"https:\/\/forms.gle\/uVD3z1tgnamLNGkF9\"><strong>Formulario para el Estudiante<\/strong><\/a><\/li>\r\n    <li><a href=\"https:\/\/forms.gle\/DtzhA9Sxz8Cu3W5K9\"><strong>Formulario para la Persona Mayor<\/strong><\/a><\/li>\r\n<\/ul>","protected":false},"excerpt":{"rendered":"<p>Se abre el plazo de inscripci\u00f3n para aquellas personas mayores y j\u00f3venes universitarios que quieran participar en el Programa de Convivencia en Alojamientos Compartidos para el curso acad\u00e9mico 2023\/24. Este programa, en funcionamiento desde 1997 fruto de un convenio entre la Gerencia de Servicios Sociales de Castilla y Le\u00f3n, los ayuntamientos de Le\u00f3n y Ponferrada. [&hellip;]<\/p>\n","protected":false},"author":344,"featured_media":0,"parent":32,"menu_order":0,"comment_status":"closed","ping_status":"closed","template":"","meta":{"footnotes":""},"class_list":["post-1908","page","type-page","status-publish","hentry"],"_links":{"self":[{"href":"https:\/\/servicios.unileon.es\/area-de-inclusion-igualdad-y-accion-social\/wp-json\/wp\/v2\/pages\/1908","targetHints":{"allow":["GET"]}}],"collection":[{"href":"https:\/\/servicios.unileon.es\/area-de-inclusion-igualdad-y-accion-social\/wp-json\/wp\/v2\/pages"}],"about":[{"href":"https:\/\/servicios.unileon.es\/area-de-inclusion-igualdad-y-accion-social\/wp-json\/wp\/v2\/types\/page"}],"author":[{"embeddable":true,"href":"https:\/\/servicios.unileon.es\/area-de-inclusion-igualdad-y-accion-social\/wp-json\/wp\/v2\/users\/344"}],"replies":[{"embeddable":true,"href":"https:\/\/servicios.unileon.es\/area-de-inclusion-igualdad-y-accion-social\/wp-json\/wp\/v2\/comments?post=1908"}],"version-history":[{"count":2,"href":"https:\/\/servicios.unileon.es\/area-de-inclusion-igualdad-y-accion-social\/wp-json\/wp\/v2\/pages\/1908\/revisions"}],"predecessor-version":[{"id":1916,"href":"https:\/\/servicios.unileon.es\/area-de-inclusion-igualdad-y-accion-social\/wp-json\/wp\/v2\/pages\/1908\/revisions\/1916"}],"up":[{"embeddable":true,"href":"https:\/\/servicios.unileon.es\/area-de-inclusion-igualdad-y-accion-social\/wp-json\/wp\/v2\/pages\/32"}],"wp:attachment":[{"href":"https:\/\/servicios.unileon.es\/area-de-inclusion-igualdad-y-accion-social\/wp-json\/wp\/v2\/media?parent=1908"}],"curies":[{"name":"wp","href":"https:\/\/api.w.org\/{rel}","templated":true}]}}